{"id":438,"date":"2023-10-15T16:41:50","date_gmt":"2023-10-15T13:41:50","guid":{"rendered":"https:\/\/profsystem.eu\/?post_type=product&#038;p=438"},"modified":"2023-10-15T17:08:36","modified_gmt":"2023-10-15T14:08:36","slug":"kiilto-pro-fix-primer","status":"publish","type":"product","link":"https:\/\/profsystem.eu\/es\/producto\/kiilto-pro-fix-primer\/","title":{"rendered":"Kiilto Pro Fix Primer"},"content":{"rendered":"<div class=\"product-info__title\"><strong>Campo de uso<\/strong><\/div>\n<div class=\"product-info__content\">\n<p>A water-based sand-containing primer. Improves adhesion prior to levelling or tiling. Suitable for dense wall and floor surfaces in indoor and outdoor areas.<br \/>\nSuitable for priming of<br \/>\n&#8211; Non-absorbent substrates, e.g. ceramic tiles, painted or PVC-surfaces and painted or PVC-coated steel sheets (e.g. prefabricated \u2018sheet metal bathrooms\u2019). Prior to priming, remove any wax, grease and dirt from the surface to be tiled using an alkaline cleaner and rinse thoroughly. After the surface has dried, sand it, if necessary, and remove the sanding dust.<br \/>\n&#8211; Dense, firm and free-from-dust concrete and cement-based levelling substrates (prevent capillary moisture absorption to the substrate) Remove cement laitance, dust, loose dirt and grease. If needed, sand the surface.<br \/>\n&#8211; Gypsum board, plywood and chipboard.<\/p>\n<p>La imprimaci\u00f3n tiene buena resistencia a la humedad. Debido a su consistencia viscosa, la imprimaci\u00f3n se mantiene bien en superficies verticales y no salpica mucho. Crea una uni\u00f3n adecuada entre la superficie y el compuesto alisador\/nivelador. La alcalinidad del cemento no afecta el efecto de la imprimaci\u00f3n. No apto para ser utilizado como aditivo para compuestos niveladores.<\/p>\n<p><img loading=\"lazy\" decoding=\"async\" class=\"alignnone size-medium wp-image-439\" src=\"https:\/\/profsystem.eu\/wp-content\/uploads\/2023\/10\/fix-300x82.png\" alt=\"\" width=\"300\" height=\"82\" \/><\/p>\n<p>Leer m\u00e1s: <a href=\"https:\/\/www.kiilto.com\/product\/kiilto-fix-primer\/\" target=\"_blank\" rel=\"noopener\">https:\/\/www.kiilto.com\/product\/kiilto-fix-primer\/<\/a><\/p>\n<\/div>","protected":false},"excerpt":{"rendered":"<div class=\"single-product__text-header\">\n<div class=\"single-product__title-secondary\"><strong>Imprimaci\u00f3n adhesiva<\/strong><\/div>\n<\/div>\n<div class=\"entry__content wysiwyg wysiwyg--no-pad wysiwyg--no-margin\">\n<p class=\"is-first-block\">Imprimaci\u00f3n especial premezclada adecuada especialmente para superficies no absorbentes de paredes y suelos en interiores y exteriores.<\/p>\n<p class=\"h4\"><strong>Beneficios y caracter\u00edsticas<\/strong><\/p>\n<ul>\n<li>water-based<\/li>\n<li>secado r\u00e1pido<\/li>\n<li>basado en agua<\/li>\n<\/ul>\n<\/div>","protected":false},"featured_media":440,"comment_status":"open","ping_status":"closed","template":"","meta":{"_et_pb_use_builder":"","_et_pb_old_content":"","_et_gb_content_width":""},"product_cat":[21],"product_tag":[],"class_list":{"0":"post-438","1":"product","2":"type-product","3":"status-publish","4":"has-post-thumbnail","6":"product_cat-primers","8":"first","9":"instock","10":"shipping-taxable","11":"product-type-simple"},"_links":{"self":[{"href":"https:\/\/profsystem.eu\/es\/wp-json\/wp\/v2\/product\/438","targetHints":{"allow":["GET"]}}],"collection":[{"href":"https:\/\/profsystem.eu\/es\/wp-json\/wp\/v2\/product"}],"about":[{"href":"https:\/\/profsystem.eu\/es\/wp-json\/wp\/v2\/types\/product"}],"replies":[{"embeddable":true,"href":"https:\/\/profsystem.eu\/es\/wp-json\/wp\/v2\/comments?post=438"}],"wp:featuredmedia":[{"embeddable":true,"href":"https:\/\/profsystem.eu\/es\/wp-json\/wp\/v2\/media\/440"}],"wp:attachment":[{"href":"https:\/\/profsystem.eu\/es\/wp-json\/wp\/v2\/media?parent=438"}],"wp:term":[{"taxonomy":"product_cat","embeddable":true,"href":"https:\/\/profsystem.eu\/es\/wp-json\/wp\/v2\/product_cat?post=438"},{"taxonomy":"product_tag","embeddable":true,"href":"https:\/\/profsystem.eu\/es\/wp-json\/wp\/v2\/product_tag?post=438"}],"curies":[{"name":"wp","href":"https:\/\/api.w.org\/{rel}","templated":true}]}}