{"id":441,"date":"2023-10-15T16:46:40","date_gmt":"2023-10-15T13:46:40","guid":{"rendered":"https:\/\/profsystem.eu\/?post_type=product&#038;p=441"},"modified":"2023-10-15T19:49:15","modified_gmt":"2023-10-15T16:49:15","slug":"kiilto-70","status":"publish","type":"product","link":"https:\/\/profsystem.eu\/es\/producto\/kiilto-70\/","title":{"rendered":"Kiilto 70"},"content":{"rendered":"<div id=\"content\" class=\"site-content\" role=\"main\">\n<div id=\"primary\" class=\"primary\">\n<article id=\"post-2941\" class=\"entry wrap post-2941 product type-product status-publish hentry product-cat-construction product-cat-castings-and-fillings product-cat-floor-levelling-screed-and-compounds-accessories\" data-business-units=\"rt\" data-article-type=\"product\">\n<div class=\"single-product__tabs\">\n<div class=\"tabs\">\n<div class=\"tabs__panel\" data-hash-tab=\"product-information\" data-hash-tab-active=\"\">\n<div class=\"single-product__tab-product-info\">\n<div class=\"single-product__tab-product-info-column\">\n<div class=\"product-info\">\n<div class=\"product-info__section\">\n<div class=\"product-info__title\"><strong>Campo de uso<\/strong><\/div>\n<div class=\"product-info__content\">\n<p>Solera cementosa especial de r\u00e1pido fraguado y secado para hormigones, rellenos y taludes en espesores de 5 a 100 mm en zonas interiores. Adecuado para uso interior y exterior. La superficie cuidadosamente flotada es adecuada para impermeabilizaci\u00f3n. Para terminar el piso antes de cubrirlo, recomendamos compuestos niveladores Kiilto, si es necesario. El sustrato de hormig\u00f3n debe cumplir con las normas nacionales. (En Finlandia Sis\u00e4RYL 2013 y BY 45).<\/p>\n<p class=\" translation-block\">1. Suelo adherido\/contrapiso de hormig\u00f3n firme o tablero de construcci\u00f3n: el sustrato debe estar limpio, s\u00f3lido y firme. Retire la lechada de cemento, las salpicaduras de pintura, los residuos de adhesivo y otras impurezas y cepille o aspire bien el suelo.\nLos contrapisos de concreto se tratan previamente con Kiilto Start Primer diluido (10\u201320 % de imprimador\/80\u201390 % de agua) antes de la aplicaci\u00f3n de la solera. Con contrapisos de tableros de construcci\u00f3n, use Kiilto Start Primer sin diluir.\nEn aplicaciones al aire libre y con sustratos no absorbentes, imprima el sustrato con Kiilto Fix Primer o haga un puente de uni\u00f3n con, por ejemplo, adhesivo cementoso Kiilto Saneerauslaasti con una llana dentada. En estructuras apoyadas en el suelo, se debe evitar el ascenso capilar de la humedad.\nEn suelos de hormig\u00f3n adherido recomendamos utilizar la m\u00e1xima cantidad de agua (2,8 L\/20 kg) para conseguir una correcta adherencia entre la capa de solera y el subsuelo.\nLa calefacci\u00f3n por suelo radiante se puede instalar directamente sobre una superficie imprimada (Kiilto Start Primer), de hormig\u00f3n grueso y firme o de placa de yeso. Los tubos\/cables de calefacci\u00f3n se fijan al subsuelo, p. ej. con adhesivo termofusible o con clips de instalaci\u00f3n adecuados. Si se utiliza una estera de calefacci\u00f3n por suelo radiante de fibra de vidrio, por ejemplo en una renovaci\u00f3n, utilice una solera niveladora Kiilto Lattial\u00e4mmitystasoite, m\u00e1s fluida, para calefacci\u00f3n por suelo radiante.<\/p>\n<p class=\" translation-block\">2. Construcci\u00f3n flotante\/contrapiso de hormig\u00f3n d\u00e9bil:\nEl yeso se separa del subsuelo, por ejemplo, con tela de separaci\u00f3n Kiilto Valusuojakangas o papel de construcci\u00f3n. El modelo se separa de las paredes y de las entradas con tablas separadoras\/sellador el\u00e1stico. El espesor del molde ser\u00e1 de al menos 50 mm de construcci\u00f3n reforzada (por ejemplo, # 150 \u00d8 5). En el caso de suelos con calefacci\u00f3n por suelo radiante, los cables\/tubos calefactores se fijan en el refuerzo de hormig\u00f3n.<\/p>\n<p><img loading=\"lazy\" decoding=\"async\" class=\"alignnone size-medium wp-image-427\" src=\"https:\/\/profsystem.eu\/wp-content\/uploads\/2023\/10\/Logod-300x105.png\" alt=\"\" width=\"300\" height=\"105\" \/><\/p>\n<\/div>\n<\/div>\n<\/div>\n<\/div>\n<\/div>\n<\/div>\n<\/div>\n<\/div>\n<\/article>\n<\/div>\n<\/div>\n<footer id=\"colophon\" class=\"site-footer\">\n<div class=\"site-footer__container\">\n<div class=\"site-footer__column widget-area\" role=\"complementary\">\n<div class=\"footer_column_1\">Leer m\u00e1s: <a href=\"https:\/\/www.kiilto.com\/product\/kiilto-70-lattiamassa-5-100-mm\/\" target=\"_blank\" rel=\"noopener\">https:\/\/www.kiilto.com\/product\/kiilto-70-lattiamassa-5-100-mm\/<\/a><\/div>\n<\/div>\n<\/div>\n<\/footer>","protected":false},"excerpt":{"rendered":"<div class=\"single-product__text-header\">\n<div class=\"single-product__title-secondary\"><strong>Solera para fundici\u00f3n<\/strong><\/div>\n<\/div>\n<div class=\"entry__content wysiwyg wysiwyg--no-pad wysiwyg--no-margin\">\n<p class=\"is-first-block\">Solera de alta resistencia para vaciados y rellenos de suelos y construcci\u00f3n de pendientes en zonas interiores y exteriores. F\u00e1cil de frotar. Aprox. Masa lista\/bolsa de 11 litros. Bajo \u00e1lcali. Cementerio.<\/p>\n<p class=\"h4\"><strong>Beneficios y caracter\u00edsticas<\/strong><\/p>\n<ul>\n<li>multiusos, ligero de aplicar<\/li>\n<li>vaciados, rellenos, correcciones, pendientes, suelos radiantes<\/li>\n<li>rendimiento 1,9 kg\/m\u00b2\/mm<\/li>\n<li>transitable: 2 h<\/li>\n<li>Recubrible: 50 mm\/1-3 d, 100 mm\/5 d<\/li>\n<li>\u00e1reas interiores y exteriores<\/li>\n<\/ul>\n<\/div>","protected":false},"featured_media":454,"comment_status":"open","ping_status":"closed","template":"","meta":{"_et_pb_use_builder":"on","_et_pb_old_content":"<div id=\"content\" class=\"site-content\" role=\"main\">\r\n<div id=\"primary\" class=\"primary\"><article id=\"post-2941\" class=\"entry wrap post-2941 product type-product status-publish hentry product-cat-construction product-cat-castings-and-fillings product-cat-floor-levelling-screed-and-compounds-accessories\" data-business-units=\"rt\" data-article-type=\"product\">\r\n<div class=\"single-product__tabs\">\r\n<div class=\"tabs\">\r\n<div class=\"tabs__panel\" data-hash-tab=\"product-information\" data-hash-tab-active=\"\">\r\n<div class=\"single-product__tab-product-info\">\r\n<div class=\"single-product__tab-product-info-column\">\r\n<div class=\"product-info\">\r\n<div class=\"product-info__section\">\r\n<div class=\"product-info__title\"><strong>Application<\/strong><\/div>\r\n<div class=\"product-info__content\">\r\n\r\nSpecial cement-based, fast setting and drying floor screed for castings, fillings and slopes at thicknesses 5-100 mm in interior areas. Suitable for interior and exterior use. Carefully floated surface is suitable for waterproofing. For finishing the floor prior to floor covering we recommend Kiilto levelling compounds, if needed. The concrete substrate must comply with national standards. (In Finland Sis\u00e4RYL 2013 and BY 45).\r\n\r\n1. Bonded floor\/firm concrete subfloor or building board: The substrate must be clean, solid and firm. Remove cement laitance, paint splashes, adhesive residue and other impurities and brush or vacuum the floor thoroughly.\r\nConcrete subfloors are pre-treated with diluted Kiilto Start Primer (10\u201320% primer\/80\u201390% water) prior to application of the floor screed. With building board subfloors, use Kiilto Start Primer undiluted.\r\nIn outdoor applications and with non-absorbent substrates prime the substrate with Kiilto Fix Primer or make a bond bridge with, e.g. Kiilto Saneerauslaasti cementitious adhesive with a notched trowel. In ground supported structures, the capillary rise of moisture must be prevented.\r\nWith a bonded cast floor we recommend using the maximum amount of water (2.8 L\/20 kg) in order to get proper adhesion between the screed layer and the subfloor.\r\nUnderfloor heating can be installed directly on a primed (Kiilto Start Primer), coarse, firm concrete or gypsum board surface. Heating pipes\/cables are fixed on the subfloor with, e.g., hot-melt adhesive or with suitable installation clips. If using a fibreglass underfloor heating mat, e.g., in renovation, use more flowable Kiilto Lattial\u00e4mmitystasoite levelling screed for floor heating.\r\n\r\n2. Floating construction\/weak concrete subfloor:\r\nThe cast is separated from the subfloor, for example, with Kiilto Valusuojakangas separation fabric or construction paper. The cast is detached from walls and inlets with separating boards\/elastic sealant. The thickness of the cast shall be at least 50 mm reinforced construction (e.g., # 150 \u00d8 5). In underfloor heating floors, the heating cables\/pipes are fixed in the concrete reinforcement.\r\n\r\n<img class=\"alignnone size-medium wp-image-427\" src=\"https:\/\/profsystem.eu\/wp-content\/uploads\/2023\/10\/Logod-300x105.png\" alt=\"\" width=\"300\" height=\"105\" \/>\r\n\r\n<\/div>\r\n<\/div>\r\n<\/div>\r\n<\/div>\r\n<\/div>\r\n<\/div>\r\n<\/div>\r\n<\/div>\r\n<\/article><\/div>\r\n<\/div>\r\n<footer id=\"colophon\" class=\"site-footer\">\r\n<div class=\"site-footer__container\">\r\n<div class=\"site-footer__column widget-area\" role=\"complementary\">\r\n<div class=\"footer_column_1\">Read more: <a href=\"https:\/\/www.kiilto.com\/product\/kiilto-70-lattiamassa-5-100-mm\/\">https:\/\/www.kiilto.com\/product\/kiilto-70-lattiamassa-5-100-mm\/<\/a><\/div>\r\n<\/div>\r\n<\/div>\r\n<\/footer>","_et_gb_content_width":""},"product_cat":[24],"product_tag":[],"class_list":{"0":"post-441","1":"product","2":"type-product","3":"status-publish","4":"has-post-thumbnail","6":"product_cat-castings-and-fillings","8":"first","9":"instock","10":"shipping-taxable","11":"product-type-simple"},"_links":{"self":[{"href":"https:\/\/profsystem.eu\/es\/wp-json\/wp\/v2\/product\/441","targetHints":{"allow":["GET"]}}],"collection":[{"href":"https:\/\/profsystem.eu\/es\/wp-json\/wp\/v2\/product"}],"about":[{"href":"https:\/\/profsystem.eu\/es\/wp-json\/wp\/v2\/types\/product"}],"replies":[{"embeddable":true,"href":"https:\/\/profsystem.eu\/es\/wp-json\/wp\/v2\/comments?post=441"}],"wp:featuredmedia":[{"embeddable":true,"href":"https:\/\/profsystem.eu\/es\/wp-json\/wp\/v2\/media\/454"}],"wp:attachment":[{"href":"https:\/\/profsystem.eu\/es\/wp-json\/wp\/v2\/media?parent=441"}],"wp:term":[{"taxonomy":"product_cat","embeddable":true,"href":"https:\/\/profsystem.eu\/es\/wp-json\/wp\/v2\/product_cat?post=441"},{"taxonomy":"product_tag","embeddable":true,"href":"https:\/\/profsystem.eu\/es\/wp-json\/wp\/v2\/product_tag?post=441"}],"curies":[{"name":"wp","href":"https:\/\/api.w.org\/{rel}","templated":true}]}}