{"id":462,"date":"2023-10-15T17:57:27","date_gmt":"2023-10-15T14:57:27","guid":{"rendered":"https:\/\/profsystem.eu\/?post_type=product&#038;p=462"},"modified":"2023-11-13T00:07:12","modified_gmt":"2023-11-12T21:07:12","slug":"kiilto-rajausnauha-tape","status":"publish","type":"product","link":"https:\/\/profsystem.eu\/es\/producto\/kiilto-rajausnauha-tape\/","title":{"rendered":"Kiilto Rajausnauha"},"content":{"rendered":"<div class=\"product-info__title\"><strong>Campo de uso<\/strong><\/div>\n<div class=\"product-info__content\">\n<p class=\" translation-block\">Kiilto Rajausnauha es una cinta de espuma pl\u00e1stica autoadhesiva para separar \u00e1reas durante los trabajos de nivelaci\u00f3n de pisos.\nAyuda a dividir grandes \u00e1reas a nivelar en secciones m\u00e1s peque\u00f1as.\nRetire el polvo suelto del sustrato.<\/p>\n<p>&nbsp;<\/p>\n<p><strong>Instrucciones de uso<\/strong><\/p>\n<\/div>\n<div class=\"product-info__content\">\n<div class=\"product-info__section\">\n<div class=\"product-info__content\">\n<p>Despu\u00e9s de que la imprimaci\u00f3n se haya secado, divida el piso en secciones con la cinta. Una vez que el compuesto nivelador de pisos haya curado, retire la cinta.<\/p>\n<p>&nbsp;<\/p>\n<p>Leer m\u00e1s: <a href=\"https:\/\/www.kiilto.com\/product\/kiilto-rajausnauha-tape\" target=\"_blank\" rel=\"noopener\">https:\/\/www.kiilto.com\/product\/kiilto-rajausnauha-tape<\/a><\/p>\n<\/div>\n<\/div>\n<\/div>","protected":false},"excerpt":{"rendered":"<div class=\"single-product__text-header\">\n<p class=\"single-product__title\"><strong>Kiilto Rajausnauha<\/strong><\/p>\n<div class=\"single-product__title-secondary\">Cinta pl\u00e1stica espumada de polietileno autoadhesiva para separar \u00e1reas durante trabajos de nivelaci\u00f3n de pisos.<\/div>\n<div>Dimensiones de la cinta: 3 cm x 3 cm x 2 m<\/div>\n<div>Material: polietileno espumado<\/div>\n<div>Color: Azul<\/div>\n<\/div>","protected":false},"featured_media":463,"comment_status":"open","ping_status":"closed","template":"","meta":{"_et_pb_use_builder":"","_et_pb_old_content":"","_et_gb_content_width":""},"product_cat":[25],"product_tag":[],"class_list":{"0":"post-462","1":"product","2":"type-product","3":"status-publish","4":"has-post-thumbnail","6":"product_cat-accessories-to-floor-levelling-compounds","8":"first","9":"instock","10":"shipping-taxable","11":"product-type-simple"},"_links":{"self":[{"href":"https:\/\/profsystem.eu\/es\/wp-json\/wp\/v2\/product\/462","targetHints":{"allow":["GET"]}}],"collection":[{"href":"https:\/\/profsystem.eu\/es\/wp-json\/wp\/v2\/product"}],"about":[{"href":"https:\/\/profsystem.eu\/es\/wp-json\/wp\/v2\/types\/product"}],"replies":[{"embeddable":true,"href":"https:\/\/profsystem.eu\/es\/wp-json\/wp\/v2\/comments?post=462"}],"wp:featuredmedia":[{"embeddable":true,"href":"https:\/\/profsystem.eu\/es\/wp-json\/wp\/v2\/media\/463"}],"wp:attachment":[{"href":"https:\/\/profsystem.eu\/es\/wp-json\/wp\/v2\/media?parent=462"}],"wp:term":[{"taxonomy":"product_cat","embeddable":true,"href":"https:\/\/profsystem.eu\/es\/wp-json\/wp\/v2\/product_cat?post=462"},{"taxonomy":"product_tag","embeddable":true,"href":"https:\/\/profsystem.eu\/es\/wp-json\/wp\/v2\/product_tag?post=462"}],"curies":[{"name":"wp","href":"https:\/\/api.w.org\/{rel}","templated":true}]}}