{"id":464,"date":"2023-10-15T18:03:07","date_gmt":"2023-10-15T15:03:07","guid":{"rendered":"https:\/\/profsystem.eu\/?post_type=product&#038;p=464"},"modified":"2023-10-15T18:03:07","modified_gmt":"2023-10-15T15:03:07","slug":"kiilto-tt","status":"publish","type":"product","link":"https:\/\/profsystem.eu\/es\/producto\/kiilto-tt\/","title":{"rendered":"Kiilto TT"},"content":{"rendered":"<div class=\"product-info__title\"><strong>Campo de uso<\/strong><\/div>\n<div class=\"product-info__content\">\n<p>Kiilto TT es un revoque de paredes para uso interior y exterior. Adecuado para nivelar y rellenar superficies de material rocoso. La superficie acabada se puede revestir con baldosas o impermeabilizar con la membrana impermeabilizante Kiilto. Tambi\u00e9n se puede enlucir con otros revoques para paredes Kiilto seg\u00fan la aplicaci\u00f3n.<\/p>\n<div class=\"product-info__title\"><strong>Instrucciones de uso<\/strong><\/div>\n<div class=\"product-info__content\">\n<p>Las superficies a enlucir deben ser s\u00f3lidas, limpias y libres de polvo. Las superficies secas deben humedecerse ligeramente antes de enlucir. No se debe aplicar una nueva capa hasta que la anterior est\u00e9 seca. Si es necesario, la superficie debe lijarse y limpiarse cuidadosamente antes de aplicar una nueva capa de yeso<\/p>\n<p>Esparza el polvo de Kiilto TT lentamente en agua limpia y fr\u00eda (+18\u201320 \u00b0C), revolviendo constantemente hasta que se forme una masa suave y uniforme. Dejar madurar la mezcla durante aprox. 10-15 min y luego volver a mezclar. Aplicar el revoque a mano con llana de acero o pulverizar con pistola para revoques. Adem\u00e1s, la capa proyectada debe nivelarse manualmente con una llana de acero.<\/p>\n<p><img loading=\"lazy\" decoding=\"async\" class=\"alignnone size-medium wp-image-427\" src=\"https:\/\/profsystem.eu\/wp-content\/uploads\/2023\/10\/Logod-300x105.png\" alt=\"\" width=\"300\" height=\"105\" \/><\/p>\n<\/div>\n<p>Leer m\u00e1s: <a href=\"https:\/\/www.kiilto.com\/product\/kiilto-tt-oikaisutasoite-1-5-30-mm\/\" target=\"_blank\" rel=\"noopener\">https:\/\/www.kiilto.com\/product\/kiilto-tt-oikaisutasoite-1-5-30-mm\/<\/a><\/p>\n<\/div>","protected":false},"excerpt":{"rendered":"<div class=\"single-product__text-header\">\n<div class=\"single-product__title-secondary\"><strong>Yeso para pared<\/strong><\/div>\n<\/div>\n<div class=\"entry__content wysiwyg wysiwyg--no-pad wysiwyg--no-margin\">\n<p class=\"is-first-block\">Un yeso para paredes de ladrillo y rellenos en zonas secas y h\u00famedas. Enlucido parcial 1-30 mm, sobre enlucido 1-5 mm. Tambi\u00e9n apto para zonas exteriores, cuando est\u00e9 revestido. Cementerio.<\/p>\n<p class=\"h4\"><strong>Beneficios y caracter\u00edsticas<\/strong><\/p>\n<ul>\n<li>Un yeso para paredes de ladrillo, se puede impermeabilizar<\/li>\n<li>nivelaciones generales<\/li>\n<li>rendimiento 1,4 kg\/m\u00b2\/mm<\/li>\n<li>recubrible: 5 mm\/1 d, 30 mm\/4 d<\/li>\n<li>para zonas interiores; tambi\u00e9n para exteriores, cuando est\u00e1 revestido<\/li>\n<\/ul>\n<\/div>","protected":false},"featured_media":465,"comment_status":"open","ping_status":"closed","template":"","meta":{"_et_pb_use_builder":"","_et_pb_old_content":"","_et_gb_content_width":""},"product_cat":[28],"product_tag":[],"class_list":{"0":"post-464","1":"product","2":"type-product","3":"status-publish","4":"has-post-thumbnail","6":"product_cat-straightening-filling-and-finishing-plaster","8":"first","9":"instock","10":"shipping-taxable","11":"product-type-simple"},"_links":{"self":[{"href":"https:\/\/profsystem.eu\/es\/wp-json\/wp\/v2\/product\/464","targetHints":{"allow":["GET"]}}],"collection":[{"href":"https:\/\/profsystem.eu\/es\/wp-json\/wp\/v2\/product"}],"about":[{"href":"https:\/\/profsystem.eu\/es\/wp-json\/wp\/v2\/types\/product"}],"replies":[{"embeddable":true,"href":"https:\/\/profsystem.eu\/es\/wp-json\/wp\/v2\/comments?post=464"}],"wp:featuredmedia":[{"embeddable":true,"href":"https:\/\/profsystem.eu\/es\/wp-json\/wp\/v2\/media\/465"}],"wp:attachment":[{"href":"https:\/\/profsystem.eu\/es\/wp-json\/wp\/v2\/media?parent=464"}],"wp:term":[{"taxonomy":"product_cat","embeddable":true,"href":"https:\/\/profsystem.eu\/es\/wp-json\/wp\/v2\/product_cat?post=464"},{"taxonomy":"product_tag","embeddable":true,"href":"https:\/\/profsystem.eu\/es\/wp-json\/wp\/v2\/product_tag?post=464"}],"curies":[{"name":"wp","href":"https:\/\/api.w.org\/{rel}","templated":true}]}}