{"id":474,"date":"2023-10-15T18:22:17","date_gmt":"2023-10-15T15:22:17","guid":{"rendered":"https:\/\/profsystem.eu\/?post_type=product&#038;p=474"},"modified":"2023-11-12T23:42:47","modified_gmt":"2023-11-12T20:42:47","slug":"kiilto-pro-j","status":"publish","type":"product","link":"https:\/\/profsystem.eu\/es\/producto\/kiilto-pro-j\/","title":{"rendered":"Kiilto Pro J"},"content":{"rendered":"<div class=\"product-info__title\"><strong>Campo de uso<\/strong><\/div>\n<div class=\"product-info__content\">\n<p>Kiilto J es un yeso para juntas premezclado soluble en agua para fijar cintas de refuerzo a placas de yeso y nivelar paredes y techos interiores en \u00e1reas secas. Adecuado tambi\u00e9n para el acabado del sustrato antes de empapelar o pintar. La superficie terminada se puede nivelar, pintar o empapelar. Recomendamos pintar la superficie antes de empapelar para facilitar su futura eliminaci\u00f3n. Cumple con los requisitos de las normas EN 13963:2005 y EN 15824:2009.<\/p>\n<p>&nbsp;<\/p>\n<p><strong>Instrucciones de uso<\/strong><\/p>\n<div class=\"product-info__content\">\n<p>Las superficies a enlucir deben estar limpias, secas y libres de polvo. No se debe aplicar una nueva capa hasta que la anterior est\u00e9 seca. Si es necesario, la superficie debe lijarse y limpiarse cuidadosamente antes de aplicar una nueva capa de yeso.<\/p>\n<p>Kiilto J es un yeso premezclado. Despu\u00e9s de un almacenamiento prolongado, revuelva antes de usar. El producto se puede diluir con agua, si es necesario. Fijaci\u00f3n de cintas de refuerzo: Aplicar el yeso en la junta y presionar firmemente la cinta en el yeso con una llana de acero estrecha. Despu\u00e9s alise la junta aplicando yeso sobre la cinta de refuerzo con una llana de acero ancha. Despu\u00e9s del secado, la superficie se puede lijar, si es necesario. Si los bordes del tablero no est\u00e1n adelgazados, alise el yeso lo suficiente fuera de la junta para tener un acabado liso. En este caso tambi\u00e9n los bordes de la placa de yeso est\u00e1n ahusado<\/p>\n<p><img loading=\"lazy\" decoding=\"async\" class=\"alignnone size-medium wp-image-475\" src=\"https:\/\/profsystem.eu\/wp-content\/uploads\/2023\/10\/Kiilto-J-Certificates-300x117.png\" alt=\"\" width=\"300\" height=\"117\" \/><\/p>\n<p>Leer m\u00e1s:<a href=\"https:\/\/www.kiilto.com\/product\/kiilto-j-nauhoitustasoite\/\" target=\"_blank\" rel=\"noopener\"> https:\/\/www.kiilto.com\/product\/kiilto-j-nauhoitustasoite\/<\/a><\/p>\n<\/div>\n<\/div>","protected":false},"excerpt":{"rendered":"<div class=\"single-product__text-header\">\n<div class=\"single-product__title-secondary\"><strong>Yeso para juntas<\/strong><\/div>\n<\/div>\n<div class=\"entry__content wysiwyg wysiwyg--no-pad wysiwyg--no-margin\">\n<p class=\"is-first-block\">Un yeso premezclado para fijar y alisar cintas de refuerzo y perfiles de borde a placas de yeso en paredes y techos interiores secos. La cinta se puede fijar a mano o a m\u00e1quina.<\/p>\n<p class=\"h4\"><strong>Beneficios y caracter\u00edsticas<\/strong><\/p>\n<ul>\n<li>Color claro, buena capacidad de llenado<\/li>\n<li>Adecuado tambi\u00e9n para el acabado del sustrato antes de empapelar o pintar<\/li>\n<li>Capacidad de llenado m\u00e1x. 2 mil\u00edmetros<\/li>\n<li>Rendimiento 1 l\/m\u00b2\/mm<\/li>\n<li>Tiempo de secado aprox. 1-2 horas\/mm<\/li>\n<\/ul>\n<\/div>","protected":false},"featured_media":476,"comment_status":"open","ping_status":"closed","template":"","meta":{"_et_pb_use_builder":"","_et_pb_old_content":"","_et_gb_content_width":""},"product_cat":[30],"product_tag":[],"class_list":{"0":"post-474","1":"product","2":"type-product","3":"status-publish","4":"has-post-thumbnail","6":"product_cat-readymix-plasters","8":"first","9":"instock","10":"shipping-taxable","11":"product-type-simple"},"_links":{"self":[{"href":"https:\/\/profsystem.eu\/es\/wp-json\/wp\/v2\/product\/474","targetHints":{"allow":["GET"]}}],"collection":[{"href":"https:\/\/profsystem.eu\/es\/wp-json\/wp\/v2\/product"}],"about":[{"href":"https:\/\/profsystem.eu\/es\/wp-json\/wp\/v2\/types\/product"}],"replies":[{"embeddable":true,"href":"https:\/\/profsystem.eu\/es\/wp-json\/wp\/v2\/comments?post=474"}],"wp:featuredmedia":[{"embeddable":true,"href":"https:\/\/profsystem.eu\/es\/wp-json\/wp\/v2\/media\/476"}],"wp:attachment":[{"href":"https:\/\/profsystem.eu\/es\/wp-json\/wp\/v2\/media?parent=474"}],"wp:term":[{"taxonomy":"product_cat","embeddable":true,"href":"https:\/\/profsystem.eu\/es\/wp-json\/wp\/v2\/product_cat?post=474"},{"taxonomy":"product_tag","embeddable":true,"href":"https:\/\/profsystem.eu\/es\/wp-json\/wp\/v2\/product_tag?post=474"}],"curies":[{"name":"wp","href":"https:\/\/api.w.org\/{rel}","templated":true}]}}