{"id":489,"date":"2023-10-15T18:49:41","date_gmt":"2023-10-15T15:49:41","guid":{"rendered":"https:\/\/profsystem.eu\/?post_type=product&#038;p=489"},"modified":"2023-11-12T23:37:54","modified_gmt":"2023-11-12T20:37:54","slug":"kiilto-pro-lm","status":"publish","type":"product","link":"https:\/\/profsystem.eu\/es\/producto\/kiilto-pro-lm\/","title":{"rendered":"Kiilto Pro LM"},"content":{"rendered":"<div class=\"product-info__title\"><strong>Campo de uso<\/strong><\/div>\n<div class=\"product-info__content\">\n<p>Kiilto LM es un yeso liviano, premezclado y soluble en agua. Adecuado tambi\u00e9n para fijar y alisar cintas de refuerzo sobre placas de yeso. Proporciona una superficie adecuada para pintar y empapelar. Recomendamos pintar la superficie antes de empapelar para facilitar su futura eliminaci\u00f3n. Cumple con los requisitos de las normas EN 13963:2005 y EN 15824:2009.<\/p>\n<p>&nbsp;<\/p>\n<p><strong>Instrucciones de uso<\/strong><\/p>\n<div class=\"product-info__content\">\n<p>Las superficies a enlucir deben estar limpias, secas y libres de polvo. No se debe aplicar una nueva capa hasta que la anterior est\u00e9 seca. Si es necesario, la superficie debe lijarse y limpiarse cuidadosamente antes de aplicar una nueva capa de yeso. Kiilto LM es un yeso liviano premezclado. Despu\u00e9s de un almacenamiento prolongado, revuelva antes de usar. El producto se puede diluir con agua, si es necesario. El yeso se aplica con llana de acero. El yeso tambi\u00e9n se puede aplicar con un rodillo de pelo largo y luego se alisa la superficie con una llana de acero.<\/p>\n<p>Al fijar cintas de refuerzo, aplique el yeso en la junta y presione firmemente la cinta de papel en el yeso. Alisar la junta aplicando una segunda capa de yeso con una llana de acero m\u00e1s ancha. Despu\u00e9s del secado, la superficie se puede lijar f\u00e1cilmente.<\/p>\n<p>Al alisar papel pintado de fibra de vidrio pintado, aplique primero una capa de yeso, luego lije y agregue otra capa fina de yeso. Esto disminuye el riesgo de que se formen poros en la pintura.<\/p>\n<p><img loading=\"lazy\" decoding=\"async\" class=\"alignnone size-medium wp-image-475\" src=\"https:\/\/profsystem.eu\/wp-content\/uploads\/2023\/10\/Kiilto-J-Certificates-300x117.png\" alt=\"\" width=\"300\" height=\"117\" \/><\/p>\n<p>Leer m\u00e1s: <a href=\"https:\/\/www.kiilto.com\/product\/kiilto-lm-kevyttasoite\/\" target=\"_blank\" rel=\"noopener\">https:\/\/www.kiilto.com\/product\/kiilto-lm-kevyttasoite\/<\/a><\/p>\n<\/div>\n<\/div>","protected":false},"excerpt":{"rendered":"<div class=\"single-product__text-header\">\n<div class=\"single-product__title-secondary\"><strong>Yeso ligero<\/strong><\/div>\n<\/div>\n<div class=\"entry__content wysiwyg wysiwyg--no-pad wysiwyg--no-margin\">\n<p class=\"is-first-block\">Un yeso ligero y premezclado para el acabado de paredes y techos en \u00e1reas interiores secas antes de pintar y empapelar. Adecuado tambi\u00e9n para fijar y alisar cintas de refuerzo en placas de yeso.<\/p>\n<p class=\"h4\"><strong>Beneficios y caracter\u00edsticas<\/strong><\/p>\n<ul>\n<li>Muy buena capacidad de llenado m\u00e1x. 4 mm, baja contracci\u00f3n por secado<\/li>\n<li>Gris claro<\/li>\n<li>Aplicaci\u00f3n con llana o rodillo<\/li>\n<li>Tambi\u00e9n apto para sobrenivelar papel pintado de fibra de vidrio<\/li>\n<li>Se puede pintar o empapelar<\/li>\n<li>Adecuado para sobrenivelar productos de sellado Kiilto Airblock en superficies de paredes.<\/li>\n<li>Rendimiento 1 l\/m\u00b2\/mm<\/li>\n<li>Tiempo de secado aprox. 1-2 horas\/mm<\/li>\n<\/ul>\n<\/div>","protected":false},"featured_media":490,"comment_status":"open","ping_status":"closed","template":"","meta":{"_et_pb_use_builder":"","_et_pb_old_content":"","_et_gb_content_width":""},"product_cat":[30],"product_tag":[],"class_list":{"0":"post-489","1":"product","2":"type-product","3":"status-publish","4":"has-post-thumbnail","6":"product_cat-readymix-plasters","8":"first","9":"instock","10":"shipping-taxable","11":"product-type-simple"},"_links":{"self":[{"href":"https:\/\/profsystem.eu\/es\/wp-json\/wp\/v2\/product\/489","targetHints":{"allow":["GET"]}}],"collection":[{"href":"https:\/\/profsystem.eu\/es\/wp-json\/wp\/v2\/product"}],"about":[{"href":"https:\/\/profsystem.eu\/es\/wp-json\/wp\/v2\/types\/product"}],"replies":[{"embeddable":true,"href":"https:\/\/profsystem.eu\/es\/wp-json\/wp\/v2\/comments?post=489"}],"wp:featuredmedia":[{"embeddable":true,"href":"https:\/\/profsystem.eu\/es\/wp-json\/wp\/v2\/media\/490"}],"wp:attachment":[{"href":"https:\/\/profsystem.eu\/es\/wp-json\/wp\/v2\/media?parent=489"}],"wp:term":[{"taxonomy":"product_cat","embeddable":true,"href":"https:\/\/profsystem.eu\/es\/wp-json\/wp\/v2\/product_cat?post=489"},{"taxonomy":"product_tag","embeddable":true,"href":"https:\/\/profsystem.eu\/es\/wp-json\/wp\/v2\/product_tag?post=489"}],"curies":[{"name":"wp","href":"https:\/\/api.w.org\/{rel}","templated":true}]}}