{"id":493,"date":"2023-10-15T18:53:34","date_gmt":"2023-10-15T15:53:34","guid":{"rendered":"https:\/\/profsystem.eu\/?post_type=product&#038;p=493"},"modified":"2023-10-16T16:28:43","modified_gmt":"2023-10-16T13:28:43","slug":"kiilto-pro-lw","status":"publish","type":"product","link":"https:\/\/profsystem.eu\/es\/producto\/kiilto-pro-lw\/","title":{"rendered":"Kiilto Pro LW"},"content":{"rendered":"<div class=\"product-info__title\"><strong>Campo de uso<\/strong><\/div>\n<div class=\"product-info__content\">\n<p>Kiilto LW es un yeso universal premezclado a base de agua. El yeso proporciona una superficie adecuada para impermeabilizar, alicatar o pintar. Cumple con los requisitos de las normas EN 13963:2005 y EN 15824:2009.<\/p>\n<div><\/div>\n<div class=\"product-info__title\"><strong>Instrucciones de uso<\/strong><\/div>\n<div class=\"product-info__content\">\n<p>Las superficies a enlucir deben estar limpias, secas y libres de polvo. No se debe aplicar una nueva capa hasta que la anterior est\u00e9 seca. Si es necesario, la superficie debe lijarse y limpiarse cuidadosamente antes de aplicar una nueva capa de yeso.<\/p>\n<p>Al fijar cintas de refuerzo, aplique el yeso en la junta y presione firmemente la cinta de papel en el yeso. Alisar la junta aplicando una segunda capa de yeso con una llana de acero m\u00e1s ancha. Despu\u00e9s del secado, la superficie se puede lijar f\u00e1cilmente.<\/p>\n<p>Kiilto LW es un yeso premezclado. Despu\u00e9s de un almacenamiento prolongado, revuelva antes de usar. Si es necesario, el yeso se puede diluir con una peque\u00f1a cantidad de agua. El yeso se aplica con llana de acero.<\/p>\n<p><img loading=\"lazy\" decoding=\"async\" class=\"alignnone size-medium wp-image-475\" src=\"https:\/\/profsystem.eu\/wp-content\/uploads\/2023\/10\/Kiilto-J-Certificates-300x117.png\" alt=\"\" width=\"300\" height=\"117\" \/><\/p>\n<p>Leer m\u00e1s:<a href=\"https:\/\/www.kiilto.com\/product\/kiilto-lw-kevyt-markatilatasoite\" target=\"_blank\" rel=\"noopener\"> https:\/\/www.kiilto.com\/product\/kiilto-lw-kevyt-markatilatasoite<\/a><\/p>\n<\/div>\n<\/div>","protected":false},"excerpt":{"rendered":"<div class=\"single-product__text-header\">\n<div class=\"single-product__title-secondary\"><strong>Yeso ligero para zonas h\u00famedas<\/strong><\/div>\n<\/div>\n<div class=\"entry__content wysiwyg wysiwyg--no-pad wysiwyg--no-margin\">\n<p class=\"is-first-block\">Un yeso premezclado resistente a la humedad para alisar paredes y techos en \u00e1reas secas y h\u00famedas. Proporciona una superficie adecuada para impermeabilizar, alicatar y pintar, as\u00ed como para fijar cinta de refuerzo de placas de yeso en zonas h\u00famedas.<\/p>\n<p class=\"h4\"><strong>Beneficios y caracter\u00edsticas<\/strong><\/p>\n<ul>\n<li>Muy buena capacidad de llenado m\u00e1x. 4 mil\u00edmetros<\/li>\n<li>Ligero para lijar<\/li>\n<li>Adecuado para sobrenivelar productos de sellado Kiilto Airblock en superficies de paredes.<\/li>\n<li>Rendimiento 1 l\/m\u00b2\/mm<\/li>\n<li>Tiempo de secado aprox. 1-2 horas\/mm<\/li>\n<\/ul>\n<\/div>","protected":false},"featured_media":494,"comment_status":"open","ping_status":"closed","template":"","meta":{"_et_pb_use_builder":"","_et_pb_old_content":"","_et_gb_content_width":""},"product_cat":[30],"product_tag":[],"class_list":{"0":"post-493","1":"product","2":"type-product","3":"status-publish","4":"has-post-thumbnail","6":"product_cat-readymix-plasters","8":"first","9":"instock","10":"shipping-taxable","11":"product-type-simple"},"_links":{"self":[{"href":"https:\/\/profsystem.eu\/es\/wp-json\/wp\/v2\/product\/493","targetHints":{"allow":["GET"]}}],"collection":[{"href":"https:\/\/profsystem.eu\/es\/wp-json\/wp\/v2\/product"}],"about":[{"href":"https:\/\/profsystem.eu\/es\/wp-json\/wp\/v2\/types\/product"}],"replies":[{"embeddable":true,"href":"https:\/\/profsystem.eu\/es\/wp-json\/wp\/v2\/comments?post=493"}],"wp:featuredmedia":[{"embeddable":true,"href":"https:\/\/profsystem.eu\/es\/wp-json\/wp\/v2\/media\/494"}],"wp:attachment":[{"href":"https:\/\/profsystem.eu\/es\/wp-json\/wp\/v2\/media?parent=493"}],"wp:term":[{"taxonomy":"product_cat","embeddable":true,"href":"https:\/\/profsystem.eu\/es\/wp-json\/wp\/v2\/product_cat?post=493"},{"taxonomy":"product_tag","embeddable":true,"href":"https:\/\/profsystem.eu\/es\/wp-json\/wp\/v2\/product_tag?post=493"}],"curies":[{"name":"wp","href":"https:\/\/api.w.org\/{rel}","templated":true}]}}