{"id":496,"date":"2023-10-15T19:00:40","date_gmt":"2023-10-15T16:00:40","guid":{"rendered":"https:\/\/profsystem.eu\/?post_type=product&#038;p=496"},"modified":"2023-10-15T19:02:46","modified_gmt":"2023-10-15T16:02:46","slug":"kiilto-nurkkavahvike-tape","status":"publish","type":"product","link":"https:\/\/profsystem.eu\/es\/producto\/kiilto-nurkkavahvike-tape\/","title":{"rendered":"Cinta de Kiilto Nurkkavahvike"},"content":{"rendered":"<div class=\"product-info__title\"><strong>Campo de uso<\/strong><\/div>\n<div class=\"product-info__content\">\n<p>Para sellar esquinas, juntas y uniones de materiales. Se utiliza junto con las membranas impermeabilizantes Kiilto.<\/p>\n<div class=\"product-info__title\"><strong>Instrucciones de uso<\/strong><\/div>\n<div class=\"product-info__content\">\n<p>Paredes:<br \/>\nSi es necesario, lije y\/o alise los sustratos irregulares con el compuesto nivelador de paredes cementoso Kiilto. Imprima la superficie de la pared seca antes de impermeabilizar con Kiilto Keraprimer seg\u00fan las instrucciones.<\/p>\n<p>Revuelva siempre la membrana impermeabilizante antes de usarla. Aplique la membrana impermeabilizante Kiilto en paredes en esquinas verticales, cabezas de tornillos, juntas y uniones de tableros de construcci\u00f3n y otros materiales de sustrato. Proceda con cinta Kiilto Nurkkavahvikenauha (ancho en esquinas 10 cm\/20 cm y juntas 10 cm) y presione la cinta sobre la membrana impermeabilizante nueva y aseg\u00farese de que est\u00e9 completamente humedecida<\/p>\n<p>Pisos:<br \/>\nSi es necesario, lije y\/o alise los sustratos irregulares con el compuesto nivelador Kiilto. Imprima la superficie del piso seco antes de impermeabilizar con Kiilto Keraprimer seg\u00fan las instrucciones.<\/p>\n<p>Revuelva siempre la membrana impermeabilizante antes de usarla. Aplique Kiilto Kerafiber en las esquinas horizontales y entradas de tuber\u00edas, y presione la cinta Kiilto Nurkkavahvikenauha sobre la membrana impermeabilizante fresca y aseg\u00farese de que est\u00e9 completamente humedecida.<\/p>\n<\/div>\n<p><img loading=\"lazy\" decoding=\"async\" class=\"alignnone size-full wp-image-497\" src=\"https:\/\/profsystem.eu\/wp-content\/uploads\/2023\/10\/Tape-certificates.png\" alt=\"\" width=\"237\" height=\"107\" srcset=\"https:\/\/profsystem.eu\/wp-content\/uploads\/2023\/10\/Tape-certificates.png 237w, https:\/\/profsystem.eu\/wp-content\/uploads\/2023\/10\/Tape-certificates-150x68.png 150w, https:\/\/profsystem.eu\/wp-content\/uploads\/2023\/10\/Tape-certificates-18x8.png 18w\" sizes=\"auto, (max-width: 237px) 100vw, 237px\" \/><\/p>\n<p>Leer m\u00e1s: <a href=\"https:\/\/www.kiilto.com\/product\/kiilto-nurkkavahvike-tape\" target=\"_blank\" rel=\"noopener\">https:\/\/www.kiilto.com\/product\/kiilto-nurkkavahvike-tape<\/a><\/p>\n<\/div>\n<p>&nbsp;<\/p>","protected":false},"excerpt":{"rendered":"<p>Cinta de fibra para reforzar y sellar esquinas. Se utiliza junto con las membranas impermeabilizantes Kiilto.<\/p>\n<p>&nbsp;<\/p>\n<div class=\"product-info__title\"><strong>Las condiciones de trabajo<\/strong><\/div>\n<div class=\"product-info__content\">\n<p>Tenga en cuenta que las estructuras circundantes pueden requerir una humedad del concreto m\u00e1s baja que la membrana impermeabilizante.<\/p>\n<\/div>","protected":false},"featured_media":498,"comment_status":"open","ping_status":"closed","template":"","meta":{"_et_pb_use_builder":"","_et_pb_old_content":"","_et_gb_content_width":""},"product_cat":[20],"product_tag":[],"class_list":{"0":"post-496","1":"product","2":"type-product","3":"status-publish","4":"has-post-thumbnail","6":"product_cat-waterproofing","8":"first","9":"instock","10":"shipping-taxable","11":"product-type-simple"},"_links":{"self":[{"href":"https:\/\/profsystem.eu\/es\/wp-json\/wp\/v2\/product\/496","targetHints":{"allow":["GET"]}}],"collection":[{"href":"https:\/\/profsystem.eu\/es\/wp-json\/wp\/v2\/product"}],"about":[{"href":"https:\/\/profsystem.eu\/es\/wp-json\/wp\/v2\/types\/product"}],"replies":[{"embeddable":true,"href":"https:\/\/profsystem.eu\/es\/wp-json\/wp\/v2\/comments?post=496"}],"wp:featuredmedia":[{"embeddable":true,"href":"https:\/\/profsystem.eu\/es\/wp-json\/wp\/v2\/media\/498"}],"wp:attachment":[{"href":"https:\/\/profsystem.eu\/es\/wp-json\/wp\/v2\/media?parent=496"}],"wp:term":[{"taxonomy":"product_cat","embeddable":true,"href":"https:\/\/profsystem.eu\/es\/wp-json\/wp\/v2\/product_cat?post=496"},{"taxonomy":"product_tag","embeddable":true,"href":"https:\/\/profsystem.eu\/es\/wp-json\/wp\/v2\/product_tag?post=496"}],"curies":[{"name":"wp","href":"https:\/\/api.w.org\/{rel}","templated":true}]}}