{"id":506,"date":"2023-10-15T19:14:50","date_gmt":"2023-10-15T16:14:50","guid":{"rendered":"https:\/\/profsystem.eu\/?post_type=product&#038;p=506"},"modified":"2023-11-12T23:04:04","modified_gmt":"2023-11-12T20:04:04","slug":"kiilto-lapivientivahvike","status":"publish","type":"product","link":"https:\/\/profsystem.eu\/es\/producto\/kiilto-lapivientivahvike\/","title":{"rendered":"Kiilto L\u00e4pivientivahvike"},"content":{"rendered":"<div class=\"product-info__title\"><strong>Campo de uso<\/strong><\/div>\n<div class=\"product-info__content\">\n<p>L\u00e1mina de refuerzo el\u00e1stica lista para usar para sellar entradas de tuber\u00edas de varios tama\u00f1os como parte del proceso de impermeabilizaci\u00f3n.<\/p>\n<div class=\"product-info__title\"><strong>Instrucciones de uso<\/strong><\/div>\n<div class=\"product-info__content\">\n<p>Elija una l\u00e1mina de refuerzo seg\u00fan el di\u00e1metro de la tuber\u00eda.<\/p>\n<p>Membranas impermeabilizantes para aplicaci\u00f3n con rodillo:\nColoque la l\u00e1mina de refuerzo sobre una capa nueva de membrana impermeabilizante. Aplicar una capa adicional de membrana impermeabilizante sobre la l\u00e1mina para asegurar una correcta humectaci\u00f3n.<br \/>\nPlace the reinforcement sheet onto a fresh layer of waterproofing membrane. Apply an additional layer of the waterproofing membrane on the sheet to ensure proper wetting.<\/p>\n<p class=\" translation-block\">Sistema KeraSafe:\naplique Kiilto KeraSeal alrededor de la entrada de la tuber\u00eda y presione la l\u00e1mina de refuerzo sobre el adhesivo fresco.<\/p>\n<p><img loading=\"lazy\" decoding=\"async\" class=\"alignnone size-full wp-image-497\" src=\"https:\/\/profsystem.eu\/wp-content\/uploads\/2023\/10\/Tape-certificates.png\" alt=\"\" width=\"237\" height=\"107\" srcset=\"https:\/\/profsystem.eu\/wp-content\/uploads\/2023\/10\/Tape-certificates.png 237w, https:\/\/profsystem.eu\/wp-content\/uploads\/2023\/10\/Tape-certificates-150x68.png 150w, https:\/\/profsystem.eu\/wp-content\/uploads\/2023\/10\/Tape-certificates-18x8.png 18w\" sizes=\"auto, (max-width: 237px) 100vw, 237px\" \/><\/p>\n<\/div>\n<p>Leer m\u00e1s: <a href=\"https:\/\/www.kiilto.com\/product\/kiilto-lapivientivahvike\" target=\"_blank\" rel=\"noopener\">https:\/\/www.kiilto.com\/product\/kiilto-lapivientivahvike<\/a><\/p>\n<\/div>","protected":false},"excerpt":{"rendered":"<p>Chapa de refuerzo prefabricada para entradas de tuber\u00edas.<\/p>","protected":false},"featured_media":507,"comment_status":"open","ping_status":"closed","template":"","meta":{"_et_pb_use_builder":"","_et_pb_old_content":"","_et_gb_content_width":""},"product_cat":[20],"product_tag":[],"class_list":{"0":"post-506","1":"product","2":"type-product","3":"status-publish","4":"has-post-thumbnail","6":"product_cat-waterproofing","8":"first","9":"instock","10":"shipping-taxable","11":"product-type-simple"},"_links":{"self":[{"href":"https:\/\/profsystem.eu\/es\/wp-json\/wp\/v2\/product\/506","targetHints":{"allow":["GET"]}}],"collection":[{"href":"https:\/\/profsystem.eu\/es\/wp-json\/wp\/v2\/product"}],"about":[{"href":"https:\/\/profsystem.eu\/es\/wp-json\/wp\/v2\/types\/product"}],"replies":[{"embeddable":true,"href":"https:\/\/profsystem.eu\/es\/wp-json\/wp\/v2\/comments?post=506"}],"wp:featuredmedia":[{"embeddable":true,"href":"https:\/\/profsystem.eu\/es\/wp-json\/wp\/v2\/media\/507"}],"wp:attachment":[{"href":"https:\/\/profsystem.eu\/es\/wp-json\/wp\/v2\/media?parent=506"}],"wp:term":[{"taxonomy":"product_cat","embeddable":true,"href":"https:\/\/profsystem.eu\/es\/wp-json\/wp\/v2\/product_cat?post=506"},{"taxonomy":"product_tag","embeddable":true,"href":"https:\/\/profsystem.eu\/es\/wp-json\/wp\/v2\/product_tag?post=506"}],"curies":[{"name":"wp","href":"https:\/\/api.w.org\/{rel}","templated":true}]}}