{"id":508,"date":"2023-10-15T19:17:32","date_gmt":"2023-10-15T16:17:32","guid":{"rendered":"https:\/\/profsystem.eu\/?post_type=product&#038;p=508"},"modified":"2023-10-15T19:18:32","modified_gmt":"2023-10-15T16:18:32","slug":"kiilto-easy","status":"publish","type":"product","link":"https:\/\/profsystem.eu\/es\/producto\/kiilto-easy\/","title":{"rendered":"Kiilto Easy"},"content":{"rendered":"<div class=\"product-info__title\"><strong>Campo de uso<\/strong><\/div>\n<div class=\"product-info__content\">\n<p>Chapa de refuerzo para sumideros de suelo. Se utiliza con sistemas de impermeabilizaci\u00f3n Kiilto que se pueden cepillar.<\/p>\n<p class=\"product-info__title\"><strong>Instrucciones de uso<\/strong><\/p>\n<div class=\"product-info__content\">\n<p>Instale el refuerzo en el piso seco imprimado y frote con cuidado en su lugar. Corte un agujero en la l\u00e1mina de acuerdo con las instrucciones del fabricante del drenaje del piso y presione el anillo de sujeci\u00f3n en su lugar.<\/p>\n<p>Adherir la l\u00e1mina sobre el sustrato cepillando la membrana impermeabilizante en los lados de la l\u00e1mina, y luego aplicar membrana impermeabilizante por toda la l\u00e1mina hasta el anillo de sujeci\u00f3n.<\/p>\n<p><img loading=\"lazy\" decoding=\"async\" class=\"alignnone size-full wp-image-497\" src=\"https:\/\/profsystem.eu\/wp-content\/uploads\/2023\/10\/Tape-certificates.png\" alt=\"\" width=\"237\" height=\"107\" srcset=\"https:\/\/profsystem.eu\/wp-content\/uploads\/2023\/10\/Tape-certificates.png 237w, https:\/\/profsystem.eu\/wp-content\/uploads\/2023\/10\/Tape-certificates-150x68.png 150w, https:\/\/profsystem.eu\/wp-content\/uploads\/2023\/10\/Tape-certificates-18x8.png 18w\" sizes=\"auto, (max-width: 237px) 100vw, 237px\" \/><\/p>\n<p>Leer m\u00e1s: <a href=\"https:\/\/www.kiilto.com\/product\/kiilto-easy-kaivolaippa\" target=\"_blank\" rel=\"noopener\">https:\/\/www.kiilto.com\/product\/kiilto-easy-kaivolaippa<\/a><\/p>\n<\/div>\n<\/div>","protected":false},"excerpt":{"rendered":"<div class=\"single-product__text-header\">\n<div class=\"single-product__title-secondary\"><strong>Junta de drenaje de piso<\/strong><\/div>\n<\/div>\n<div class=\"entry__content wysiwyg wysiwyg--no-pad wysiwyg--no-margin\">\n<p class=\"is-first-block\">L\u00e1mina de refuerzo de butilo autoadherente para sumideros de suelo. Se utiliza con sistemas de impermeabilizaci\u00f3n Kiilto que se pueden cepillar.<\/p>\n<\/div>","protected":false},"featured_media":509,"comment_status":"open","ping_status":"closed","template":"","meta":{"_et_pb_use_builder":"","_et_pb_old_content":"","_et_gb_content_width":""},"product_cat":[20],"product_tag":[],"class_list":{"0":"post-508","1":"product","2":"type-product","3":"status-publish","4":"has-post-thumbnail","6":"product_cat-waterproofing","8":"first","9":"instock","10":"shipping-taxable","11":"product-type-simple"},"_links":{"self":[{"href":"https:\/\/profsystem.eu\/es\/wp-json\/wp\/v2\/product\/508","targetHints":{"allow":["GET"]}}],"collection":[{"href":"https:\/\/profsystem.eu\/es\/wp-json\/wp\/v2\/product"}],"about":[{"href":"https:\/\/profsystem.eu\/es\/wp-json\/wp\/v2\/types\/product"}],"replies":[{"embeddable":true,"href":"https:\/\/profsystem.eu\/es\/wp-json\/wp\/v2\/comments?post=508"}],"wp:featuredmedia":[{"embeddable":true,"href":"https:\/\/profsystem.eu\/es\/wp-json\/wp\/v2\/media\/509"}],"wp:attachment":[{"href":"https:\/\/profsystem.eu\/es\/wp-json\/wp\/v2\/media?parent=508"}],"wp:term":[{"taxonomy":"product_cat","embeddable":true,"href":"https:\/\/profsystem.eu\/es\/wp-json\/wp\/v2\/product_cat?post=508"},{"taxonomy":"product_tag","embeddable":true,"href":"https:\/\/profsystem.eu\/es\/wp-json\/wp\/v2\/product_tag?post=508"}],"curies":[{"name":"wp","href":"https:\/\/api.w.org\/{rel}","templated":true}]}}