{"id":527,"date":"2023-10-16T10:19:30","date_gmt":"2023-10-16T07:19:30","guid":{"rendered":"https:\/\/profsystem.eu\/?post_type=product&#038;p=527"},"modified":"2023-11-13T01:03:42","modified_gmt":"2023-11-12T22:03:42","slug":"kiilto-pro-tile-grout","status":"publish","type":"product","link":"https:\/\/profsystem.eu\/es\/producto\/kiilto-pro-tile-grout\/","title":{"rendered":"Kiilto Pro Tile Grout"},"content":{"rendered":"<div class=\"product-info__title\"><strong>Campo de uso<\/strong><\/div>\n<div class=\"product-info__content\">\n<p>La lechada Kiilto Pro Tile es una lechada de bajas emisiones con clasificaci\u00f3n M1 para el rejuntado de baldosas, azulejos y clinker, as\u00ed como otros materiales cer\u00e1micos. Ancho de costura 1\u20136 mm. La profundidad de la costura debe ser de al menos 3 mm.<\/p>\n<p class=\"product-info__title\"><strong>Instrucciones de uso<\/strong><\/p>\n<div class=\"product-info__content\">\n<p>El rejuntado se podr\u00e1 iniciar entre 5 horas y 3 d\u00edas despu\u00e9s del alicatado, dependiendo del mortero de colocaci\u00f3n y del soporte.<\/p>\n<p>Al realizar las juntas, la temperatura del soporte, mortero y baldosas debe ser superior a +5 \u00b0C. La calefacci\u00f3n por suelo radiante se debe apagar aproximadamente 1 d\u00eda antes de colocar los azulejos y se puede volver a encender aproximadamente 1 semana despu\u00e9s de colocar los azulejos. Se debe dejar secar la junta durante al menos 1 d\u00eda antes de poner en uso el espacio. El mortero no es adecuado para objetos que est\u00e9n constantemente bajo el agua (por ejemplo, piscinas).<\/p>\n<p>Mezclado: Se mezclan mec\u00e1nicamente 10 kg de lechada Kiilto Pro Tile con 3,0 a 3,2 litros de agua limpia y fr\u00eda y se deja que se disuelva durante 10 a 15 minutos, despu\u00e9s de lo cual se realiza otra mezcla. El mortero mezclado debe utilizarse en un plazo de 2-3 horas.<\/p>\n<p>Juntas: El mortero para juntas se aplica en diagonal sobre las juntas con llana de goma, presionando completamente las juntas. Se dejan secar las juntas hasta que el mortero ya no se adhiera al dedo (normalmente 15-30 min para revestimientos, 30-60 min para pavimentos), tras lo cual se realiza la limpieza con una esponja h\u00fameda. Lavar demasiado pronto o usar mucha agua puede provocar diferencias de color en la costura. El agua de lavado debe cambiarse con suficiente frecuencia para obtener una costura m\u00e1s lisa y reducir la formaci\u00f3n de dep\u00f3sitos de cal. Durante la limpieza, si es necesario, todav\u00eda se puede moldear la costura. Una vez seca la costura, se realiza la limpieza final con un trapo seco o un cepillo. Despu\u00e9s de la limpieza final, la costura se debe regar con agua limpia (por ejemplo, mediante pulverizaci\u00f3n) de 1 a 3 veces durante el primer d\u00eda.<\/p>\n<p>Las juntas de movimiento, los puntos l\u00edmite de piezas de construcci\u00f3n que se mueven de forma separada (p. ej. esquinas y penetraciones), as\u00ed como las juntas entre baldosas y otros materiales de superficie, se sellan con Kiilto Saniteit\u00e4t\u00e4t\u00e4silikon flexible. \u00a1Nota! Es bueno humedecer las baldosas sin esmaltar antes de sellarlas.<\/p>\n<p>En el caso de baldosas porosas, se debe comprobar previamente la capacidad de limpieza de la lechada de la superficie de la baldosa.<\/p>\n<p>Avoid colours that differ greatly from the colour of the tiling. When grouting soap rock or other porous materials, carefully follow the tile manufacturer&#8217;s instructions.<\/p>\n<p>La lechada Kiilto Pro Tile se puede utilizar con juntas poco profundas (mosaico de vidrio o los llamados azulejos de pared con juntas falsas) reforzadas con Kiilto Strong Joint Reinforcement, siempre que el ancho y la profundidad de la junta sean de al menos 1 mm. Se debe elegir un tono claro como tono de costura, ya que las costuras de diferentes profundidades pueden diferir entre s\u00ed con tonos oscuros. No se recomienda el empalme de baldosas con juntas falsas, ya que un mayor consumo puede eliminar el mortero de la junta poco profunda. Puede encontrar instrucciones m\u00e1s detalladas en www.kiilto.com.<\/p>\n<p><img loading=\"lazy\" decoding=\"async\" class=\"alignnone size-medium wp-image-529\" src=\"https:\/\/profsystem.eu\/wp-content\/uploads\/2023\/10\/cert-1-300x115.png\" alt=\"\" width=\"300\" height=\"115\" srcset=\"https:\/\/profsystem.eu\/wp-content\/uploads\/2023\/10\/cert-1-300x115.png 300w, https:\/\/profsystem.eu\/wp-content\/uploads\/2023\/10\/cert-1-150x58.png 150w, https:\/\/profsystem.eu\/wp-content\/uploads\/2023\/10\/cert-1-18x7.png 18w, https:\/\/profsystem.eu\/wp-content\/uploads\/2023\/10\/cert-1.png 383w\" sizes=\"auto, (max-width: 300px) 100vw, 300px\" \/><\/p>\n<p>Leer m\u00e1s: <a href=\"https:\/\/www.kiilto.com\/product\/kiilto-saumalaasti\" target=\"_blank\" rel=\"noopener\">https:\/\/www.kiilto.com\/product\/kiilto-saumalaasti<\/a><\/p>\n<\/div>\n<\/div>","protected":false},"excerpt":{"rendered":"<div class=\"single-product__text-header\">\n<div class=\"single-product__title-secondary\"><strong>Saumarasti<\/strong><\/div>\n<\/div>\n<div class=\"entry__content wysiwyg wysiwyg--no-pad wysiwyg--no-margin\">\n<p class=\"is-first-block\">Lechada universal para el rejuntado de baldosas y azulejos de clinker en paredes y suelos. Clasificaci\u00f3n CG2, amplia gama de colores.<\/p>\n<p class=\"h4\"><strong>Beneficios y caracter\u00edsticas<\/strong><\/p>\n<ul>\n<li>largo tiempo de trabajo, amplia gama de colores.<\/li>\n<li>juntas de baldosas y suelos<\/li>\n<li>suficiencia aproximada de 1 kg\/m\u00b2 dependiendo del tama\u00f1o de la junta y de la baldosa<\/li>\n<li>ancho de costura 1\u20136 mm, 20 tonos de color<\/li>\n<\/ul>\n<\/div>","protected":false},"featured_media":530,"comment_status":"open","ping_status":"closed","template":"","meta":{"_et_pb_use_builder":"","_et_pb_old_content":"","_et_gb_content_width":""},"product_cat":[31],"product_tag":[],"class_list":{"0":"post-527","1":"product","2":"type-product","3":"status-publish","4":"has-post-thumbnail","6":"product_cat-tile-grouts-and-silicones","8":"first","9":"instock","10":"shipping-taxable","11":"product-type-simple"},"_links":{"self":[{"href":"https:\/\/profsystem.eu\/es\/wp-json\/wp\/v2\/product\/527","targetHints":{"allow":["GET"]}}],"collection":[{"href":"https:\/\/profsystem.eu\/es\/wp-json\/wp\/v2\/product"}],"about":[{"href":"https:\/\/profsystem.eu\/es\/wp-json\/wp\/v2\/types\/product"}],"replies":[{"embeddable":true,"href":"https:\/\/profsystem.eu\/es\/wp-json\/wp\/v2\/comments?post=527"}],"wp:featuredmedia":[{"embeddable":true,"href":"https:\/\/profsystem.eu\/es\/wp-json\/wp\/v2\/media\/530"}],"wp:attachment":[{"href":"https:\/\/profsystem.eu\/es\/wp-json\/wp\/v2\/media?parent=527"}],"wp:term":[{"taxonomy":"product_cat","embeddable":true,"href":"https:\/\/profsystem.eu\/es\/wp-json\/wp\/v2\/product_cat?post=527"},{"taxonomy":"product_tag","embeddable":true,"href":"https:\/\/profsystem.eu\/es\/wp-json\/wp\/v2\/product_tag?post=527"}],"curies":[{"name":"wp","href":"https:\/\/api.w.org\/{rel}","templated":true}]}}