{"id":534,"date":"2023-10-16T10:25:13","date_gmt":"2023-10-16T07:25:13","guid":{"rendered":"https:\/\/profsystem.eu\/?post_type=product&#038;p=534"},"modified":"2023-10-16T10:29:52","modified_gmt":"2023-10-16T07:29:52","slug":"kiilto-pro-sanitary-silicone","status":"publish","type":"product","link":"https:\/\/profsystem.eu\/es\/producto\/kiilto-pro-sanitary-silicone\/","title":{"rendered":"Kiilto Pro Sanitary Silicone"},"content":{"rendered":"<div class=\"product-info__title\"><strong>Campo de uso<\/strong><\/div>\n<div class=\"product-info__content\">\n<p>Kiilto Pro Sanitary Silicone La silicona sanitaria es una masa de silicona neutra de un componente. Cumple con los requisitos de la norma de producto EN 15651-3:2012. No apto para acuarios ni piedras naturales, como el m\u00e1rmol. Se recomienda Kiilto Masa para fijar el espejo y el asiento del inodoro. Se puede aplicar silicona gris para fijar baldosas peque\u00f1as individuales cuando se requiere una resistencia al calor ligeramente mayor (+150 \u00b0C).<\/p>\n<p class=\"product-info__title\"><strong>Instrucciones de uso<\/strong><\/p>\n<div class=\"product-info__content\">\n<p>La base de la junta debe estar seca, libre de polvo y grasa. Se puede utilizar un perfil de pl\u00e1stico de celda cerrada como relleno inferior de la costura.<\/p>\n<p>Desenrosque el tap\u00f3n de la boquilla. Corte el cono al final del cartucho. Atornille la punta de extrusi\u00f3n en su lugar y c\u00f3rtela al tama\u00f1o deseado. Exprima la masa en la costura y al\u00edsela inmediatamente con una esp\u00e1tula o la yema del dedo humedecida en agua limpia. Deje la punta de extrusi\u00f3n en su lugar y cierre cuidadosamente el paquete con el tap\u00f3n despu\u00e9s de su uso. La limpieza posterior es m\u00e1s f\u00e1cil si los bordes de la costura se delimitan con, por ejemplo, cinta de pintor. Retire la cinta inmediatamente despu\u00e9s del trabajo.<br \/>\nby using a trowel or fingertip moistened with clean water. Leave the extrusion tip in place and close the cartridge with the cap properly after use. To facilitate cleaning, apply, for example, masking tape on<br \/>\nboth sides of the joint. Remember to remove the tape right after application.<\/p>\n<p>Al renovar las costuras de silicona, primero retire la silicona vieja. Adem\u00e1s, elimina posibles manchas de moho, por ejemplo, utilizando Klorite de Kiilto Home seg\u00fan las instrucciones.<\/p>\n<\/div>\n<p><img loading=\"lazy\" decoding=\"async\" class=\"alignnone wp-image-475 size-medium\" src=\"https:\/\/profsystem.eu\/wp-content\/uploads\/2023\/10\/Kiilto-J-Certificates-e1697441035467-300x82.png\" alt=\"\" width=\"300\" height=\"82\" \/><\/p>\n<p>Leer m\u00e1s: <a href=\"https:\/\/www.kiilto.com\/product\/kiilto-pro-sanitary-silicone\" target=\"_blank\" rel=\"noopener\">https:\/\/www.kiilto.com\/product\/kiilto-pro-sanitary-silicone<\/a><\/p>\n<\/div>","protected":false},"excerpt":{"rendered":"<div class=\"single-product__text-header\">\n<div class=\"single-product__title-secondary\"><strong>Silicona sanitaria<\/strong><\/div>\n<\/div>\n<div class=\"entry__content wysiwyg wysiwyg--no-pad wysiwyg--no-margin\">\n<p class=\"is-first-block\">Masa de silicona neutra, de aroma suave, clasificada para el aire interior, protegida contra el moho y clasificada para el aire M1, para sellar juntas de dilataci\u00f3n, \u00e1ngulos de uni\u00f3n de paredes y suelos, bordes y penetraciones de otros materiales diversos en habitaciones h\u00famedas. Tambi\u00e9n fuera.<\/p>\n<p class=\"h4\"><strong>Beneficios y caracter\u00edsticas<\/strong><\/p>\n<ul>\n<li>resistencia al calor +120 \u00b0C<\/li>\n<li>protegido contra el moho<\/li>\n<li>fragancia suave<\/li>\n<li>no se puede pintar<\/li>\n<li>para espacios interiores y exteriores<\/li>\n<\/ul>\n<\/div>","protected":false},"featured_media":535,"comment_status":"open","ping_status":"closed","template":"","meta":{"_et_pb_use_builder":"","_et_pb_old_content":"","_et_gb_content_width":""},"product_cat":[31],"product_tag":[],"class_list":{"0":"post-534","1":"product","2":"type-product","3":"status-publish","4":"has-post-thumbnail","6":"product_cat-tile-grouts-and-silicones","8":"first","9":"instock","10":"shipping-taxable","11":"product-type-simple"},"_links":{"self":[{"href":"https:\/\/profsystem.eu\/es\/wp-json\/wp\/v2\/product\/534","targetHints":{"allow":["GET"]}}],"collection":[{"href":"https:\/\/profsystem.eu\/es\/wp-json\/wp\/v2\/product"}],"about":[{"href":"https:\/\/profsystem.eu\/es\/wp-json\/wp\/v2\/types\/product"}],"replies":[{"embeddable":true,"href":"https:\/\/profsystem.eu\/es\/wp-json\/wp\/v2\/comments?post=534"}],"wp:featuredmedia":[{"embeddable":true,"href":"https:\/\/profsystem.eu\/es\/wp-json\/wp\/v2\/media\/535"}],"wp:attachment":[{"href":"https:\/\/profsystem.eu\/es\/wp-json\/wp\/v2\/media?parent=534"}],"wp:term":[{"taxonomy":"product_cat","embeddable":true,"href":"https:\/\/profsystem.eu\/es\/wp-json\/wp\/v2\/product_cat?post=534"},{"taxonomy":"product_tag","embeddable":true,"href":"https:\/\/profsystem.eu\/es\/wp-json\/wp\/v2\/product_tag?post=534"}],"curies":[{"name":"wp","href":"https:\/\/api.w.org\/{rel}","templated":true}]}}