{"id":540,"date":"2023-10-16T10:33:12","date_gmt":"2023-10-16T07:33:12","guid":{"rendered":"https:\/\/profsystem.eu\/?post_type=product&#038;p=540"},"modified":"2023-10-16T10:33:12","modified_gmt":"2023-10-16T07:33:12","slug":"kiilto-pro-xpu","status":"publish","type":"product","link":"https:\/\/profsystem.eu\/es\/producto\/kiilto-pro-xpu\/","title":{"rendered":"Kiilto Pro XPU"},"content":{"rendered":"<div class=\"product-info__title\"><strong>Campo de uso<\/strong><\/div>\n<div class=\"product-info__content\">\n<p>Kiilto XPU is a fast bonding, polyurethane-enhanced elastic adhesive sealant based on silyl polymer technology. Suitable for gluing and sealing of various materials (including weld lines) in structural bondings. Typical applications include truck bodies, mobile homes, buses and trains. In building Kiilto XPU is used e.g. for fixing of insulation panels, battens, washbasins and toilet seats. Suitable also to be used in conjunction with Kiilto one-component waterproofing membranes for sealing wall penetrations and for sealing Tulppa-wet room boards and inlets. Good adhesion on various stones, concrete, most metals, wood, glass and glazed surfaces as well as epoxy and polyester surfaces. With plastic and rubber preliminary adhesive tests are recommended prior to actual use. Has M1-emission classification for building products. Excellent adhesion to different materials &#8211; in most cases no need for priming. Elastic, yet mechanically strong bond. Does not contain PVC or solvents. Almost odourless. Good resistance against chemicals (weak solutions). Excellent resistance to weathering and UV-radiation. Almost non-shrinking. Paintable with most paints (test always before use). Sandable.<\/p>\n<p class=\"product-info__title\"><strong>Instrucciones de uso<\/strong><\/p>\n<div class=\"product-info__content\">\n<p>Los materiales utilizados deben estar libres de polvo y secos, y limpios de grasas y aceites. Los mejores resultados de pegado se logran cuando las superficies met\u00e1licas se limpian con Kiilto Cleaner 303 y despu\u00e9s de la limpieza se impriman con Kiiltoflex Metalliprimer. La masa se extiende sobre la superficie a pegar y se alisa con una llana si es necesario. Al pegar superficies grandes y uniformes o en condiciones especialmente secas, recomendamos utilizar un ligero chorro de agua (aprox. 5-10 g\/m\u00b2). Cierre el paquete con cuidado despu\u00e9s de su uso. El producto no endurecido se puede eliminar con Kiilto Cleaner 303 o acetona. Producto curado \u00fanicamente mec\u00e1nicamente. Las condiciones predominantes, como la temperatura, la temperatura del sustrato, la calidad del sustrato, as\u00ed como su humedad y cantidad de masa, influyen fuertemente en la velocidad de desollado y la vulcanizaci\u00f3n. En consecuencia, los valores num\u00e9ricos de nuestras recomendaciones s\u00f3lo pueden utilizarse como punto de partida.<\/p>\n<p><img loading=\"lazy\" decoding=\"async\" class=\"alignnone size-medium wp-image-439\" src=\"https:\/\/profsystem.eu\/wp-content\/uploads\/2023\/10\/fix-300x82.png\" alt=\"\" width=\"300\" height=\"82\" \/><\/p>\n<p>Leer m\u00e1s: <a href=\"https:\/\/www.kiilto.com\/product\/kiilto-xpu-strong-and-flexible-fix\" target=\"_blank\" rel=\"noopener\">https:\/\/www.kiilto.com\/product\/kiilto-xpu-strong-and-flexible-fix<\/a><\/p>\n<\/div>\n<\/div>","protected":false},"excerpt":{"rendered":"<div class=\"single-product__text-header\">\n<div class=\"single-product__title-secondary\"><strong>Compuesto adhesivo, sellador y reforzador<\/strong><\/div>\n<\/div>\n<div class=\"entry__content wysiwyg wysiwyg--no-pad wysiwyg--no-margin\">\n<p class=\"is-first-block\">Adhesivo y sellador de alta elasticidad para espacios interiores y exteriores. Perfecto para cuartos h\u00famedos. Sin disolventes, apto para sellar penetraciones con el impermeabilizante monocomponente de Kiilto Oy. Reforzado con poliuretano.<\/p>\n<p class=\"h4\"><strong>Beneficios y caracter\u00edsticas<\/strong><\/p>\n<ul>\n<li>Costura adhesiva el\u00e1stica y de fraguado r\u00e1pido, excelente adherencia.<\/li>\n<li>Pegado y sellado, tambi\u00e9n apto para casas m\u00f3viles y caravanas<\/li>\n<li>Costura suficiente de 5 x 5 mm, aproximadamente 12 m\/cartucho<\/li>\n<li>Tiempo de secado 3 mm\/d\u00eda, aproximadamente 10 mm\/7 d\u00edas<\/li>\n<li>Espacios interiores y exteriores<\/li>\n<\/ul>\n<\/div>","protected":false},"featured_media":541,"comment_status":"open","ping_status":"closed","template":"","meta":{"_et_pb_use_builder":"","_et_pb_old_content":"","_et_gb_content_width":""},"product_cat":[32],"product_tag":[],"class_list":{"0":"post-540","1":"product","2":"type-product","3":"status-publish","4":"has-post-thumbnail","6":"product_cat-adhesive-sealants","8":"first","9":"instock","10":"shipping-taxable","11":"product-type-simple"},"_links":{"self":[{"href":"https:\/\/profsystem.eu\/es\/wp-json\/wp\/v2\/product\/540","targetHints":{"allow":["GET"]}}],"collection":[{"href":"https:\/\/profsystem.eu\/es\/wp-json\/wp\/v2\/product"}],"about":[{"href":"https:\/\/profsystem.eu\/es\/wp-json\/wp\/v2\/types\/product"}],"replies":[{"embeddable":true,"href":"https:\/\/profsystem.eu\/es\/wp-json\/wp\/v2\/comments?post=540"}],"wp:featuredmedia":[{"embeddable":true,"href":"https:\/\/profsystem.eu\/es\/wp-json\/wp\/v2\/media\/541"}],"wp:attachment":[{"href":"https:\/\/profsystem.eu\/es\/wp-json\/wp\/v2\/media?parent=540"}],"wp:term":[{"taxonomy":"product_cat","embeddable":true,"href":"https:\/\/profsystem.eu\/es\/wp-json\/wp\/v2\/product_cat?post=540"},{"taxonomy":"product_tag","embeddable":true,"href":"https:\/\/profsystem.eu\/es\/wp-json\/wp\/v2\/product_tag?post=540"}],"curies":[{"name":"wp","href":"https:\/\/api.w.org\/{rel}","templated":true}]}}