{"id":542,"date":"2023-10-16T10:36:07","date_gmt":"2023-10-16T07:36:07","guid":{"rendered":"https:\/\/profsystem.eu\/?post_type=product&#038;p=542"},"modified":"2023-10-16T10:37:16","modified_gmt":"2023-10-16T07:37:16","slug":"kiilto-pro-masa","status":"publish","type":"product","link":"https:\/\/profsystem.eu\/es\/producto\/kiilto-pro-masa\/","title":{"rendered":"Kiilto Pro Masa"},"content":{"rendered":"<div class=\"product-info__title\"><strong>Campo de uso<\/strong><\/div>\n<div class=\"product-info__content\">\n<p>El producto se adhiere a diversas superficies de piedra, hormig\u00f3n, la mayor\u00eda de los metales, madera, vidrio y superficies vidriadas, as\u00ed como a superficies de epoxi y poli\u00e9ster. Se debe probar la adherencia de diferentes grados de pl\u00e1stico antes de su uso real. Cumple con la clasificaci\u00f3n de emisiones M1 de materiales de construcci\u00f3n. Sin disolventes, no contiene isocianatos ni ftalatos. Se puede pintar con la mayor\u00eda de pinturas a base de agua (siempre haga una prueba de pintura). Resiste muy bien el estr\u00e9s clim\u00e1tico, buena resistencia a la luz ultravioleta. Buena resistencia qu\u00edmica (soluciones diluidas). Resistente al agua de mar. No apto para acristalamiento.<\/p>\n<p class=\"product-info__title\"><strong>Instrucciones de uso<\/strong><\/p>\n<div class=\"product-info__content\">\n<p>Los materiales utilizados deben estar libres de polvo, secos y exentos de grasas y aceites. Al pegar superficies grandes y uniformes o en condiciones especialmente secas, recomendamos utilizar un ligero chorro de agua (aprox. 5-10 g\/m\u00b2). Recomendamos Kiilto Cleaner 303 para la limpieza de superficies y Kiiltoflex Metalliprimer para el pretratamiento.<\/p>\n<p>Corte el cono al final del cartucho. Atornille la punta de extrusi\u00f3n en su lugar y c\u00f3rtela al tama\u00f1o del ancho de costura deseado. El producto se aplica a mano o con pistola neum\u00e1tica y, si es necesario, se alisa con llana humedecida hasta obtener la forma deseada. Cierre el paquete con cuidado despu\u00e9s de su uso. El producto no curado se puede eliminar con alcoholes minerales o acetona. Producto curado \u00fanicamente mec\u00e1nicamente. Las condiciones predominantes, como la humedad del aire, la temperatura del aire, la calidad del sustrato, as\u00ed como su humedad y masa, tienen una fuerte influencia en la velocidad de desollado y vulcanizaci\u00f3n.<\/p>\n<p><img loading=\"lazy\" decoding=\"async\" class=\"alignnone size-medium wp-image-543\" src=\"https:\/\/profsystem.eu\/wp-content\/uploads\/2023\/10\/Masa-cert-300x102.png\" alt=\"\" width=\"300\" height=\"102\" srcset=\"https:\/\/profsystem.eu\/wp-content\/uploads\/2023\/10\/Masa-cert-300x102.png 300w, https:\/\/profsystem.eu\/wp-content\/uploads\/2023\/10\/Masa-cert-150x51.png 150w, https:\/\/profsystem.eu\/wp-content\/uploads\/2023\/10\/Masa-cert-18x6.png 18w, https:\/\/profsystem.eu\/wp-content\/uploads\/2023\/10\/Masa-cert.png 464w\" sizes=\"auto, (max-width: 300px) 100vw, 300px\" \/><\/p>\n<p>Leer m\u00e1s: <a href=\"https:\/\/www.kiilto.com\/product\/kiilto-masa-fix-and-sealant\" target=\"_blank\" rel=\"noopener\">https:\/\/www.kiilto.com\/product\/kiilto-masa-fix-and-sealant<\/a><\/p>\n<\/div>\n<\/div>","protected":false},"excerpt":{"rendered":"<div class=\"single-product__text-header\">\n<div class=\"single-product__title-secondary\"><strong>Compuesto adhesivo y sellador<\/strong><\/div>\n<\/div>\n<div class=\"entry__content wysiwyg wysiwyg--no-pad wysiwyg--no-margin\">\n<p class=\"is-first-block\">Compuesto adhesivo y sellador multiusos en la construcci\u00f3n y en la industria naval, n\u00e1utica y del transporte. Resistente al estr\u00e9s clim\u00e1tico y a la radiaci\u00f3n UV. Se puede pintar encima. Sin disolventes, tambi\u00e9n juntas de dilataci\u00f3n expuestas a desgaste mec\u00e1nico<\/p>\n<p class=\"h4\"><strong>Beneficios y caracter\u00edsticas<\/strong><\/p>\n<ul>\n<li>Buena adherencia a muchos materiales, buena resistencia a la intemperie y a los rayos UV, varios colores<\/li>\n<li>Registrado por NSF: se puede utilizar en \u00e1reas donde se manipulan alimentos<\/li>\n<li>Pegado y sellado<\/li>\n<li>Costura suficiente de 5 x 5 mm, aproximadamente 12 m\/cartucho<\/li>\n<li>Tiempo de secado 3 mm\/d\u00eda, aproximadamente 10 mm\/7 d\u00edas<\/li>\n<li>Espacios interiores y exteriores<\/li>\n<\/ul>\n<\/div>","protected":false},"featured_media":544,"comment_status":"open","ping_status":"closed","template":"","meta":{"_et_pb_use_builder":"","_et_pb_old_content":"","_et_gb_content_width":""},"product_cat":[32],"product_tag":[],"class_list":{"0":"post-542","1":"product","2":"type-product","3":"status-publish","4":"has-post-thumbnail","6":"product_cat-adhesive-sealants","8":"first","9":"instock","10":"shipping-taxable","11":"product-type-simple"},"_links":{"self":[{"href":"https:\/\/profsystem.eu\/es\/wp-json\/wp\/v2\/product\/542","targetHints":{"allow":["GET"]}}],"collection":[{"href":"https:\/\/profsystem.eu\/es\/wp-json\/wp\/v2\/product"}],"about":[{"href":"https:\/\/profsystem.eu\/es\/wp-json\/wp\/v2\/types\/product"}],"replies":[{"embeddable":true,"href":"https:\/\/profsystem.eu\/es\/wp-json\/wp\/v2\/comments?post=542"}],"wp:featuredmedia":[{"embeddable":true,"href":"https:\/\/profsystem.eu\/es\/wp-json\/wp\/v2\/media\/544"}],"wp:attachment":[{"href":"https:\/\/profsystem.eu\/es\/wp-json\/wp\/v2\/media?parent=542"}],"wp:term":[{"taxonomy":"product_cat","embeddable":true,"href":"https:\/\/profsystem.eu\/es\/wp-json\/wp\/v2\/product_cat?post=542"},{"taxonomy":"product_tag","embeddable":true,"href":"https:\/\/profsystem.eu\/es\/wp-json\/wp\/v2\/product_tag?post=542"}],"curies":[{"name":"wp","href":"https:\/\/api.w.org\/{rel}","templated":true}]}}