{"id":545,"date":"2023-10-16T10:39:23","date_gmt":"2023-10-16T07:39:23","guid":{"rendered":"https:\/\/profsystem.eu\/?post_type=product&#038;p=545"},"modified":"2023-10-16T10:51:13","modified_gmt":"2023-10-16T07:51:13","slug":"kiilto-pro-clear","status":"publish","type":"product","link":"https:\/\/profsystem.eu\/es\/producto\/kiilto-pro-clear\/","title":{"rendered":"Kiilto Pro Clear"},"content":{"rendered":"<div class=\"product-info__title\"><strong>Campo de uso<\/strong><\/div>\n<div class=\"product-info__content\">\n<p>El adhesivo Kiilto Clear de un componente es un adhesivo el\u00e1stico transparente basado en tecnolog\u00eda de pol\u00edmeros de sililo. El producto es apto para fijaci\u00f3n y sellado en exteriores e interiores. Por ejemplo, pegado de estructuras de carrocer\u00eda que requieren un endurecimiento r\u00e1pido (coches, barcos y caravanas), pegado de laminaciones, fijaci\u00f3n de paneles de construcci\u00f3n y juntas de dilataci\u00f3n propensas al desgaste mec\u00e1nico.<\/p>\n<p class=\"product-info__title\"><strong>Instrucciones de uso<\/strong><\/p>\n<div class=\"product-info__content\">\n<p>Los materiales utilizados deben estar libres de polvo, secos y exentos de grasas y aceites. El producto se adhiere a diversas superficies de piedra, hormig\u00f3n, la mayor\u00eda de los metales, madera, vidrio y superficies vidriadas, as\u00ed como a superficies de epoxi y poli\u00e9ster. Se debe probar la adherencia de diferentes grados de pl\u00e1stico antes de su uso real. Corte el cono al final del cartucho. Atornille la punta de extrusi\u00f3n en su lugar y c\u00f3rtela al tama\u00f1o del ancho de costura deseado. El producto se aplica a mano o con pistola neum\u00e1tica y, si es necesario, se alisa con llana humedecida hasta obtener la forma deseada. Al pegar, extender en franjas y, si es necesario, distribuir uniformemente con una esp\u00e1tula. Cierre el paquete con cuidado despu\u00e9s de su uso. El producto no curado se puede eliminar con xileno o acetona. Producto curado \u00fanicamente mec\u00e1nicamente. El producto puede cambiar ligeramente de color en condiciones extremas. No se recomienda su uso como compuesto de acristalamiento (fijaci\u00f3n o sellado de vidrio al marco de una ventana).<\/p>\n<\/div>\n<\/div>\n<div><\/div>\n<div class=\"product-info__content\">Leer m\u00e1s: <a href=\"https:\/\/www.kiilto.com\/product\/kiilto-clear\" target=\"_blank\" rel=\"noopener\">https:\/\/www.kiilto.com\/product\/kiilto-clear<\/a><\/div>","protected":false},"excerpt":{"rendered":"<div class=\"single-product__text-header\">\n<div class=\"single-product__title-secondary\"><strong>Adhesivo transparente y compuesto sellador<\/strong><\/div>\n<\/div>\n<div class=\"entry__content wysiwyg wysiwyg--no-pad wysiwyg--no-margin\">\n<p class=\"is-first-block\">Adhesivo y sellador transparente, el\u00e1stico y de f\u00e1cil aplicaci\u00f3n para espacios interiores y exteriores. Buena infecci\u00f3n inicial. Por ejemplo, arreglar la tapa del inodoro, espejos, instalar ladrillos de vidrio. El producto tambi\u00e9n es adecuado para piedras naturales y juntas de dilataci\u00f3n. 1 componente.<\/p>\n<p class=\"h4\"><strong>Beneficios y caracter\u00edsticas<\/strong><\/p>\n<ul>\n<li>\u00a0Buena adherencia inicial, transparente, el\u00e1stica<\/li>\n<li>\u00a0Pegado y sellado<\/li>\n<li>\u00a0Costura suficiente de 5 x 5 mm, aproximadamente 12 m\/cartucho<\/li>\n<li>\u00a0Tiempo de secado 3 mm\/d\u00eda, aproximadamente 10 mm\/7 d\u00edas<\/li>\n<li>\u00a0Espacios interiores y exteriores<\/li>\n<\/ul>\n<\/div>","protected":false},"featured_media":546,"comment_status":"open","ping_status":"closed","template":"","meta":{"_et_pb_use_builder":"","_et_pb_old_content":"","_et_gb_content_width":""},"product_cat":[32],"product_tag":[],"class_list":{"0":"post-545","1":"product","2":"type-product","3":"status-publish","4":"has-post-thumbnail","6":"product_cat-adhesive-sealants","8":"first","9":"instock","10":"shipping-taxable","11":"product-type-simple"},"_links":{"self":[{"href":"https:\/\/profsystem.eu\/es\/wp-json\/wp\/v2\/product\/545","targetHints":{"allow":["GET"]}}],"collection":[{"href":"https:\/\/profsystem.eu\/es\/wp-json\/wp\/v2\/product"}],"about":[{"href":"https:\/\/profsystem.eu\/es\/wp-json\/wp\/v2\/types\/product"}],"replies":[{"embeddable":true,"href":"https:\/\/profsystem.eu\/es\/wp-json\/wp\/v2\/comments?post=545"}],"wp:featuredmedia":[{"embeddable":true,"href":"https:\/\/profsystem.eu\/es\/wp-json\/wp\/v2\/media\/546"}],"wp:attachment":[{"href":"https:\/\/profsystem.eu\/es\/wp-json\/wp\/v2\/media?parent=545"}],"wp:term":[{"taxonomy":"product_cat","embeddable":true,"href":"https:\/\/profsystem.eu\/es\/wp-json\/wp\/v2\/product_cat?post=545"},{"taxonomy":"product_tag","embeddable":true,"href":"https:\/\/profsystem.eu\/es\/wp-json\/wp\/v2\/product_tag?post=545"}],"curies":[{"name":"wp","href":"https:\/\/api.w.org\/{rel}","templated":true}]}}