{"id":547,"date":"2023-10-16T10:53:38","date_gmt":"2023-10-16T07:53:38","guid":{"rendered":"https:\/\/profsystem.eu\/?post_type=product&#038;p=547"},"modified":"2023-10-31T16:46:20","modified_gmt":"2023-10-31T13:46:20","slug":"kiilto-seal","status":"publish","type":"product","link":"https:\/\/profsystem.eu\/es\/producto\/kiilto-seal\/","title":{"rendered":"Kiilto Seal"},"content":{"rendered":"<div class=\"product-info__title\"><strong>Instrucciones de uso<\/strong><\/div>\n<div class=\"product-info__content\">\n<p>La superficie o costura tratada debe estar seca y limpia. S\u00f3lo apto para superficies inorg\u00e1nicas.<\/p>\n<p>La protecci\u00f3n Kiilto Seal Seam se aplica como una capa fina y uniforme con una esponja, un pa\u00f1o o un trapeador. Las herramientas deben estar secas. La cantidad de aplicaci\u00f3n es proporcional a la absorbencia del material. No se deben formar estanques. El efecto repelente al agua y a la suciedad se produce durante el primer d\u00eda despu\u00e9s del secado de la sustancia. El tono del color de las superficies puede intensificarse durante el tratamiento, por lo que se recomienda tratar el \u00e1rea de prueba. La superficie tratada con la protecci\u00f3n Kiilto Seal Seam no se puede pintar, barnizar ni encerar. Las manchas y otras suciedades de la superficie tratada deben eliminarse lo m\u00e1s frescas posible y, si es necesario, renovar el tratamiento de protecci\u00f3n de costuras.<\/p>\n<\/div>\n<p>&nbsp;<\/p>\n<p>Leer m\u00e1s: <a href=\"https:\/\/www.kiilto.com\/product\/kiilto-seal-saumasuoja\/\" target=\"_blank\" rel=\"noopener\">https:\/\/www.kiilto.com\/product\/kiilto-seal-saumasuoja\/<\/a><\/p>","protected":false},"excerpt":{"rendered":"<div class=\"single-product__text-header\">\n<div class=\"single-product__title-secondary\"><strong>Protecci\u00f3n de costuras<\/strong><\/div>\n<\/div>\n<div class=\"entry__content wysiwyg wysiwyg--no-pad wysiwyg--no-margin\">\n<p class=\"is-first-block\">Un agente protector que hace que las baldosas cer\u00e1micas, la piedra y los agentes para juntas repelan la suciedad y el agua. No forma pel\u00edcula y la superficie tratada seg\u00fan instrucciones no es resbaladiza.<\/p>\n<\/div>","protected":false},"featured_media":548,"comment_status":"open","ping_status":"closed","template":"","meta":{"_et_pb_use_builder":"","_et_pb_old_content":"","_et_gb_content_width":""},"product_cat":[33,34,31],"product_tag":[],"class_list":{"0":"post-547","1":"product","2":"type-product","3":"status-publish","4":"has-post-thumbnail","6":"product_cat-cementitious-adhesive","7":"product_cat-cleaners-and-care-products","8":"product_cat-tile-grouts-and-silicones","10":"first","11":"instock","12":"shipping-taxable","13":"product-type-simple"},"_links":{"self":[{"href":"https:\/\/profsystem.eu\/es\/wp-json\/wp\/v2\/product\/547","targetHints":{"allow":["GET"]}}],"collection":[{"href":"https:\/\/profsystem.eu\/es\/wp-json\/wp\/v2\/product"}],"about":[{"href":"https:\/\/profsystem.eu\/es\/wp-json\/wp\/v2\/types\/product"}],"replies":[{"embeddable":true,"href":"https:\/\/profsystem.eu\/es\/wp-json\/wp\/v2\/comments?post=547"}],"wp:featuredmedia":[{"embeddable":true,"href":"https:\/\/profsystem.eu\/es\/wp-json\/wp\/v2\/media\/548"}],"wp:attachment":[{"href":"https:\/\/profsystem.eu\/es\/wp-json\/wp\/v2\/media?parent=547"}],"wp:term":[{"taxonomy":"product_cat","embeddable":true,"href":"https:\/\/profsystem.eu\/es\/wp-json\/wp\/v2\/product_cat?post=547"},{"taxonomy":"product_tag","embeddable":true,"href":"https:\/\/profsystem.eu\/es\/wp-json\/wp\/v2\/product_tag?post=547"}],"curies":[{"name":"wp","href":"https:\/\/api.w.org\/{rel}","templated":true}]}}