{"id":549,"date":"2023-10-16T10:55:52","date_gmt":"2023-10-16T07:55:52","guid":{"rendered":"https:\/\/profsystem.eu\/?post_type=product&#038;p=549"},"modified":"2023-10-31T16:40:19","modified_gmt":"2023-10-31T13:40:19","slug":"kiilto-clean","status":"publish","type":"product","link":"https:\/\/profsystem.eu\/es\/producto\/kiilto-clean\/","title":{"rendered":"Kiilto Clean"},"content":{"rendered":"<div class=\"product-info__title\"><strong>Campo de uso<\/strong><\/div>\n<div class=\"product-info__content\">\n<p>Kiilto Clean Laattapesu es adecuado para la limpieza por encargo de superficies de baldosas cer\u00e1micas y piedras resistentes a los \u00e1cidos, as\u00ed como para eliminar dep\u00f3sitos de \u00f3xido y cal de superficies de baldosas cer\u00e1micas y porcelana sanitaria. El lavado de azulejos Kiilto Clean es corrosivo. No se puede utilizar sobre m\u00e1rmol o piedra caliza.<\/p>\n<div class=\"product-info__section\">\n<p class=\"product-info__title\"><strong>Instrucciones de uso<\/strong><\/p>\n<div class=\"product-info__content\">\n<p>Moje siempre la superficie a limpiar antes de aplicar la sustancia. En uso normal, Kiilto Clean Lattapesu se diluye con 25-50 ml\/5 l de agua tibia, utilice un recipiente de pl\u00e1stico. Aplicar sobre la superficie a limpiar y dejar actuar de 10 a 20 min, luego aclarar con abundante agua. El uso de un cepillo o una esponja mejora y acelera el efecto de la sustancia. Kiilto Clean Tile Wash se puede utilizar sin diluir para eliminar el \u00f3xido o la cal rebeldes.<\/p>\n<\/div>\n<\/div>\n<div class=\"product-info__section\">\n<p class=\"product-info__title\"><strong>Medio ambiente y seguridad<\/strong><\/p>\n<div class=\"product-info__content\">\n<p>Evite el contacto innecesario de la piel y la exposici\u00f3n con producto fresco, use guantes protectores. Leer la ficha de datos de seguridad del producto. M\u00e1s sobre la eliminaci\u00f3n del producto y embalaje en nuestra web.<\/p>\n<\/div>\n<\/div>\n<\/div>\n<p>Leer m\u00e1s: <a href=\"https:\/\/www.kiilto.com\/product\/kiilto-clean-laattapesu\" target=\"_blank\" rel=\"noopener\">https:\/\/www.kiilto.com\/product\/kiilto-clean-laattapesu<\/a><\/p>","protected":false},"excerpt":{"rendered":"<div class=\"single-product__text-header\">\n<div class=\"single-product__title-secondary\"><strong>Lavado de azulejos<\/strong><\/div>\n<\/div>\n<div class=\"entry__content wysiwyg wysiwyg--no-pad wysiwyg--no-margin\">\n<p class=\"is-first-block\">Detergente \u00e1cido para la limpieza previa de superficies de baldosas cer\u00e1micas y los llamados para eliminar velos de mortero y otros residuos de mortero de la parte superior del acristalamiento.<\/p>\n<\/div>","protected":false},"featured_media":550,"comment_status":"open","ping_status":"closed","template":"","meta":{"_et_pb_use_builder":"","_et_pb_old_content":"","_et_gb_content_width":""},"product_cat":[34,33,31],"product_tag":[],"class_list":{"0":"post-549","1":"product","2":"type-product","3":"status-publish","4":"has-post-thumbnail","6":"product_cat-cleaners-and-care-products","7":"product_cat-cementitious-adhesive","8":"product_cat-tile-grouts-and-silicones","10":"first","11":"instock","12":"shipping-taxable","13":"product-type-simple"},"_links":{"self":[{"href":"https:\/\/profsystem.eu\/es\/wp-json\/wp\/v2\/product\/549","targetHints":{"allow":["GET"]}}],"collection":[{"href":"https:\/\/profsystem.eu\/es\/wp-json\/wp\/v2\/product"}],"about":[{"href":"https:\/\/profsystem.eu\/es\/wp-json\/wp\/v2\/types\/product"}],"replies":[{"embeddable":true,"href":"https:\/\/profsystem.eu\/es\/wp-json\/wp\/v2\/comments?post=549"}],"wp:featuredmedia":[{"embeddable":true,"href":"https:\/\/profsystem.eu\/es\/wp-json\/wp\/v2\/media\/550"}],"wp:attachment":[{"href":"https:\/\/profsystem.eu\/es\/wp-json\/wp\/v2\/media?parent=549"}],"wp:term":[{"taxonomy":"product_cat","embeddable":true,"href":"https:\/\/profsystem.eu\/es\/wp-json\/wp\/v2\/product_cat?post=549"},{"taxonomy":"product_tag","embeddable":true,"href":"https:\/\/profsystem.eu\/es\/wp-json\/wp\/v2\/product_tag?post=549"}],"curies":[{"name":"wp","href":"https:\/\/api.w.org\/{rel}","templated":true}]}}