{"id":551,"date":"2023-10-16T10:59:27","date_gmt":"2023-10-16T07:59:27","guid":{"rendered":"https:\/\/profsystem.eu\/?post_type=product&#038;p=551"},"modified":"2023-10-16T11:03:08","modified_gmt":"2023-10-16T08:03:08","slug":"kiilto-pro-silicone-e","status":"publish","type":"product","link":"https:\/\/profsystem.eu\/es\/producto\/kiilto-pro-silicone-e\/","title":{"rendered":"Kiilto Pro Silicone E"},"content":{"rendered":"<div class=\"product-info__title\"><strong>Campo de uso<\/strong><\/div>\n<div class=\"product-info__content\">\n<p>Kiilto Pro Silicone E es una masa de silicona sanitaria monocomponente. Cumple con los requisitos de la norma de producto EN 15651-3:2012. No apto para acuarios ni piedras naturales, como el m\u00e1rmol. Se recomienda Kiilto Masa para fijar el espejo y el asiento del inodoro.<\/p>\n<p class=\"product-info__title\"><strong>Instrucciones de uso<\/strong><\/p>\n<div class=\"product-info__content\">\n<p>La base de la junta debe estar seca, libre de polvo y grasa. Desenrosque el tap\u00f3n de la boquilla. Corte el cono al final del cartucho. Atornille la punta de extrusi\u00f3n en su lugar y c\u00f3rtela al tama\u00f1o deseado. Exprima la masa en la costura y al\u00edsela inmediatamente con una esp\u00e1tula o la yema del dedo humedecida en agua limpia. Deje la punta de extrusi\u00f3n en su lugar y cierre cuidadosamente el paquete con el tap\u00f3n despu\u00e9s de su uso. La limpieza posterior es m\u00e1s f\u00e1cil si los bordes de la costura se delimitan con, por ejemplo, cinta de pintor. Retire la cinta inmediatamente despu\u00e9s del trabajo.<\/p>\n<p>Al renovar las costuras de silicona, primero retire la silicona vieja. Adem\u00e1s, elimina posibles manchas de moho, por ejemplo, utilizando Klorite de Kiilto Home seg\u00fan las instrucciones.<\/p>\n<p>Leer m\u00e1s: <a href=\"https:\/\/www.kiilto.com\/product\/kiilto-pro-silicone\" target=\"_blank\" rel=\"noopener\">https:\/\/www.kiilto.com\/product\/kiilto-pro-silicone<\/a><\/p>\n<\/div>\n<\/div>","protected":false},"excerpt":{"rendered":"<div class=\"single-product__text-header\">\n<div class=\"single-product__title-secondary\"><strong>Silicona sanitaria<\/strong><\/div>\n<\/div>\n<div class=\"entry__content wysiwyg wysiwyg--no-pad wysiwyg--no-margin\">\n<p class=\"is-first-block\">Masa de silicona a base de \u00e1cido ac\u00e9tico, protegida contra el moho, para sellar juntas de dilataci\u00f3n de baldosas cer\u00e1micas, \u00e1ngulos de encuentro de paredes y suelos y bordes y penetraciones de otros materiales diferentes en espacios h\u00famedos. Tambi\u00e9n fuera.<\/p>\n<p class=\"h4\"><strong>Beneficios y caracter\u00edsticas<\/strong><\/p>\n<ul>\n<li>A base de \u00e1cido ac\u00e9tico, excelente resistencia a los compuestos qu\u00edmicos, resistente al moho<\/li>\n<li>zonas h\u00famedas, costuras el\u00e1sticas, sellados<\/li>\n<li>Costura de 5 x 5 mm aproximadamente 12 m\/cartucho<\/li>\n<li>tiempo de desollado 5-20 min, el modo con costura se puede utilizar despu\u00e9s de un d\u00eda<\/li>\n<li>espacios interiores y exteriores<\/li>\n<\/ul>\n<\/div>","protected":false},"featured_media":552,"comment_status":"open","ping_status":"closed","template":"","meta":{"_et_pb_use_builder":"","_et_pb_old_content":"","_et_gb_content_width":""},"product_cat":[31],"product_tag":[],"class_list":{"0":"post-551","1":"product","2":"type-product","3":"status-publish","4":"has-post-thumbnail","6":"product_cat-tile-grouts-and-silicones","8":"first","9":"instock","10":"shipping-taxable","11":"product-type-simple"},"_links":{"self":[{"href":"https:\/\/profsystem.eu\/es\/wp-json\/wp\/v2\/product\/551","targetHints":{"allow":["GET"]}}],"collection":[{"href":"https:\/\/profsystem.eu\/es\/wp-json\/wp\/v2\/product"}],"about":[{"href":"https:\/\/profsystem.eu\/es\/wp-json\/wp\/v2\/types\/product"}],"replies":[{"embeddable":true,"href":"https:\/\/profsystem.eu\/es\/wp-json\/wp\/v2\/comments?post=551"}],"wp:featuredmedia":[{"embeddable":true,"href":"https:\/\/profsystem.eu\/es\/wp-json\/wp\/v2\/media\/552"}],"wp:attachment":[{"href":"https:\/\/profsystem.eu\/es\/wp-json\/wp\/v2\/media?parent=551"}],"wp:term":[{"taxonomy":"product_cat","embeddable":true,"href":"https:\/\/profsystem.eu\/es\/wp-json\/wp\/v2\/product_cat?post=551"},{"taxonomy":"product_tag","embeddable":true,"href":"https:\/\/profsystem.eu\/es\/wp-json\/wp\/v2\/product_tag?post=551"}],"curies":[{"name":"wp","href":"https:\/\/api.w.org\/{rel}","templated":true}]}}