{"id":563,"date":"2023-10-16T15:50:42","date_gmt":"2023-10-16T12:50:42","guid":{"rendered":"https:\/\/profsystem.eu\/?post_type=product&#038;p=563"},"modified":"2023-11-12T18:39:38","modified_gmt":"2023-11-12T15:39:38","slug":"kestonit-optio","status":"publish","type":"product","link":"https:\/\/profsystem.eu\/es\/producto\/kestonit-optio\/","title":{"rendered":"Kestonit Optio"},"content":{"rendered":"<div><strong>AREA DE APLICACI\u00d3N <\/strong><\/div>\n<div>Adecuado para nivelar superficies de suelo con revestimientos de 3 a 20 mm de espesor antes de colocar el revestimiento del suelo. Para nivelaciones superiores a 20 mm recomendamos la solera niveladora Kestonit Termo o Kestonit Rapid. Kestonit Optio no se recomienda para alisar el subsuelo de parquet mosaico.<\/div>\n<div><\/div>\n<div><\/div>\n<div><strong>SUBSUELO <\/strong><\/div>\n<div><\/div>\n<div>El subsuelo debe estar limpio, firme y resistente. Retire la llamada piel de cemento y las salpicaduras de pintura y cepille o aspire bien el subsuelo. Las \u00e1reas irregulares y las crestas altas deben lijarse antes de nivelar. Cuando trabaje con pisos de concreto, imprima la superficie con Kiilto Start Primer diluido con agua (10-20 % de imprimaci\u00f3n, 80-90 % de agua). Las superficies en reconstrucci\u00f3n, as\u00ed como las superficies de madera o tableros, se deben imprimar con Kiilto Start Primer antes de nivelar. Si es necesario, se puede utilizar una malla especial de fibra de vidrio resistente a los \u00e1lcalis.<\/div>\n<div><\/div>\n<div><\/div>\n<div class=\"product-info__title\"><strong>INSTRUCCIONES DE USO <\/strong><\/div>\n<div><\/div>\n<div class=\"product-info__title\">Agregue el polvo para pisos gradualmente al agua limpia y fr\u00eda, revolviendo simult\u00e1neamente hasta que se forme una mezcla pl\u00e1stica suave. Deje que la mezcla se asiente durante unos 5 minutos y luego revuelva bien una vez m\u00e1s. Aplique solera uniforme verti\u00e9ndola en franjas anchas sobre el piso. La nivelaci\u00f3n se puede mejorar con una llana de acero ancha. El pavimento tambi\u00e9n se puede esparcir mediante una bomba de pavimento. No se debe acelerar el secado del revestimiento calent\u00e1ndolo o ventil\u00e1ndolo, ya que un secado demasiado r\u00e1pido puede provocar grietas en el cabello. Si la temperatura en la habitaci\u00f3n tratada es m\u00e1s alta de lo normal, la humedad relativa es muy baja o si la superficie del piso nivelado est\u00e1 expuesta a la luz solar directa, recomendamos cubrir el piso con una lona tan pronto como est\u00e9 lo suficientemente seco como para permitir caminar. . El suelo se debe recubrir relativamente pronto despu\u00e9s del endurecimiento y secado de la nivelaci\u00f3n del suelo. De este modo se evita el secado excesivo de la superficie y se elimina el riesgo de grietas y una uni\u00f3n d\u00e9bil. Adecuado tambi\u00e9n para suelos de habitaciones secundarias con cargas ligeras que se pintar\u00e1n, pero no, por ejemplo, debajo de la pintura de los suelos de garajes o ba\u00f1os, etc. Para las habitaciones donde se utiliza aislamiento de agua, se deben aplicar nivelaciones de suelo debajo de la membrana estanca. . No recomendado para \u00e1reas permanentemente bajo el agua (por ejemplo, piscinas).<br \/>\netc. For the rooms, where water isolation is used, floor levellings should be applied under the watertight membrane. Not recommended for areas permanently under water (e.g. swimming pools).<\/div>\n<div class=\"product-info__content\">\n<p>\u00a0<img loading=\"lazy\" decoding=\"async\" class=\"alignnone size-medium wp-image-564\" src=\"https:\/\/profsystem.eu\/wp-content\/uploads\/2023\/10\/kestonit-cert-300x107.png\" alt=\"\" width=\"300\" height=\"107\" \/><\/p>\n<p>Leer m\u00e1s: <a href=\"https:\/\/profsystem.eu\/wp-content\/uploads\/2023\/10\/983.Kestonit-Optio_exp_eng.pdf\">Kestonit Optio<\/a><\/p>\n<\/div>","protected":false},"excerpt":{"rendered":"<div class=\"single-product__text-header\">\n<div class=\"single-product__title-secondary\"><strong>Solera autonivelante 3-20 mm<\/strong><\/div>\n<\/div>\n<div class=\"entry__content wysiwyg wysiwyg--no-pad wysiwyg--no-margin\">\n<p class=\"is-first-block\">Compuesto nivelador de suelos universal autonivelante. Tambi\u00e9n apto para nivelar suelos a recubrir con pintura. Adecuado para aplicaciones de bomba. Con baja alcalinidad. A base de cemento.<\/p>\n<p class=\"h4\"><strong>Beneficios y caracter\u00edsticas<\/strong><\/p>\n<ul>\n<li class=\"h4\">\u00a0se puede nivelar para formar una superficie de adhesi\u00f3n lista<\/li>\n<li class=\"h4\">transitable despu\u00e9s de 5 horas<\/li>\n<li class=\"h4 translation-block\">En capas de hasta 10 mm, el pavimento se puede colocar despu\u00e9s de 24 horas. En capas\nde hasta 20 mm, el suelo se puede colocar despu\u00e9s de 3 d\u00edas a temperatura ambiente normal.<\/li>\n<li class=\"h4 translation-block\">Se adhiere a hormig\u00f3n, madera y diversas placas de construcci\u00f3n (tenga en cuenta la imprimaci\u00f3n correcta)<\/li>\n<li class=\"h4\">propiedades autonivelantes extremadamente buenas<\/li>\n<li class=\"h4\">pr\u00e1cticamente no encoge<\/li>\n<li class=\"h4\">resistente a la humedad<\/li>\n<li class=\"h4\">\u00a0temperatura de aplicaci\u00f3n m\u00e1s baja +10\u00b0C<\/li>\n<li class=\"h4\">sin case\u00edna<\/li>\n<li class=\"h4\">\u00a0bombeable<\/li>\n<\/ul>\n<\/div>","protected":false},"featured_media":566,"comment_status":"open","ping_status":"closed","template":"","meta":{"_et_pb_use_builder":"","_et_pb_old_content":"","_et_gb_content_width":""},"product_cat":[35],"product_tag":[],"class_list":{"0":"post-563","1":"product","2":"type-product","3":"status-publish","4":"has-post-thumbnail","6":"product_cat-self-levelling-compound","8":"first","9":"instock","10":"shipping-taxable","11":"product-type-simple"},"_links":{"self":[{"href":"https:\/\/profsystem.eu\/es\/wp-json\/wp\/v2\/product\/563","targetHints":{"allow":["GET"]}}],"collection":[{"href":"https:\/\/profsystem.eu\/es\/wp-json\/wp\/v2\/product"}],"about":[{"href":"https:\/\/profsystem.eu\/es\/wp-json\/wp\/v2\/types\/product"}],"replies":[{"embeddable":true,"href":"https:\/\/profsystem.eu\/es\/wp-json\/wp\/v2\/comments?post=563"}],"wp:featuredmedia":[{"embeddable":true,"href":"https:\/\/profsystem.eu\/es\/wp-json\/wp\/v2\/media\/566"}],"wp:attachment":[{"href":"https:\/\/profsystem.eu\/es\/wp-json\/wp\/v2\/media?parent=563"}],"wp:term":[{"taxonomy":"product_cat","embeddable":true,"href":"https:\/\/profsystem.eu\/es\/wp-json\/wp\/v2\/product_cat?post=563"},{"taxonomy":"product_tag","embeddable":true,"href":"https:\/\/profsystem.eu\/es\/wp-json\/wp\/v2\/product_tag?post=563"}],"curies":[{"name":"wp","href":"https:\/\/api.w.org\/{rel}","templated":true}]}}