{"id":570,"date":"2023-10-16T16:17:10","date_gmt":"2023-10-16T13:17:10","guid":{"rendered":"https:\/\/profsystem.eu\/?post_type=product&#038;p=570"},"modified":"2023-11-12T13:54:20","modified_gmt":"2023-11-12T10:54:20","slug":"kiilto-pro-e","status":"publish","type":"product","link":"https:\/\/profsystem.eu\/es\/producto\/kiilto-pro-e\/","title":{"rendered":"Kiilto Pro E"},"content":{"rendered":"<div class=\"product-info__title\"><strong>Campo de uso<\/strong><\/div>\n<div class=\"product-info__content\">\n<p>Kiilto E es una masilla al agua extremadamente fina para el acabado de paredes y techos de locales secos. Ideal para rellenar peque\u00f1os agujeros (incluidas cabezas de tornillos) y rayones y para acabado de superficies. Para fijar y alisar las cintas para juntas de placas de yeso recomendamos utilizar la masilla para juntas Kiilto GP o Kiilto J. La superficie terminada se puede pintar o cubrir con papel tapiz. No apto para alicatados ni revestimientos vin\u00edlicos.<\/p>\n<\/div>\n<p>&nbsp;<\/p>\n<p><strong>Instrucciones de uso\u00a0<\/strong><\/p>\n<p>Kiilto E es adecuado para el acabado de superficies de paredes. La superficie a masillar debe estar limpia, seca y libre de polvo. Se puede aplicar una nueva capa s\u00f3lo cuando la capa anterior est\u00e9 seca. Si es necesario, el sustrato se puede lijar y limpiar cuidadosamente antes de aplicar una nueva capa de masilla.<\/p>\n<p>Kiilto E es una masilla lista para usar. Despu\u00e9s de un almacenamiento prolongado, el producto debe mezclarse antes de su uso. Si es necesario, la masilla se puede diluir con una peque\u00f1a cantidad de agua. La masilla se aplica manualmente con llana de acero.<\/p>\n<p><img loading=\"lazy\" decoding=\"async\" class=\"wp-image-475 size-thumbnail alignleft\" src=\"https:\/\/profsystem.eu\/wp-content\/uploads\/2023\/10\/Kiilto-J-Certificates-e1697462064926-150x87.png\" alt=\"\" width=\"150\" height=\"87\" \/><\/p>\n<p>&nbsp;<\/p>","protected":false},"excerpt":{"rendered":"<div class=\"single-product__text-header\">\n<div class=\"single-product__title-secondary\"><strong>Masilla de acabado lista para usar<\/strong><\/div>\n<\/div>\n<div class=\"entry__content wysiwyg wysiwyg--no-pad wysiwyg--no-margin\">\n<p class=\"is-first-block\">Masilla preparada de grano fino para el acabado de paredes y techos interiores secos antes de pintar y empapelar.<\/p>\n<p class=\"h4\"><strong>Beneficios y caracter\u00edsticas<\/strong><\/p>\n<ul>\n<li>garantiza una superficie muy lisa, de color blanco, f\u00e1cil de aplicar y lijar, espesor de capa m\u00e1ximo 3 mm, aplicaci\u00f3n con llana de masilla<\/li>\n<li>ligera contracci\u00f3n al secar<\/li>\n<li>consumo 1 kg\/m\u00b2\/mm<\/li>\n<li>tiempo de secado 2\u20133 h\/mm<\/li>\n<li>en paredes y techos de espacios interiores secos<\/li>\n<\/ul>\n<\/div>","protected":false},"featured_media":571,"comment_status":"open","ping_status":"closed","template":"","meta":{"_et_pb_use_builder":"","_et_pb_old_content":"","_et_gb_content_width":""},"product_cat":[36],"product_tag":[],"class_list":{"0":"post-570","1":"product","2":"type-product","3":"status-publish","4":"has-post-thumbnail","6":"product_cat-finishing-putty","8":"first","9":"instock","10":"shipping-taxable","11":"product-type-simple"},"_links":{"self":[{"href":"https:\/\/profsystem.eu\/es\/wp-json\/wp\/v2\/product\/570","targetHints":{"allow":["GET"]}}],"collection":[{"href":"https:\/\/profsystem.eu\/es\/wp-json\/wp\/v2\/product"}],"about":[{"href":"https:\/\/profsystem.eu\/es\/wp-json\/wp\/v2\/types\/product"}],"replies":[{"embeddable":true,"href":"https:\/\/profsystem.eu\/es\/wp-json\/wp\/v2\/comments?post=570"}],"wp:featuredmedia":[{"embeddable":true,"href":"https:\/\/profsystem.eu\/es\/wp-json\/wp\/v2\/media\/571"}],"wp:attachment":[{"href":"https:\/\/profsystem.eu\/es\/wp-json\/wp\/v2\/media?parent=570"}],"wp:term":[{"taxonomy":"product_cat","embeddable":true,"href":"https:\/\/profsystem.eu\/es\/wp-json\/wp\/v2\/product_cat?post=570"},{"taxonomy":"product_tag","embeddable":true,"href":"https:\/\/profsystem.eu\/es\/wp-json\/wp\/v2\/product_tag?post=570"}],"curies":[{"name":"wp","href":"https:\/\/api.w.org\/{rel}","templated":true}]}}