{"id":572,"date":"2023-10-16T16:22:24","date_gmt":"2023-10-16T13:22:24","guid":{"rendered":"https:\/\/profsystem.eu\/?post_type=product&#038;p=572"},"modified":"2023-11-12T13:13:57","modified_gmt":"2023-11-12T10:13:57","slug":"kiilto-fibergum","status":"publish","type":"product","link":"https:\/\/profsystem.eu\/es\/producto\/kiilto-fibergum\/","title":{"rendered":"Kiilto Fibergum"},"content":{"rendered":"<div class=\"product-info__title\"><strong>Campo de uso<\/strong><\/div>\n<div class=\"product-info__content\">\n<p>Kiilto Fibergum es un m\u00e1stil impermeabilizante reforzado con fibra listo para usar que se instala debajo de revestimientos y pavimentos de ba\u00f1os, saunas, etc. en estancias h\u00famedas. No apto para su uso en lugares que est\u00e1n constantemente bajo el agua (por ejemplo, piscinas) o cuando la temperatura supera los +60 \u00b0C (por ejemplo, las paredes de la sala de vapor de la sauna). El soporte debe estar seco, absorbente, libre de polvo y plano. Se deben eliminar todos los materiales que perjudiquen la adherencia. Comprobar la idoneidad de la estructura y del soporte para la instalaci\u00f3n de impermeabilizantes y baldosas. La calefacci\u00f3n por suelo radiante debe instalarse en el hormig\u00f3n o solera debajo de la masilla impermeabilizante para que no entre en contacto directo con la impermeabilizaci\u00f3n. La compatibilidad de Kiilto Fibergum con los tipos de escaleras de suelo m\u00e1s habituales ha sido probada y aprobada. Puede consultar con nuestro soporte t\u00e9cnico o con el proveedor de escaleras de suelo para comprobar su idoneidad.<\/p>\n<\/div>\n<p>&nbsp;<\/p>\n<p><strong>Instrucciones de uso<\/strong><\/p>\n<div class=\"product-info__content\">\n<p><strong>PAREDES:<\/strong> Lije las superficies irregulares y nivele la habitaci\u00f3n h\u00fameda con la masilla para paredes Kiilto adecuada. Las superficies de paredes secas y absorbentes deben imprimarse con la dispersi\u00f3n adhesiva Kiilto Fibergum Primer seg\u00fan las instrucciones antes de aplicar la masilla impermeabilizante.<\/p>\n<p class=\" translation-block\">La masilla impermeabilizante siempre debe mezclarse antes de su uso. Primero aplique Fibergum a las esquinas de las paredes verticales, cabezas de tornillos, tableros de construcci\u00f3n y otras juntas y uniones. Presione inmediatamente la cinta de refuerzo de esquinas Kiilto o la pieza de esquina terminada sobre la capa nueva de Fibergum y c\u00fabrala nuevamente con masilla impermeabilizante. Aseg\u00farate de que la tela de refuerzo est\u00e9 completamente empapada.\nPara los pasacables se necesita una pieza de refuerzo de aprox. De la tela de refuerzo se debe cortar un tama\u00f1o de 10 \u00d7 10 cm y en el centro se debe hacer un agujero cuyo di\u00e1metro sea de aprox. 4 mm m\u00e1s peque\u00f1o que el di\u00e1metro exterior del ojal. Como alternativa, se pueden utilizar piezas de refuerzo de ojales ya preparadas por Kiilto. Presione la pieza de refuerzo del ojal sobre la masilla impermeabilizante fresca, asegur\u00e1ndose de que est\u00e9 completamente humedecida. Las ranuras y las juntas verticales y horizontales se pueden sellar con el compuesto sellador Kiilto XPU en lugar de cintas para esquinas antes de aplicar Fibergum. Aplicar Fibergum con un rodillo sobre toda la superficie a impermeabilizar y dejar secar aprox. 2 h (cambio de color). Aplicar una segunda capa de Fibergum sobre la superficie y dejar secar al menos 6 h (cambio de color). Comprobar el espesor de la capa impermeabilizante y a\u00f1adir masilla en las zonas finas y\/o porosas y dejar secar. La capa impermeabilizante de la pared debe tener un espesor m\u00ednimo de 0,4 mm.<\/p>\n<p>Empiece a alicatar la pared desde la segunda fila, al menos a 10 cm del suelo. Instale azulejos de pared con la mezcla para azulejos Kiilto. Despu\u00e9s de que la mezcla de losetas se haya secado, una las losetas con masilla para juntas Kiilto y use silicona sanitaria Kiilto para sellar las esquinas verticales y los ojales.<\/p>\n<p><strong>PISOS:<\/strong> Lije las subsuperficies irregulares y nivele la habitaci\u00f3n h\u00fameda con el compuesto nivelador de pisos Kiilto adecuado. Antes de impermeabilizar, imprima el sustrato seco con la dispersi\u00f3n adhesiva Kiilto Fibergum Primer seg\u00fan las instrucciones. Antes de aplicar la impermeabilizaci\u00f3n, la imprimaci\u00f3n debe estar seca.<\/p>\n<p>La masilla impermeabilizante siempre debe mezclarse antes de su uso. Aplique Kiilto Fibergum en las esquinas horizontales y alrededor de los ojales e inmediatamente presione la cinta de refuerzo de esquinas Kiilto o la pieza de esquina terminada sobre la masilla impermeabilizante fresca. Aplique una capa de Fibergum a la cinta de refuerzo y aseg\u00farese de que la cinta de refuerzo est\u00e9 completamente empapada.<\/p>\n<p>In the inner and outer corners, Kiilto&#8217;s ready-made inner and outer corner pieces can be used as an alternative.\u00a0Grooves and wall-to-floor joints can also be sealed with Kiilto XPU sealing compound before applying Fibergum.<\/p>\n<p>Antes de impermeabilizar, colocar la pieza de Refuerzo Autoadhesivo para Escaleras Kiilto sobre la escalera, sobre la superficie previamente imprimada, y frotarla con cuidado. Aplique Fibergum a la tela de refuerzo alrededor de los bordes de la pieza de refuerzo de la banda de rodadura con un cepillo. Tambi\u00e9n se pueden utilizar piezas de refuerzo de piso Kiilto (2 piezas): coloque una pieza de refuerzo de la banda de rodadura en el piso y aplique Fibergum, luego coloque otra pieza de refuerzo de la banda de rodamiento y tambi\u00e9n cepille con Fibergum. Corta un c\u00edrculo por encima del trapezoide, de aprox. Un agujero m\u00e1s peque\u00f1o que el di\u00e1metro interior de la trampa de 60 mm. Empuje con cuidado la correa tensora hasta colocarla en su lugar. Aplicar una capa de Fibergum en toda la superficie del suelo a aislar. Dejar secar aprox. 2 horas (cambio de color). Aplique una segunda capa de Fibergum a la superficie de las contrahuellas y el piso y d\u00e9jela secar durante al menos 6 horas (decoloraci\u00f3n). Comprobar el espesor de la capa impermeabilizante y aplicar masilla en las zonas finas y\/o porosas y dejar secar. El espesor de la capa impermeabilizante de los suelos debe ser de al menos 0,5 mm. Fije las baldosas con el compuesto para baldosas Kiilto. Unir las baldosas con masilla para juntas Kiilto. Selle esquinas y penetraciones verticales y horizontales con Kiilto Sanitary Silicone.<\/p>\n<\/div>\n<p><img loading=\"lazy\" decoding=\"async\" class=\"alignnone size-medium wp-image-439\" src=\"https:\/\/profsystem.eu\/wp-content\/uploads\/2023\/10\/fix-e1697462443493-300x109.png\" alt=\"\" width=\"300\" height=\"109\" \/><\/p>","protected":false},"excerpt":{"rendered":"<p class=\"is-first-block\">M\u00e1stil impermeabilizante monocomponente reforzado con fibra que se instala bajo revestimientos y pavimentos de ba\u00f1os, saunas, etc. en estancias h\u00famedas.<\/p>\n<p class=\"h4\"><strong>Beneficios y caracter\u00edsticas<\/strong><\/p>\n<ul>\n<li>reforzado con fibra<\/li>\n<li>monocomponente&lt;\/consumo 0,6 l\/m\u00b2 \/ 0,8 kg para paredes, 0,8 l\/m\u00b2 \/ 1,0 kg para suelos<\/li>\n<li>tiempo de secado 2 + 6 h<\/li>\n<\/ul>","protected":false},"featured_media":573,"comment_status":"open","ping_status":"closed","template":"","meta":{"_et_pb_use_builder":"","_et_pb_old_content":"","_et_gb_content_width":""},"product_cat":[20],"product_tag":[],"class_list":{"0":"post-572","1":"product","2":"type-product","3":"status-publish","4":"has-post-thumbnail","6":"product_cat-waterproofing","8":"first","9":"instock","10":"shipping-taxable","11":"product-type-simple"},"_links":{"self":[{"href":"https:\/\/profsystem.eu\/es\/wp-json\/wp\/v2\/product\/572","targetHints":{"allow":["GET"]}}],"collection":[{"href":"https:\/\/profsystem.eu\/es\/wp-json\/wp\/v2\/product"}],"about":[{"href":"https:\/\/profsystem.eu\/es\/wp-json\/wp\/v2\/types\/product"}],"replies":[{"embeddable":true,"href":"https:\/\/profsystem.eu\/es\/wp-json\/wp\/v2\/comments?post=572"}],"wp:featuredmedia":[{"embeddable":true,"href":"https:\/\/profsystem.eu\/es\/wp-json\/wp\/v2\/media\/573"}],"wp:attachment":[{"href":"https:\/\/profsystem.eu\/es\/wp-json\/wp\/v2\/media?parent=572"}],"wp:term":[{"taxonomy":"product_cat","embeddable":true,"href":"https:\/\/profsystem.eu\/es\/wp-json\/wp\/v2\/product_cat?post=572"},{"taxonomy":"product_tag","embeddable":true,"href":"https:\/\/profsystem.eu\/es\/wp-json\/wp\/v2\/product_tag?post=572"}],"curies":[{"name":"wp","href":"https:\/\/api.w.org\/{rel}","templated":true}]}}