{"id":574,"date":"2023-10-16T16:26:22","date_gmt":"2023-10-16T13:26:22","guid":{"rendered":"https:\/\/profsystem.eu\/?post_type=product&#038;p=574"},"modified":"2023-10-16T16:26:22","modified_gmt":"2023-10-16T13:26:22","slug":"kiilto-super-w","status":"publish","type":"product","link":"https:\/\/profsystem.eu\/es\/producto\/kiilto-super-w\/","title":{"rendered":"Kiilto Super W"},"content":{"rendered":"<div class=\"product-info__title\"><strong>Campo de uso<\/strong><\/div>\n<div class=\"product-info__content\">\n<p><span>Super W is a non-shedding, economical, lightweight tiling compound for installing non-moisture-sensitive ceramic tiles and stones on surfaces covered with vinyl, paint, tiles, clinker tiles and other commonly used surfaces, as well as on surfaces treated with Kiilto waterproofing mastic or Kiilto Kerastop waterproofing, e.g. plasterboard.\u00a0Tiling work can be done without a joint cord.\u00a0Suitable for both indoor and outdoor use.\u00a0Not suitable for use on surfaces that are constantly under water (e.g. swimming pools).<\/span><br \/>\n<span>The surfaces to be tiled must be clean and dust-free.\u00a0Remove water-based smoothing and leveling compounds.\u00a0Dry and absorbent surfaces must be moistened (except tile surfaces).\u00a0Turn off the underfloor heating approx. 24 hours before tiling.\u00a0For plastic, painted, tiled and clinker surfaces in tiles, it must be ensured that:<\/span><br \/>\n<span>&#8211; the surface is strong enough for tiling, &#8211; the surface covering material to be tiled is firmly attached to the substrate, &#8211; wax, grease and dirt are washed from the substrate to be tiled with an acidic cleaning agent and rinsed properly.\u00a0When the surface is dry, sand it if necessary and remove the sanding dust.<\/span><\/p>\n<p><img loading=\"lazy\" decoding=\"async\" class=\"alignnone size-medium wp-image-439\" src=\"https:\/\/profsystem.eu\/wp-content\/uploads\/2023\/10\/fix-e1697462443493-300x109.png\" alt=\"\" width=\"300\" height=\"109\" \/><\/p>\n<\/div>","protected":false},"excerpt":{"rendered":"<p class=\"is-first-block\"><span>Masilla aglutinante ligera, econ\u00f3mica, el\u00e1stica y que no desprende pelusa para la colocaci\u00f3n de baldosas cer\u00e1micas. Ideal para instalar azulejos de gran tama\u00f1o. Jornadas laborales m\u00e1s largas. Tambi\u00e9n apto para uso en exteriores. C2TES1.<\/span><\/p>\n<p class=\"h4\"><strong>Beneficios y caracter\u00edsticas<\/strong><\/p>\n<ul>\n<li><span>ligero, sin derramamiento<\/span><\/li>\n<li><span>para la instalaci\u00f3n de baldosas cer\u00e1micas, mosaicos v\u00edtreos, piedras decorativas y baldosas de m\u00e1rmol<\/span><\/li>\n<li><span>espacios interiores y exteriores<\/span><\/li>\n<li><span>C2TES1<\/span><\/li>\n<li><span>rejuntado: paredes despu\u00e9s de 12 horas, suelos despu\u00e9s de 24 horas<\/span><\/li>\n<li><span>consumo 1,5-2,2 kg\/m\u00b2<\/span><\/li>\n<\/ul>","protected":false},"featured_media":575,"comment_status":"open","ping_status":"closed","template":"","meta":{"_et_pb_use_builder":"","_et_pb_old_content":"","_et_gb_content_width":""},"product_cat":[37],"product_tag":[],"class_list":{"0":"post-574","1":"product","2":"type-product","3":"status-publish","4":"has-post-thumbnail","6":"product_cat-cement-based-tiling-mixtures","8":"first","9":"instock","10":"shipping-taxable","11":"product-type-simple"},"_links":{"self":[{"href":"https:\/\/profsystem.eu\/es\/wp-json\/wp\/v2\/product\/574","targetHints":{"allow":["GET"]}}],"collection":[{"href":"https:\/\/profsystem.eu\/es\/wp-json\/wp\/v2\/product"}],"about":[{"href":"https:\/\/profsystem.eu\/es\/wp-json\/wp\/v2\/types\/product"}],"replies":[{"embeddable":true,"href":"https:\/\/profsystem.eu\/es\/wp-json\/wp\/v2\/comments?post=574"}],"wp:featuredmedia":[{"embeddable":true,"href":"https:\/\/profsystem.eu\/es\/wp-json\/wp\/v2\/media\/575"}],"wp:attachment":[{"href":"https:\/\/profsystem.eu\/es\/wp-json\/wp\/v2\/media?parent=574"}],"wp:term":[{"taxonomy":"product_cat","embeddable":true,"href":"https:\/\/profsystem.eu\/es\/wp-json\/wp\/v2\/product_cat?post=574"},{"taxonomy":"product_tag","embeddable":true,"href":"https:\/\/profsystem.eu\/es\/wp-json\/wp\/v2\/product_tag?post=574"}],"curies":[{"name":"wp","href":"https:\/\/api.w.org\/{rel}","templated":true}]}}