{"id":576,"date":"2023-10-16T16:33:26","date_gmt":"2023-10-16T13:33:26","guid":{"rendered":"https:\/\/profsystem.eu\/?post_type=product&#038;p=576"},"modified":"2023-10-16T16:33:26","modified_gmt":"2023-10-16T13:33:26","slug":"kiilto-ultra-fix","status":"publish","type":"product","link":"https:\/\/profsystem.eu\/es\/producto\/kiilto-ultra-fix\/","title":{"rendered":"Kiilto Ultra Fix"},"content":{"rendered":"<div id=\"content\" class=\"site-content\" role=\"main\">\n<div id=\"primary\" class=\"primary\">\n<article id=\"post-10592\" class=\"entry wrap post-10592 product type-product status-publish hentry product-cat-ehitus product-cat-tsemendibaasil-plaatimissegud product-cat-plaatimissegu-vuugid-ja-silikoonid\" data-business-units=\"rt\" data-article-type=\"product\">\n<div class=\"single-product__tabs\">\n<div class=\"tabs\">\n<div class=\"tabs__panel\" data-hash-tab=\"product-information\" data-hash-tab-active=\"\">\n<div class=\"single-product__tab-product-info\">\n<div class=\"single-product__tab-product-info-column\">\n<div class=\"product-info\">\n<div class=\"product-info__section\">\n<div class=\"product-info__title\"><strong>Campo de uso<\/strong><\/div>\n<div class=\"product-info__content\">\n<p class=\" translation-block\">Mezcla impermeable para la instalaci\u00f3n de baldosas cer\u00e1micas, clinker y piedra natural sobre superficies vin\u00edlicas, pintadas y alicatadas y otros sustratos habituales, as\u00ed como sobre superficies tratadas con masillas impermeabilizantes Kiilto o barrera contra la humedad Kiilto, incluidos, por ejemplo, placas de yeso. Tambi\u00e9n apto para uso en exteriores. No apto para revestir superficies que est\u00e9n permanentemente bajo el agua (por ejemplo piscinas). Tambi\u00e9n apto para calefacci\u00f3n por suelo radiante.\nLas superficies a revestir deben estar limpias y libres de polvo. Elimine los compuestos niveladores y de acabado amantes de la humedad. Las superficies secas y absorbentes deben imprimarse con la dispersi\u00f3n adhesiva Kiilto Start Primer diluida o humedecida con agua. Un sustrato no absorbente, como un tablero de construcci\u00f3n, debe imprimarse con la dispersi\u00f3n adhesiva Kiilto Start Primer sin diluir. Al colocar mosaicos en sustratos vin\u00edlicos, pintados y embaldosados, aseg\u00farese de que la superficie sea lo suficientemente estable y resistente para colocar mosaicos y que la superficie a colocar est\u00e9 correctamente adherida al sustrato. Lave la cera, grasa y suciedad del sustrato a revestir con un limpiador alcalino y enjuague bien. Cuando la superficie est\u00e9 seca, lijarla si es necesario y retirar el polvo del lijado. Apague la calefacci\u00f3n por suelo radiante aprox. 24 horas antes del embaldosado.<\/p>\n<\/div>\n<\/div>\n<\/div>\n<\/div>\n<\/div>\n<\/div>\n<div class=\"tabs__tab\"><\/div>\n<\/div>\n<\/div>\n<\/article>\n<\/div>\n<\/div>\n<footer id=\"colophon\" class=\"site-footer\">\n<div class=\"site-footer__container\">\n<div class=\"site-footer__branding\"><img loading=\"lazy\" decoding=\"async\" class=\"alignnone size-medium wp-image-439\" src=\"https:\/\/profsystem.eu\/wp-content\/uploads\/2023\/10\/fix-e1697462443493-300x109.png\" alt=\"\" width=\"300\" height=\"109\" \/><\/div>\n<div class=\"site-footer__column widget-area\" role=\"complementary\">\n<div class=\"footer_column_1\"><\/div>\n<\/div>\n<\/div>\n<\/footer>","protected":false},"excerpt":{"rendered":"<div class=\"single-product__text-header\">\n<div class=\"single-product__title-secondary\"><strong>Masilla el\u00e1stica para baldosas<\/strong><\/div>\n<\/div>\n<div class=\"entry__content wysiwyg wysiwyg--no-pad wysiwyg--no-margin\">\n<p class=\"is-first-block\"><span>Mezcla flexible a base de cemento para la fijaci\u00f3n de baldosas cer\u00e1micas, piedra natural y hormig\u00f3n ligero sobre masillas impermeabilizantes Kiilto, revestimientos vin\u00edlicos, baldosas viejas y baldosas de clinker o todas las baldosas de construcci\u00f3n habituales. Para uso en interiores y al aire libre. Apto para suelos radiantes.<\/span><\/p>\n<p class=\"h4\"><strong>Beneficios y caracter\u00edsticas<\/strong><\/p>\n<ul>\n<li style=\"list-style-type: none;\">\n<ul>\n<li style=\"list-style-type: none;\">\n<ul>\n<li><span>para la fijaci\u00f3n de baldosas cer\u00e1micas y clinker, piedras decorativas y naturales<\/span><\/li>\n<li><span>sobre soportes porosos y no absorbentes<\/span><\/li>\n<li><span>C2TE<\/span><\/li>\n<li><span>rejuntado: paredes 12 horas, pisos 24 horas<\/span><\/li>\n<li><span>adecuado para uso en exteriores<\/span><\/li>\n<li><span>\u00a0no derramables\u00a0\u00a0\u00a0<\/span><\/li>\n<\/ul>\n<\/li>\n<\/ul>\n<\/li>\n<\/ul>\n<\/div>","protected":false},"featured_media":577,"comment_status":"open","ping_status":"closed","template":"","meta":{"_et_pb_use_builder":"","_et_pb_old_content":"","_et_gb_content_width":""},"product_cat":[38],"product_tag":[],"class_list":{"0":"post-576","1":"product","2":"type-product","3":"status-publish","4":"has-post-thumbnail","6":"product_cat-tiling-compounds","8":"first","9":"instock","10":"shipping-taxable","11":"product-type-simple"},"_links":{"self":[{"href":"https:\/\/profsystem.eu\/es\/wp-json\/wp\/v2\/product\/576","targetHints":{"allow":["GET"]}}],"collection":[{"href":"https:\/\/profsystem.eu\/es\/wp-json\/wp\/v2\/product"}],"about":[{"href":"https:\/\/profsystem.eu\/es\/wp-json\/wp\/v2\/types\/product"}],"replies":[{"embeddable":true,"href":"https:\/\/profsystem.eu\/es\/wp-json\/wp\/v2\/comments?post=576"}],"wp:featuredmedia":[{"embeddable":true,"href":"https:\/\/profsystem.eu\/es\/wp-json\/wp\/v2\/media\/577"}],"wp:attachment":[{"href":"https:\/\/profsystem.eu\/es\/wp-json\/wp\/v2\/media?parent=576"}],"wp:term":[{"taxonomy":"product_cat","embeddable":true,"href":"https:\/\/profsystem.eu\/es\/wp-json\/wp\/v2\/product_cat?post=576"},{"taxonomy":"product_tag","embeddable":true,"href":"https:\/\/profsystem.eu\/es\/wp-json\/wp\/v2\/product_tag?post=576"}],"curies":[{"name":"wp","href":"https:\/\/api.w.org\/{rel}","templated":true}]}}