{"id":578,"date":"2023-10-16T16:39:21","date_gmt":"2023-10-16T13:39:21","guid":{"rendered":"https:\/\/profsystem.eu\/?post_type=product&#038;p=578"},"modified":"2023-11-12T13:26:13","modified_gmt":"2023-11-12T10:26:13","slug":"kiilto-fibergum-primer","status":"publish","type":"product","link":"https:\/\/profsystem.eu\/es\/producto\/kiilto-fibergum-primer\/","title":{"rendered":"Kiilto Fibergum Primer"},"content":{"rendered":"<div class=\"product-info__title\"><strong>Campo de uso<\/strong><\/div>\n<div class=\"product-info__content\">\n<p>Dispersi\u00f3n adhesiva para masilla impermeabilizante de interior.<\/p>\n<\/div>\n<p>&nbsp;<\/p>\n<p><strong>Instrucciones de uso<\/strong><\/p>\n<p class=\" translation-block\">De la superficie base se eliminan el adhesivo de cemento, los restos de materiales de revestimiento, el polvo de lijado, las part\u00edculas sueltas y los lubricantes. Si es necesario, esmerilar o raspar con la herramienta adecuada. La dispersi\u00f3n adhesiva debe aplicarse sobre la superficie en una capa lo m\u00e1s fina y uniforme posible, por ejemplo con brocha, brocha o rodillo. El m\u00e1stil impermeabilizante debe enrollarse firmemente sobre el sustrato. Antes de aplicar la masilla impermeabilizante, la capa de dispersi\u00f3n adhesiva debe estar seca. Antes de comenzar el trabajo, debe familiarizarse con las instrucciones de trabajo de impermeabilizaci\u00f3n de Kiilto.<\/p>\n<p><img loading=\"lazy\" decoding=\"async\" class=\"alignnone size-medium wp-image-439\" src=\"https:\/\/profsystem.eu\/wp-content\/uploads\/2023\/10\/fix-e1697462443493-300x109.png\" alt=\"\" width=\"300\" height=\"109\" \/><\/p>","protected":false},"excerpt":{"rendered":"<div class=\"single-product__text-header\">\n<div class=\"single-product__title-secondary\"><strong>Dispersi\u00f3n adhesiva para masilla impermeabilizante<\/strong><\/div>\n<\/div>\n<div class=\"entry__content wysiwyg wysiwyg--no-pad wysiwyg--no-margin\">\n<p class=\"is-first-block\">Dispersi\u00f3n adhesiva para mejorar la adherencia de las masillas impermeabilizantes flotantes de Kiilto sobre superficies adecuadas de solera, hormig\u00f3n y tableros de construcci\u00f3n en espacios h\u00famedos. Basado en agua.<\/p>\n<p class=\"h4\"><strong>Beneficios y caracter\u00edsticas<\/strong><\/p>\n<ul>\n<li>Dispersi\u00f3n adhesiva de masilla impermeabilizante Kiilto Fibergum<\/li>\n<li>El color naranja facilita la aplicaci\u00f3n<\/li>\n<li>basado en agua<\/li>\n<\/ul>\n<\/div>","protected":false},"featured_media":579,"comment_status":"open","ping_status":"closed","template":"","meta":{"_et_pb_use_builder":"","_et_pb_old_content":"","_et_gb_content_width":""},"product_cat":[39],"product_tag":[],"class_list":{"0":"post-578","1":"product","2":"type-product","3":"status-publish","4":"has-post-thumbnail","6":"product_cat-adhesives","8":"first","9":"instock","10":"shipping-taxable","11":"product-type-simple"},"_links":{"self":[{"href":"https:\/\/profsystem.eu\/es\/wp-json\/wp\/v2\/product\/578","targetHints":{"allow":["GET"]}}],"collection":[{"href":"https:\/\/profsystem.eu\/es\/wp-json\/wp\/v2\/product"}],"about":[{"href":"https:\/\/profsystem.eu\/es\/wp-json\/wp\/v2\/types\/product"}],"replies":[{"embeddable":true,"href":"https:\/\/profsystem.eu\/es\/wp-json\/wp\/v2\/comments?post=578"}],"wp:featuredmedia":[{"embeddable":true,"href":"https:\/\/profsystem.eu\/es\/wp-json\/wp\/v2\/media\/579"}],"wp:attachment":[{"href":"https:\/\/profsystem.eu\/es\/wp-json\/wp\/v2\/media?parent=578"}],"wp:term":[{"taxonomy":"product_cat","embeddable":true,"href":"https:\/\/profsystem.eu\/es\/wp-json\/wp\/v2\/product_cat?post=578"},{"taxonomy":"product_tag","embeddable":true,"href":"https:\/\/profsystem.eu\/es\/wp-json\/wp\/v2\/product_tag?post=578"}],"curies":[{"name":"wp","href":"https:\/\/api.w.org\/{rel}","templated":true}]}}