{"id":615,"date":"2023-11-13T21:51:53","date_gmt":"2023-11-13T18:51:53","guid":{"rendered":"https:\/\/profsystem.eu\/?post_type=product&#038;p=615"},"modified":"2023-11-13T21:52:37","modified_gmt":"2023-11-13T18:52:37","slug":"kiilto-kerasafe-foil","status":"publish","type":"product","link":"https:\/\/profsystem.eu\/es\/producto\/kiilto-kerasafe-foil\/","title":{"rendered":"Kiilto Kerasafe +"},"content":{"rendered":"<div class=\"product-info__title\"><strong>Campo de uso<\/strong><\/div>\n<div class=\"product-info__content\">\n<p>Kiilto KeraSafe+ Foil est\u00e1 dise\u00f1ado para impermeabilizar paredes y suelos en zonas interiores antes del revestimiento. Adecuado para zonas h\u00famedas, por ejemplo, en edificios residenciales y p\u00fablicos, escuelas y pabellones deportivos.<\/p>\n<p>&nbsp;<\/p>\n<p><strong>Instrucciones de uso<\/strong><\/p>\n<\/div>\n<div class=\"product-info__content\">\n<p>Kiilto KeraSafe+ es una l\u00e1mina impermeabilizante el\u00e1stica, estanca al agua y al vapor. La temperatura del material, la habitaci\u00f3n y el sustrato deben ser normales al instalar la l\u00e1mina KeraSafe+. Las condiciones predominantes, como la humedad del aire y la temperatura, afectan significativamente la adherencia, el tiempo de secado y la posible variaci\u00f3n dimensional de la l\u00e1mina impermeabilizante. Al instalar la l\u00e1mina utilizando adhesivo para pisos, la superficie debe revestirse dentro de las 72 horas posteriores a la instalaci\u00f3n. Antes de comenzar el trabajo, estudie la gu\u00eda de procedimientos.<\/p>\n<\/div>\n<p><img loading=\"lazy\" decoding=\"async\" class=\"alignnone wp-image-617 size-full\" src=\"https:\/\/profsystem.eu\/wp-content\/uploads\/2023\/11\/Capture.png\" alt=\"\" width=\"422\" height=\"91\" \/><\/p>\n<p>Leer m\u00e1s: <a href=\"https:\/\/www.kiilto.com\/product\/kiilto-kerasafe\" target=\"_blank\" rel=\"noopener\">https:\/\/www.kiilto.com\/product\/kiilto-kerasafe<\/a><\/p>","protected":false},"excerpt":{"rendered":"<p class=\"is-first-block\">L\u00e1mina KeraSafe+ estanca al agua y al vapor para impermeabilizar espacios h\u00famedos. L\u00e1mina impermeabilizante altamente el\u00e1stica y duradera con alta capacidad de puenteo de grietas. La impermeabilizaci\u00f3n se puede realizar de una sola vez y est\u00e1 lista para ser revestida despu\u00e9s de 1 hora desde la instalaci\u00f3n de la l\u00e1mina.<\/p>\n<p>&nbsp;<\/p>\n<p class=\"is-first-block\"><strong>Beneficios y caracter\u00edsticas<\/strong><\/p>\n<ul>\n<li>muy duradero, la mayor capacidad de puenteo de grietas, herm\u00e9tico al vapor de agua, impermeabilizaci\u00f3n lista de una sola vez<\/li>\n<li>\u00a0para zonas h\u00famedas en apartamentos residenciales y edificios p\u00fablicos<\/li>\n<li>cuando se instala con el adhesivo KeraSafe Speed, las paredes se pueden revestir despu\u00e9s de aprox. 1 h y pisos despu\u00e9s de 2 h<\/li>\n<li>varias opciones de fijaci\u00f3n diferentes<\/li>\n<li>aprobaci\u00f3n ETA y certificado TG<\/li>\n<\/ul>","protected":false},"featured_media":616,"comment_status":"open","ping_status":"closed","template":"","meta":{"_et_pb_use_builder":"","_et_pb_old_content":"","_et_gb_content_width":""},"product_cat":[20],"product_tag":[],"class_list":{"0":"post-615","1":"product","2":"type-product","3":"status-publish","4":"has-post-thumbnail","6":"product_cat-waterproofing","8":"first","9":"instock","10":"shipping-taxable","11":"product-type-simple"},"_links":{"self":[{"href":"https:\/\/profsystem.eu\/es\/wp-json\/wp\/v2\/product\/615","targetHints":{"allow":["GET"]}}],"collection":[{"href":"https:\/\/profsystem.eu\/es\/wp-json\/wp\/v2\/product"}],"about":[{"href":"https:\/\/profsystem.eu\/es\/wp-json\/wp\/v2\/types\/product"}],"replies":[{"embeddable":true,"href":"https:\/\/profsystem.eu\/es\/wp-json\/wp\/v2\/comments?post=615"}],"wp:featuredmedia":[{"embeddable":true,"href":"https:\/\/profsystem.eu\/es\/wp-json\/wp\/v2\/media\/616"}],"wp:attachment":[{"href":"https:\/\/profsystem.eu\/es\/wp-json\/wp\/v2\/media?parent=615"}],"wp:term":[{"taxonomy":"product_cat","embeddable":true,"href":"https:\/\/profsystem.eu\/es\/wp-json\/wp\/v2\/product_cat?post=615"},{"taxonomy":"product_tag","embeddable":true,"href":"https:\/\/profsystem.eu\/es\/wp-json\/wp\/v2\/product_tag?post=615"}],"curies":[{"name":"wp","href":"https:\/\/api.w.org\/{rel}","templated":true}]}}