{"id":620,"date":"2023-11-13T22:06:40","date_gmt":"2023-11-13T19:06:40","guid":{"rendered":"https:\/\/profsystem.eu\/?post_type=product&#038;p=620"},"modified":"2023-11-13T22:06:40","modified_gmt":"2023-11-13T19:06:40","slug":"kiilto-pro-acryl","status":"publish","type":"product","link":"https:\/\/profsystem.eu\/es\/producto\/kiilto-pro-acryl\/","title":{"rendered":"Kiilto Pro Acryl"},"content":{"rendered":"<div class=\"product-info__title\"><strong>Campo de uso<\/strong><\/div>\n<div class=\"product-info__content\">\n<p>Kiilto Acryl es una masilla de l\u00e1tex de un componente para unir y sellar. Las aplicaciones adecuadas incluyen marcos de puertas y ventanas, as\u00ed como otras estructuras, esquinas, juntas, paneles de revestimiento interior y grietas. Se puede pintar. Cumple con los requisitos de la norma EN 15651:-1:2012.<\/p>\n<\/div>\n<p>&nbsp;<\/p>\n<div class=\"product-info__title\"><strong>Instrucciones de uso<\/strong><\/div>\n<div class=\"product-info__content\">\n<p>La superficie a unir debe estar libre de polvo y grasa. El perfil de espuma pl\u00e1stica s\u00f3lida se puede utilizar como relleno del fondo de las juntas.<\/p>\n<p>Corte y abra el cono en el extremo frontal del cartucho. Atornille la punta de extrusi\u00f3n en su lugar y c\u00f3rtela al tama\u00f1o deseado. La superficie a unir debe estar libre de polvo y grasa. Presione el sellador sobre la junta y al\u00edselo inmediatamente usando una llana o la yema del dedo humedecida con agua limpia.<\/p>\n<p><img loading=\"lazy\" decoding=\"async\" class=\"alignnone size-medium wp-image-475\" src=\"https:\/\/profsystem.eu\/wp-content\/uploads\/2023\/10\/Kiilto-J-Certificates-e1697441035467-300x82.png\" alt=\"\" width=\"300\" height=\"82\" \/><\/p>\n<p>Leer m\u00e1s: <a href=\"https:\/\/www.kiilto.com\/product\/kiilto-acryl\" target=\"_blank\" rel=\"noopener\">https:\/\/www.kiilto.com\/product\/kiilto-acryl<\/a><\/p>\n<\/div>","protected":false},"excerpt":{"rendered":"<div class=\"single-product__text-header\">\n<div class=\"single-product__title-secondary\"><strong>Masilla de l\u00e1tex<\/strong><\/div>\n<\/div>\n<div class=\"entry__content wysiwyg wysiwyg--no-pad wysiwyg--no-margin\">\n<p class=\"is-first-block\">Sellador de bajas emisiones con clasificaci\u00f3n M1. Para sellar juntas de estructuras. Adecuado tambi\u00e9n para reparar grietas superficiales en zonas interiores. Se puede pintar, no amarillea. Cuando se pinta, tambi\u00e9n es apto para uso exterior.<\/p>\n<p class=\"is-first-block\"><strong>Beneficios y caracter\u00edsticas<\/strong><\/p>\n<ul>\n<li>Un sellador a base de agua que no amarillea con clasificaci\u00f3n M1<\/li>\n<li>\u00a0Para sellar<\/li>\n<li>\u00a0Costura suficiente de 5 x 5 mm, aproximadamente 12 m\/cartucho<\/li>\n<li>\u00a0Secado al polvo 20-30 min\/+20 \u00b0C, se puede pintar despu\u00e9s de 24 h<\/li>\n<li>\u00a0Para \u00e1reas interiores secas; cuando est\u00e1 pintado, apto tambi\u00e9n para uso exterior<\/li>\n<\/ul>\n<\/div>","protected":false},"featured_media":621,"comment_status":"open","ping_status":"closed","template":"","meta":{"_et_pb_use_builder":"","_et_pb_old_content":"","_et_gb_content_width":""},"product_cat":[32],"product_tag":[],"class_list":{"0":"post-620","1":"product","2":"type-product","3":"status-publish","4":"has-post-thumbnail","6":"product_cat-adhesive-sealants","8":"first","9":"instock","10":"shipping-taxable","11":"product-type-simple"},"_links":{"self":[{"href":"https:\/\/profsystem.eu\/es\/wp-json\/wp\/v2\/product\/620","targetHints":{"allow":["GET"]}}],"collection":[{"href":"https:\/\/profsystem.eu\/es\/wp-json\/wp\/v2\/product"}],"about":[{"href":"https:\/\/profsystem.eu\/es\/wp-json\/wp\/v2\/types\/product"}],"replies":[{"embeddable":true,"href":"https:\/\/profsystem.eu\/es\/wp-json\/wp\/v2\/comments?post=620"}],"wp:featuredmedia":[{"embeddable":true,"href":"https:\/\/profsystem.eu\/es\/wp-json\/wp\/v2\/media\/621"}],"wp:attachment":[{"href":"https:\/\/profsystem.eu\/es\/wp-json\/wp\/v2\/media?parent=620"}],"wp:term":[{"taxonomy":"product_cat","embeddable":true,"href":"https:\/\/profsystem.eu\/es\/wp-json\/wp\/v2\/product_cat?post=620"},{"taxonomy":"product_tag","embeddable":true,"href":"https:\/\/profsystem.eu\/es\/wp-json\/wp\/v2\/product_tag?post=620"}],"curies":[{"name":"wp","href":"https:\/\/api.w.org\/{rel}","templated":true}]}}