{"id":426,"date":"2023-10-15T16:22:27","date_gmt":"2023-10-15T13:22:27","guid":{"rendered":"https:\/\/profsystem.eu\/?post_type=product&#038;p=426"},"modified":"2023-10-15T18:16:54","modified_gmt":"2023-10-15T15:16:54","slug":"kiilto-pro-start-primer","status":"publish","type":"product","link":"https:\/\/profsystem.eu\/fi\/tuote\/kiilto-pro-start-primer\/","title":{"rendered":"Kiilto Pro Start Primer"},"content":{"rendered":"<div class=\"product-info__title\"><strong>K\u00e4ytt\u00f6ala<\/strong><\/div>\n<div class=\"product-info__content\">\n<p>Vesiohenteinen pohjustusaine huokoisille ja imem\u00e4tt\u00f6mille pinnoille sis\u00e4tiloissa ennen tasoitusta. Tiiviit alustat suositellaan k\u00e4sitelt\u00e4v\u00e4ksi Kiilto Pro Fix Primerilla ennen tasoitusta.<\/p>\n<p><strong>Kiilto Pro Start Primerin k\u00e4ytt\u00f6kohteita ovat mm:<\/strong><\/p>\n<p>&#8211; concrete- and cement-based levelling compounds (dilution: 1 part primer\/4 parts water)<br \/>\n&#8211; floors with remains of old adhesive, such as synthetic resin and bitumen (use undiluted)<br \/>\n&#8211; surfaces that cannot tolerate moisture, e.g., gypsum and wooden surfaces (use undiluted)<br \/>\n&#8211; construction boards, e.g., chipboard and gypsum board etc. (use undiluted)<br \/>\n&#8211; non-absorbent surfaces, e.g., paint and ceramic tiles (use undiluted)<\/p>\n<p>Primerilla on hyv\u00e4 kosteudenkesto ja se muodostaa hyv\u00e4n tartunnan tasoitteen ja alustan v\u00e4liin. Sementin alkalisuus ei heikenn\u00e4 pohjustusaineen tehoa. Ei sovellu tasoitteen lis\u00e4aineeksi.<\/p>\n<\/div>\n<p><img loading=\"lazy\" decoding=\"async\" class=\"alignnone size-medium wp-image-427\" src=\"https:\/\/profsystem.eu\/wp-content\/uploads\/2023\/10\/Logod-300x105.png\" alt=\"\" width=\"300\" height=\"105\" \/><\/p>\n<p>Lue lis\u00e4\u00e4: <a href=\"https:\/\/www.kiilto.fi\/tuote\/kiilto-start-primer\/\" target=\"_blank\" rel=\"noopener\">https:\/\/www.kiilto.fi\/tuote\/kiilto-start-primer\/<\/a><\/p>","protected":false},"excerpt":{"rendered":"<p><strong>Tartuntapohjuste<\/strong><\/p>\n<p class=\"is-first-block\">Tartuntapohjuste tasoitteen ja tasoitettavan pinnan v\u00e4lisen tartunnan parantamiseen. Vesiohenteinen.<\/p>\n<p class=\"h4\"><strong>Edut ja ominaisuudet<\/strong><\/p>\n<ul>\n<li>sitoo p\u00f6ly\u00e4 ja hidastaa tasoitteessa olevan veden tunkeutumisen alustaan<\/li>\n<li>eritt\u00e4in riittoisa<\/li>\n<li>vesiohenteinen<\/li>\n<\/ul>","protected":false},"featured_media":428,"comment_status":"open","ping_status":"closed","template":"","meta":{"_et_pb_use_builder":"on","_et_pb_old_content":"<div class=\"product-info__title\"><strong>Application<\/strong><\/div>\r\n<div class=\"product-info__content\">\r\n\r\nA water-based primer suitable both for porous and non-absorbent surfaces in interior areas prior to levelling. For non-absorbent substrates, we recommended using Kiilto Fix Primer prior to levelling.\r\n\r\n<strong>Kiilto Start Primer is suitable for the priming of<\/strong>\r\n\r\n- concrete- and cement-based levelling compounds (dilution: 1 part primer\/4 parts water)\r\n- floors with remains of old adhesive, such as synthetic resin and bitumen (use undiluted)\r\n- surfaces that cannot tolerate moisture, e.g., gypsum and wooden surfaces (use undiluted)\r\n- construction boards, e.g., chipboard and gypsum board etc. (use undiluted)\r\n- non-absorbent surfaces, e.g., paint and ceramic tiles (use undiluted)\r\n\r\nPrimer has good moisture resistance and forms a good bond between the levelling compound and the subfloor. Alkalinity of cement does not impair the effect of the primer. Not suitable to be used as an additive to levelling compound.\r\n\r\n<\/div>\r\n<img class=\"alignnone size-medium wp-image-427\" src=\"https:\/\/profsystem.eu\/wp-content\/uploads\/2023\/10\/Logod-300x105.png\" alt=\"\" width=\"300\" height=\"105\" \/>\r\n\r\nRead more : <a href=\"https:\/\/www.kiilto.com\/product\/kiilto-start-primer\/\">https:\/\/www.kiilto.com\/product\/kiilto-start-primer\/<\/a>","_et_gb_content_width":""},"product_cat":[21],"product_tag":[],"class_list":{"0":"post-426","1":"product","2":"type-product","3":"status-publish","4":"has-post-thumbnail","6":"product_cat-primers","8":"first","9":"instock","10":"shipping-taxable","11":"product-type-simple"},"_links":{"self":[{"href":"https:\/\/profsystem.eu\/fi\/wp-json\/wp\/v2\/product\/426","targetHints":{"allow":["GET"]}}],"collection":[{"href":"https:\/\/profsystem.eu\/fi\/wp-json\/wp\/v2\/product"}],"about":[{"href":"https:\/\/profsystem.eu\/fi\/wp-json\/wp\/v2\/types\/product"}],"replies":[{"embeddable":true,"href":"https:\/\/profsystem.eu\/fi\/wp-json\/wp\/v2\/comments?post=426"}],"wp:featuredmedia":[{"embeddable":true,"href":"https:\/\/profsystem.eu\/fi\/wp-json\/wp\/v2\/media\/428"}],"wp:attachment":[{"href":"https:\/\/profsystem.eu\/fi\/wp-json\/wp\/v2\/media?parent=426"}],"wp:term":[{"taxonomy":"product_cat","embeddable":true,"href":"https:\/\/profsystem.eu\/fi\/wp-json\/wp\/v2\/product_cat?post=426"},{"taxonomy":"product_tag","embeddable":true,"href":"https:\/\/profsystem.eu\/fi\/wp-json\/wp\/v2\/product_tag?post=426"}],"curies":[{"name":"wp","href":"https:\/\/api.w.org\/{rel}","templated":true}]}}