{"id":441,"date":"2023-10-15T16:46:40","date_gmt":"2023-10-15T13:46:40","guid":{"rendered":"https:\/\/profsystem.eu\/?post_type=product&#038;p=441"},"modified":"2023-10-15T19:49:15","modified_gmt":"2023-10-15T16:49:15","slug":"kiilto-70","status":"publish","type":"product","link":"https:\/\/profsystem.eu\/fi\/tuote\/kiilto-70\/","title":{"rendered":"Kiilto 70"},"content":{"rendered":"<div id=\"content\" class=\"site-content\" role=\"main\">\n<div id=\"primary\" class=\"primary\">\n<article id=\"post-2941\" class=\"entry wrap post-2941 product type-product status-publish hentry product-cat-construction product-cat-castings-and-fillings product-cat-floor-levelling-screed-and-compounds-accessories\" data-business-units=\"rt\" data-article-type=\"product\">\n<div class=\"single-product__tabs\">\n<div class=\"tabs\">\n<div class=\"tabs__panel\" data-hash-tab=\"product-information\" data-hash-tab-active=\"\">\n<div class=\"single-product__tab-product-info\">\n<div class=\"single-product__tab-product-info-column\">\n<div class=\"product-info\">\n<div class=\"product-info__section\">\n<div class=\"product-info__title\"><strong>K\u00e4ytt\u00f6ala<\/strong><\/div>\n<div class=\"product-info__content\">\n<p>Erikoissementtiperustainen nopeasti lujittuva ja kuivuva lattiamassa valuihin, t\u00e4ytt\u00f6ihin ja kallistusten tekoon 5\u2013100 mm:n kerroksena. Soveltuu k\u00e4ytett\u00e4v\u00e4ksi sek\u00e4 sis\u00e4- ett\u00e4 ulkotiloissa. Huolellisesti hierretty pinta on vedeneristyskelpoinen. Lattiapinnan viimeistelyyn ennen pinnoitteen kiinnityst\u00e4 k\u00e4ytet\u00e4\u00e4n tarvittaessa Kiilto lattiatasoitteita. Betonialustan tulee olla Sis\u00e4RYL 2013:n ja BY 45:n mukainen.<\/p>\n<p class=\" translation-block\">1. Alustassaan kiinni oleva valu \/ luja betonialusta tai rakennuslevy: Aluslattian on oltava puhdas, kiinte\u00e4 ja luja. Ns. sementtiliima, maaliroiskeet, liimaj\u00e4\u00e4nteet ym. ep\u00e4puhtaudet poistetaan ja lattia harjataan tai imuroidaan huolellisesti.\nBetonialustat k\u00e4sitell\u00e4\u00e4n ohennetulla Kiilto Start Primerilla (10\u201320 % Kiilto Start Primeria\/80\u201390 % vett\u00e4) ennen lattiamassan levitt\u00e4mist\u00e4. Levyalustoilla k\u00e4ytet\u00e4\u00e4n ohentamatonta Kiilto Start Primeria.\nUlkotiloissa ja imem\u00e4tt\u00f6mill\u00e4 alustoilla suoritetaan pohjustus Kiilto Fix Primerilla tai tehd\u00e4\u00e4n tartuntasilta esim. Kiilto Saneerauslaastilla k\u00e4ytt\u00e4en hammaslastaa. Maanvaraisissa rakenteissa tulee est\u00e4\u00e4 kapillaarisen kosteuden nousu.\nAlustaan kiinni tulevissa valuissa suositellaan maksimivesim\u00e4\u00e4r\u00e4n (2,8 l\/20 kg) k\u00e4ytt\u00f6\u00e4, jotta massan ja alustan v\u00e4lille saadaan hyv\u00e4 tartunta.\nLattial\u00e4mmityslattiat voidaan tehd\u00e4 suoraan Kiilto Start Primerilla pohjustetun karkeapintaisen, hyv\u00e4laatuisen betonin tai kipsikartonkilevyn p\u00e4\u00e4lle. Lattial\u00e4mmityskaapelit\/-putket kiinnitet\u00e4\u00e4n alustaan esim. sulateliimalla tai soveltuvilla kiinnikkeill\u00e4. Lasikuituverkossa kiinni olevien saneerausl\u00e4mmitys-kaapelien tapauksessa tulee k\u00e4ytt\u00e4\u00e4 paremmin levi\u00e4v\u00e4\u00e4 Kiilto Lattial\u00e4mmitys-tasoitetta.<\/p>\n<p class=\" translation-block\">2. Uiva rakenne\/heikko betonialusta:\nValu erotetaan aluslattiasta esim. Kiilto Valusuojakankaalla tai rakennuspaperilla. Valu irrotetaan seinist\u00e4 ja l\u00e4pivienneist\u00e4 erotuskaistaleilla\/joustavalla massalla. Valun vahvuuden tulee olla v\u00e4hint\u00e4\u00e4n 50 mm paksu raudoitettu rakenne (esim. # 150 \u00d8 5). Lattial\u00e4mmityslattioissa kiinnitet\u00e4\u00e4n lattial\u00e4mmityskaapelit\/-putket raudoitusverkkoon.<\/p>\n<p><img loading=\"lazy\" decoding=\"async\" class=\"alignnone size-medium wp-image-427\" src=\"https:\/\/profsystem.eu\/wp-content\/uploads\/2023\/10\/Logod-300x105.png\" alt=\"\" width=\"300\" height=\"105\" \/><\/p>\n<\/div>\n<\/div>\n<\/div>\n<\/div>\n<\/div>\n<\/div>\n<\/div>\n<\/div>\n<\/article>\n<\/div>\n<\/div>\n<footer id=\"colophon\" class=\"site-footer\">\n<div class=\"site-footer__container\">\n<div class=\"site-footer__column widget-area\" role=\"complementary\">\n<div class=\"footer_column_1\">Lue lis\u00e4\u00e4: <a href=\"https:\/\/www.kiilto.fi\/tuote\/kiilto-70-lattiamassa-5-100-mm\/\" target=\"_blank\" rel=\"noopener\">https:\/\/www.kiilto.fi\/tuote\/kiilto-70-lattiamassa-5-100-mm\/<\/a><\/div>\n<\/div>\n<\/div>\n<\/footer>","protected":false},"excerpt":{"rendered":"<div class=\"single-product__text-header\">\n<div class=\"single-product__title-secondary\"><strong>Lattiamassa 5\u2013100 mm<\/strong><\/div>\n<\/div>\n<div class=\"entry__content wysiwyg wysiwyg--no-pad wysiwyg--no-margin\">\n<p class=\"is-first-block\">Korkean lujuuden omaava lattiamassa valuihin, t\u00e4ytt\u00f6ihin ja kallistusten tekoon sis\u00e4- ja ulkotiloissa. Helposti hierrett\u00e4v\u00e4. Noin 11 l\/s\u00e4kki valmista massaa. Matala-alkalinen. Sementtisideaineinen.<\/p>\n<p class=\"h4\"><strong>Edut ja ominaisuudet<\/strong><\/p>\n<ul>\n<li>monik\u00e4ytt\u00f6inen, kevyt ty\u00f6st\u00e4\u00e4<\/li>\n<li>valut, t\u00e4yt\u00f6t, oikaisutasoitukset, kallistukset, lattial\u00e4mmityslattiat<\/li>\n<li>riittoisuus 1,9 kg\/m\u00b2\/mm<\/li>\n<li>k\u00e4velynkest\u00e4v\u00e4 2 h<\/li>\n<li>p\u00e4\u00e4llystett\u00e4viss\u00e4 50 mm\/1\u20133 vrk, 100 mm\/5 vrk<\/li>\n<li>sis\u00e4- ja ulkotilat<\/li>\n<\/ul>\n<\/div>","protected":false},"featured_media":454,"comment_status":"open","ping_status":"closed","template":"","meta":{"_et_pb_use_builder":"on","_et_pb_old_content":"<div id=\"content\" class=\"site-content\" role=\"main\">\r\n<div id=\"primary\" class=\"primary\"><article id=\"post-2941\" class=\"entry wrap post-2941 product type-product status-publish hentry product-cat-construction product-cat-castings-and-fillings product-cat-floor-levelling-screed-and-compounds-accessories\" data-business-units=\"rt\" data-article-type=\"product\">\r\n<div class=\"single-product__tabs\">\r\n<div class=\"tabs\">\r\n<div class=\"tabs__panel\" data-hash-tab=\"product-information\" data-hash-tab-active=\"\">\r\n<div class=\"single-product__tab-product-info\">\r\n<div class=\"single-product__tab-product-info-column\">\r\n<div class=\"product-info\">\r\n<div class=\"product-info__section\">\r\n<div class=\"product-info__title\"><strong>Application<\/strong><\/div>\r\n<div class=\"product-info__content\">\r\n\r\nSpecial cement-based, fast setting and drying floor screed for castings, fillings and slopes at thicknesses 5-100 mm in interior areas. Suitable for interior and exterior use. Carefully floated surface is suitable for waterproofing. For finishing the floor prior to floor covering we recommend Kiilto levelling compounds, if needed. The concrete substrate must comply with national standards. (In Finland Sis\u00e4RYL 2013 and BY 45).\r\n\r\n1. Bonded floor\/firm concrete subfloor or building board: The substrate must be clean, solid and firm. Remove cement laitance, paint splashes, adhesive residue and other impurities and brush or vacuum the floor thoroughly.\r\nConcrete subfloors are pre-treated with diluted Kiilto Start Primer (10\u201320% primer\/80\u201390% water) prior to application of the floor screed. With building board subfloors, use Kiilto Start Primer undiluted.\r\nIn outdoor applications and with non-absorbent substrates prime the substrate with Kiilto Fix Primer or make a bond bridge with, e.g. Kiilto Saneerauslaasti cementitious adhesive with a notched trowel. In ground supported structures, the capillary rise of moisture must be prevented.\r\nWith a bonded cast floor we recommend using the maximum amount of water (2.8 L\/20 kg) in order to get proper adhesion between the screed layer and the subfloor.\r\nUnderfloor heating can be installed directly on a primed (Kiilto Start Primer), coarse, firm concrete or gypsum board surface. Heating pipes\/cables are fixed on the subfloor with, e.g., hot-melt adhesive or with suitable installation clips. If using a fibreglass underfloor heating mat, e.g., in renovation, use more flowable Kiilto Lattial\u00e4mmitystasoite levelling screed for floor heating.\r\n\r\n2. Floating construction\/weak concrete subfloor:\r\nThe cast is separated from the subfloor, for example, with Kiilto Valusuojakangas separation fabric or construction paper. The cast is detached from walls and inlets with separating boards\/elastic sealant. The thickness of the cast shall be at least 50 mm reinforced construction (e.g., # 150 \u00d8 5). In underfloor heating floors, the heating cables\/pipes are fixed in the concrete reinforcement.\r\n\r\n<img class=\"alignnone size-medium wp-image-427\" src=\"https:\/\/profsystem.eu\/wp-content\/uploads\/2023\/10\/Logod-300x105.png\" alt=\"\" width=\"300\" height=\"105\" \/>\r\n\r\n<\/div>\r\n<\/div>\r\n<\/div>\r\n<\/div>\r\n<\/div>\r\n<\/div>\r\n<\/div>\r\n<\/div>\r\n<\/article><\/div>\r\n<\/div>\r\n<footer id=\"colophon\" class=\"site-footer\">\r\n<div class=\"site-footer__container\">\r\n<div class=\"site-footer__column widget-area\" role=\"complementary\">\r\n<div class=\"footer_column_1\">Read more: <a href=\"https:\/\/www.kiilto.com\/product\/kiilto-70-lattiamassa-5-100-mm\/\">https:\/\/www.kiilto.com\/product\/kiilto-70-lattiamassa-5-100-mm\/<\/a><\/div>\r\n<\/div>\r\n<\/div>\r\n<\/footer>","_et_gb_content_width":""},"product_cat":[24],"product_tag":[],"class_list":{"0":"post-441","1":"product","2":"type-product","3":"status-publish","4":"has-post-thumbnail","6":"product_cat-castings-and-fillings","8":"first","9":"instock","10":"shipping-taxable","11":"product-type-simple"},"_links":{"self":[{"href":"https:\/\/profsystem.eu\/fi\/wp-json\/wp\/v2\/product\/441","targetHints":{"allow":["GET"]}}],"collection":[{"href":"https:\/\/profsystem.eu\/fi\/wp-json\/wp\/v2\/product"}],"about":[{"href":"https:\/\/profsystem.eu\/fi\/wp-json\/wp\/v2\/types\/product"}],"replies":[{"embeddable":true,"href":"https:\/\/profsystem.eu\/fi\/wp-json\/wp\/v2\/comments?post=441"}],"wp:featuredmedia":[{"embeddable":true,"href":"https:\/\/profsystem.eu\/fi\/wp-json\/wp\/v2\/media\/454"}],"wp:attachment":[{"href":"https:\/\/profsystem.eu\/fi\/wp-json\/wp\/v2\/media?parent=441"}],"wp:term":[{"taxonomy":"product_cat","embeddable":true,"href":"https:\/\/profsystem.eu\/fi\/wp-json\/wp\/v2\/product_cat?post=441"},{"taxonomy":"product_tag","embeddable":true,"href":"https:\/\/profsystem.eu\/fi\/wp-json\/wp\/v2\/product_tag?post=441"}],"curies":[{"name":"wp","href":"https:\/\/api.w.org\/{rel}","templated":true}]}}