{"id":462,"date":"2023-10-15T17:57:27","date_gmt":"2023-10-15T14:57:27","guid":{"rendered":"https:\/\/profsystem.eu\/?post_type=product&#038;p=462"},"modified":"2023-11-13T00:07:12","modified_gmt":"2023-11-12T21:07:12","slug":"kiilto-rajausnauha-tape","status":"publish","type":"product","link":"https:\/\/profsystem.eu\/fi\/tuote\/kiilto-rajausnauha-tape\/","title":{"rendered":"Kiilto Rajausnauha"},"content":{"rendered":"<div class=\"product-info__title\"><strong>K\u00e4ytt\u00f6ala<\/strong><\/div>\n<div class=\"product-info__content\">\n<p class=\" translation-block\">Kiilto Rajausnauha on teippikiinnitteinen polyeteeninauha lattiatasoituksen rajaamiseen.\nSen avulla voidaan tasoitettavat alueet jakaa helposti pienempiin osiin.\nAlusta puhdistetaan irtop\u00f6lyst\u00e4 ja p\u00e4\u00e4s\u00e4\u00e4nt\u00f6isesti pohjustetaan esim. Kiilto Start Primerilla, kts. tuotekohtaiset ohjeet.<\/p>\n<p>&nbsp;<\/p>\n<p><strong>K\u00e4ytt\u00f6ohjeet<\/strong><\/p>\n<\/div>\n<div class=\"product-info__content\">\n<div class=\"product-info__section\">\n<div class=\"product-info__content\">\n<p>Tasoitettava lattia jaetaan haluttuihin alueisiin liimaamalla rajausnauha alustaan pohjustusaineen kuivuttua. Tasoitteen sitoutumisen j\u00e4lkeen nauha revit\u00e4\u00e4n irti alustasta.<\/p>\n<p>&nbsp;<\/p>\n<p>Lue lis\u00e4\u00e4: <a href=\"https:\/\/www.kiilto.fi\/tuote\/kiilto-rajausnauha\" target=\"_blank\" rel=\"noopener\">https:\/\/www.kiilto.fi\/tuote\/kiilto-rajausnauha<\/a><\/p>\n<\/div>\n<\/div>\n<\/div>","protected":false},"excerpt":{"rendered":"<div class=\"single-product__text-header\">\n<p class=\"single-product__title\"><strong>Kiilto Rajausnauha<\/strong><\/p>\n<div class=\"single-product__title-secondary\">Polyeteenimuovinen, teippikiinnitteinen rajausnauha lattiatasoituksen rajaamiseen.<\/div>\n<div>Nauhan mitat: 3 cm x 3 cm x 2 m<\/div>\n<div>Materiaali: Vaahtopolyeteeni<\/div>\n<div>V\u00e4ri: Sininen<\/div>\n<\/div>","protected":false},"featured_media":463,"comment_status":"open","ping_status":"closed","template":"","meta":{"_et_pb_use_builder":"","_et_pb_old_content":"","_et_gb_content_width":""},"product_cat":[25],"product_tag":[],"class_list":{"0":"post-462","1":"product","2":"type-product","3":"status-publish","4":"has-post-thumbnail","6":"product_cat-accessories-to-floor-levelling-compounds","8":"first","9":"instock","10":"shipping-taxable","11":"product-type-simple"},"_links":{"self":[{"href":"https:\/\/profsystem.eu\/fi\/wp-json\/wp\/v2\/product\/462","targetHints":{"allow":["GET"]}}],"collection":[{"href":"https:\/\/profsystem.eu\/fi\/wp-json\/wp\/v2\/product"}],"about":[{"href":"https:\/\/profsystem.eu\/fi\/wp-json\/wp\/v2\/types\/product"}],"replies":[{"embeddable":true,"href":"https:\/\/profsystem.eu\/fi\/wp-json\/wp\/v2\/comments?post=462"}],"wp:featuredmedia":[{"embeddable":true,"href":"https:\/\/profsystem.eu\/fi\/wp-json\/wp\/v2\/media\/463"}],"wp:attachment":[{"href":"https:\/\/profsystem.eu\/fi\/wp-json\/wp\/v2\/media?parent=462"}],"wp:term":[{"taxonomy":"product_cat","embeddable":true,"href":"https:\/\/profsystem.eu\/fi\/wp-json\/wp\/v2\/product_cat?post=462"},{"taxonomy":"product_tag","embeddable":true,"href":"https:\/\/profsystem.eu\/fi\/wp-json\/wp\/v2\/product_tag?post=462"}],"curies":[{"name":"wp","href":"https:\/\/api.w.org\/{rel}","templated":true}]}}