{"id":464,"date":"2023-10-15T18:03:07","date_gmt":"2023-10-15T15:03:07","guid":{"rendered":"https:\/\/profsystem.eu\/?post_type=product&#038;p=464"},"modified":"2023-10-15T18:03:07","modified_gmt":"2023-10-15T15:03:07","slug":"kiilto-tt","status":"publish","type":"product","link":"https:\/\/profsystem.eu\/fi\/tuote\/kiilto-tt\/","title":{"rendered":"Kiilto TT"},"content":{"rendered":"<div class=\"product-info__title\"><strong>K\u00e4ytt\u00f6ala<\/strong><\/div>\n<div class=\"product-info__content\">\n<p>Kiilto TT on oikaisutasoite sein\u00e4pinnoille sis\u00e4- ja ulkotiloissa. Soveltuu kiviainespintojen oikaisuihin ja paikkauksiin. Valmis tasoitepinta voidaan laatoittaa tai k\u00e4sitell\u00e4 Kiillon vedeneristeill\u00e4. Se voidaan tarvittaessa my\u00f6s ylitasoittaa muilla Kiilto sein\u00e4tasoitteilla k\u00e4ytt\u00f6kohteesta riippuen.<\/p>\n<div class=\"product-info__title\"><strong>K\u00e4ytt\u00f6ohjeet<\/strong><\/div>\n<div class=\"product-info__content\">\n<p>Tasoitettavien pintojen tulee olla kiinte\u00e4t, puhtaat ja p\u00f6lytt\u00f6m\u00e4t. Kuivat pinnat kostutetaan ennen tasoittamista. Uutta kerrosta vedett\u00e4ess\u00e4 on edellisen kerroksen oltava kuivunut. Lis\u00e4ksi pinta tulee tarvittaessa hioa ja puhdistaa huolellisesti ennen uuden tasoitekerroksen levitt\u00e4mist\u00e4.<\/p>\n<p>Kiilto TT sirotellaan hitaasti, jatkuvasti sekoittaen viile\u00e4\u00e4n (+18\u201320 \u00b0C) puhtaaseen veteen, kunnes muodostuu tasainen massa. Valmiin massan annetaan seist\u00e4 10\u201315 minuuttia, jonka j\u00e4lkeen sekoitetaan viel\u00e4 kerran. Tasoitemassa levitet\u00e4\u00e4n k\u00e4sinlevityksen\u00e4 ter\u00e4slastalla tai koneellisesti tasoiteruiskulla. My\u00f6s ruiskulla levitetty massa tasoitetaan k\u00e4sin ter\u00e4slastalla.<\/p>\n<p><img loading=\"lazy\" decoding=\"async\" class=\"alignnone size-medium wp-image-427\" src=\"https:\/\/profsystem.eu\/wp-content\/uploads\/2023\/10\/Logod-300x105.png\" alt=\"\" width=\"300\" height=\"105\" \/><\/p>\n<\/div>\n<p>Lue lis\u00e4\u00e4: <a href=\"https:\/\/www.kiilto.fi\/tuote\/kiilto-tt-oikaisutasoite-1-5-30-mm\" target=\"_blank\" rel=\"noopener\">https:\/\/www.kiilto.fi\/tuote\/kiilto-tt-oikaisutasoite-1-5-30-mm<\/a><\/p>\n<\/div>","protected":false},"excerpt":{"rendered":"<div class=\"single-product__text-header\">\n<div class=\"single-product__title-secondary\"><strong>Sein\u00e4tasoite<\/strong><\/div>\n<\/div>\n<div class=\"entry__content wysiwyg wysiwyg--no-pad wysiwyg--no-margin\">\n<p class=\"is-first-block\">Tiilitasoite ja paikkausmassa seinien tasoituksiin kuivissa sek\u00e4 m\u00e4rk\u00e4tiloissa. Osittain tasoittamisessa 1\u201330 mm, ylitasoituksissa 1\u20135 mm. Pinnoitettuna my\u00f6s ulos. Sementtisideaineinen.<\/p>\n<p class=\"h4\"><strong>Edut ja ominaisuudet<\/strong><\/p>\n<ul>\n<li>tiilitasoite, vedeneristett\u00e4viss\u00e4<\/li>\n<li>yleistasoitukset<\/li>\n<li>riittoisuus 1,4 kg\/m\u00b2\/mm<\/li>\n<li>p\u00e4\u00e4llystett\u00e4viss\u00e4 5 mm\/1 vrk, 30 mm\/4 vrk<\/li>\n<li>sis\u00e4tilat, pinnoitettuna my\u00f6s ulos<\/li>\n<\/ul>\n<\/div>","protected":false},"featured_media":465,"comment_status":"open","ping_status":"closed","template":"","meta":{"_et_pb_use_builder":"","_et_pb_old_content":"","_et_gb_content_width":""},"product_cat":[28],"product_tag":[],"class_list":{"0":"post-464","1":"product","2":"type-product","3":"status-publish","4":"has-post-thumbnail","6":"product_cat-straightening-filling-and-finishing-plaster","8":"first","9":"instock","10":"shipping-taxable","11":"product-type-simple"},"_links":{"self":[{"href":"https:\/\/profsystem.eu\/fi\/wp-json\/wp\/v2\/product\/464","targetHints":{"allow":["GET"]}}],"collection":[{"href":"https:\/\/profsystem.eu\/fi\/wp-json\/wp\/v2\/product"}],"about":[{"href":"https:\/\/profsystem.eu\/fi\/wp-json\/wp\/v2\/types\/product"}],"replies":[{"embeddable":true,"href":"https:\/\/profsystem.eu\/fi\/wp-json\/wp\/v2\/comments?post=464"}],"wp:featuredmedia":[{"embeddable":true,"href":"https:\/\/profsystem.eu\/fi\/wp-json\/wp\/v2\/media\/465"}],"wp:attachment":[{"href":"https:\/\/profsystem.eu\/fi\/wp-json\/wp\/v2\/media?parent=464"}],"wp:term":[{"taxonomy":"product_cat","embeddable":true,"href":"https:\/\/profsystem.eu\/fi\/wp-json\/wp\/v2\/product_cat?post=464"},{"taxonomy":"product_tag","embeddable":true,"href":"https:\/\/profsystem.eu\/fi\/wp-json\/wp\/v2\/product_tag?post=464"}],"curies":[{"name":"wp","href":"https:\/\/api.w.org\/{rel}","templated":true}]}}