{"id":466,"date":"2023-10-15T18:06:16","date_gmt":"2023-10-15T15:06:16","guid":{"rendered":"https:\/\/profsystem.eu\/?post_type=product&#038;p=466"},"modified":"2023-10-15T18:06:40","modified_gmt":"2023-10-15T15:06:40","slug":"kiilto-lk","status":"publish","type":"product","link":"https:\/\/profsystem.eu\/fi\/tuote\/kiilto-lk\/","title":{"rendered":"Kiilto LK"},"content":{"rendered":"<div class=\"product-info__title\"><strong>K\u00e4ytt\u00f6ala<\/strong><\/div>\n<div class=\"product-info__content\">\n<p>Kiilto LK on pohjatasoite kuiville sein\u00e4- ja kattopinnoille sis\u00e4tiloihin. Karkeat pinnat tasoitetaan ensin Kiilto SK tai Kiilto TT -tasoitteilla. Pintatasoitus tehd\u00e4\u00e4n Kiilto LH -tasoitteella. Valmis pinta voidaan pintatasoittaa tai maalata. Ei sovellu laatoituksen eik\u00e4 muovipinnoitteiden alustaksi.<\/p>\n<div class=\"product-info__title\"><strong>K\u00e4ytt\u00f6ohjeet<\/strong><\/div>\n<div class=\"product-info__content\">\n<p>Tasoitettavien pintojen tulee olla puhtaat, kuivat ja p\u00f6lytt\u00f6m\u00e4t. Uutta kerrosta vedett\u00e4ess\u00e4 on edellisen kerroksen oltava kuivunut. Lis\u00e4ksi pinta tulee tarvittaessa hioa ja puhdistaa huolellisesti ennen uuden tasoitekerroksen levitt\u00e4mist\u00e4.<\/p>\n<p>Kiilto LK sirotellaan hitaasti, jatkuvasti sekoittaen viile\u00e4\u00e4n (+18 \u00b0C ) puhtaaseen veteen, kunnes muodostuu tasainen massa. Valmiin massan annetaan seist\u00e4 n. 15 minuuttia, jonka j\u00e4lkeen sekoitetaan viel\u00e4 kerran. Tasoitemassa levitet\u00e4\u00e4n k\u00e4sinlevityksen\u00e4 ter\u00e4slastalla tai koneellisesti tasoiteruiskulla. My\u00f6s ruiskulla levitetty massa tasoitetaan k\u00e4sin ter\u00e4slastalla. Jos valmista tasoitetta j\u00e4\u00e4 seuraavaksi p\u00e4iv\u00e4ksi, on sen kuivuminen estett\u00e4v\u00e4 peitt\u00e4m\u00e4ll\u00e4 tasoiteastia.<\/p>\n<\/div>\n<p><img loading=\"lazy\" decoding=\"async\" class=\"alignnone size-medium wp-image-427\" src=\"https:\/\/profsystem.eu\/wp-content\/uploads\/2023\/10\/Logod-300x105.png\" alt=\"\" width=\"300\" height=\"105\" \/><\/p>\n<p>Lue lis\u00e4\u00e4: <a href=\"https:\/\/www.kiilto.fi\/tuote\/kiilto-lk-pohjatasoite-1-3-5-mm\" target=\"_blank\" rel=\"noopener\">https:\/\/www.kiilto.fi\/tuote\/kiilto-lk-pohjatasoite-1-3-5-mm<\/a><\/p>\n<\/div>","protected":false},"excerpt":{"rendered":"<div class=\"single-product__text-header\">\n<div class=\"single-product__title-secondary\"><strong>Sein\u00e4tasoite<\/strong><\/div>\n<\/div>\n<div class=\"entry__content wysiwyg wysiwyg--no-pad wysiwyg--no-margin\">\n<p class=\"is-first-block\">Liimasideaineinen pohjatasoite seinien ja kattojen tasoituksiin kuivissa sis\u00e4tiloissa. Maksimikerrospaksuus osittain tasoittamisessa 5 mm, ylitasoituksissa 3 mm.<\/p>\n<p class=\"h4\"><strong>Edut ja ominaisuudet<\/strong><\/p>\n<ul>\n<li>liimasideaineinen, vaalea, t\u00e4ytt\u00e4v\u00e4<\/li>\n<li>sein\u00e4- ja kattopintojen pohjatasoitukset<\/li>\n<li>riittoisuus 1,2 kg\/m\u00b2\/mm<\/li>\n<li>p\u00e4\u00e4llystett\u00e4viss\u00e4 3 mm\/1 vrk<\/li>\n<li>kuivat sis\u00e4tilat<\/li>\n<\/ul>\n<\/div>","protected":false},"featured_media":467,"comment_status":"open","ping_status":"closed","template":"","meta":{"_et_pb_use_builder":"","_et_pb_old_content":"","_et_gb_content_width":""},"product_cat":[29],"product_tag":[],"class_list":{"0":"post-466","1":"product","2":"type-product","3":"status-publish","4":"has-post-thumbnail","6":"product_cat-fine-plasters","8":"first","9":"instock","10":"shipping-taxable","11":"product-type-simple"},"_links":{"self":[{"href":"https:\/\/profsystem.eu\/fi\/wp-json\/wp\/v2\/product\/466","targetHints":{"allow":["GET"]}}],"collection":[{"href":"https:\/\/profsystem.eu\/fi\/wp-json\/wp\/v2\/product"}],"about":[{"href":"https:\/\/profsystem.eu\/fi\/wp-json\/wp\/v2\/types\/product"}],"replies":[{"embeddable":true,"href":"https:\/\/profsystem.eu\/fi\/wp-json\/wp\/v2\/comments?post=466"}],"wp:featuredmedia":[{"embeddable":true,"href":"https:\/\/profsystem.eu\/fi\/wp-json\/wp\/v2\/media\/467"}],"wp:attachment":[{"href":"https:\/\/profsystem.eu\/fi\/wp-json\/wp\/v2\/media?parent=466"}],"wp:term":[{"taxonomy":"product_cat","embeddable":true,"href":"https:\/\/profsystem.eu\/fi\/wp-json\/wp\/v2\/product_cat?post=466"},{"taxonomy":"product_tag","embeddable":true,"href":"https:\/\/profsystem.eu\/fi\/wp-json\/wp\/v2\/product_tag?post=466"}],"curies":[{"name":"wp","href":"https:\/\/api.w.org\/{rel}","templated":true}]}}