{"id":474,"date":"2023-10-15T18:22:17","date_gmt":"2023-10-15T15:22:17","guid":{"rendered":"https:\/\/profsystem.eu\/?post_type=product&#038;p=474"},"modified":"2023-11-12T23:42:47","modified_gmt":"2023-11-12T20:42:47","slug":"kiilto-pro-j","status":"publish","type":"product","link":"https:\/\/profsystem.eu\/fi\/tuote\/kiilto-pro-j\/","title":{"rendered":"Kiilto Pro J"},"content":{"rendered":"<div class=\"product-info__title\"><strong>K\u00e4ytt\u00f6ala<\/strong><\/div>\n<div class=\"product-info__content\">\n<p>Kiilto J on vesiohenteinen k\u00e4ytt\u00f6valmis tasoite kipsikartonkilevyjen saumanauhan kiinnitt\u00e4miseen ja tasoittamiseen kuivissa sis\u00e4tilojen seiniss\u00e4 ja katoissa. Soveltuu my\u00f6s viimeistelytasoituksiin ennen maalausta tai tapetointia. Valmis pinta voidaan tasoittaa, maalata tai tapetoida. Suosittelemme pohjamaalausta ennen tapetointia, jolloin uudelleentapetointi on helpompaa. T\u00e4ytt\u00e4\u00e4 tuotestandardien EN 13963:2005 ja EN15824:2009 vaatimukset.<\/p>\n<p>&nbsp;<\/p>\n<p><strong>K\u00e4ytt\u00f6ohjeet<\/strong><\/p>\n<div class=\"product-info__content\">\n<p>Tasoitettavien pintojen tulee olla puhtaat, kuivat ja p\u00f6lytt\u00f6m\u00e4t. Uutta kerrosta vedett\u00e4ess\u00e4 on edellisen kerroksen oltava kuivunut. Lis\u00e4ksi pinta tulee tarvittaessa hioa ja puhdistaa huolellisesti ennen uuden tasoitekerroksen levitt\u00e4mist\u00e4.<\/p>\n<p>Kiilto J on k\u00e4ytt\u00f6valmis massa. Pitk\u00e4n varastoinnin j\u00e4lkeen valmistasoite sekoitetaan ennen k\u00e4ytt\u00f6\u00e4. Tarvittaessa tuotetta voidaan ohentaa vedell\u00e4. Nauhoittaminen: Levitet\u00e4\u00e4n ensin tasoitetta saumaan ja painetaan saumanauha kiinni kapealla ter\u00e4slastalla. T\u00e4m\u00e4n j\u00e4lkeen tasoitetaan sauma levitt\u00e4m\u00e4ll\u00e4 tasoitetta leve\u00e4ll\u00e4 ter\u00e4slastalla saumanauhan p\u00e4\u00e4lle. Tasoitteen kuivuttua pinta hiotaan tarvittaessa. Jos\nkipsikartonkilevyn reunassa ei ole ohennusta, levitet\u00e4\u00e4n tasoitetta riitt\u00e4v\u00e4n leve\u00e4lti sauman ulkopuolelle, jotta saumakohta saadaan h\u00e4ivytetty\u00e4. T\u00e4ll\u00f6in my\u00f6s kipsikartonkilevyjen reunat viistet\u00e4\u00e4n.<\/p>\n<p><img loading=\"lazy\" decoding=\"async\" class=\"alignnone size-medium wp-image-475\" src=\"https:\/\/profsystem.eu\/wp-content\/uploads\/2023\/10\/Kiilto-J-Certificates-300x117.png\" alt=\"\" width=\"300\" height=\"117\" \/><\/p>\n<p>Lue lis\u00e4\u00e4:<a href=\"https:\/\/www.kiilto.fi\/tuote\/kiilto-j-nauhoitustasoite\" target=\"_blank\" rel=\"noopener\"> https:\/\/www.kiilto.fi\/tuote\/kiilto-j-nauhoitustasoite<\/a><\/p>\n<\/div>\n<\/div>","protected":false},"excerpt":{"rendered":"<div class=\"single-product__text-header\">\n<div class=\"single-product__title-secondary\"><strong>Nauhoitustasoite<\/strong><\/div>\n<\/div>\n<div class=\"entry__content wysiwyg wysiwyg--no-pad wysiwyg--no-margin\">\n<p class=\"is-first-block\">Valmistasoite kipsikartonkilevyjen saumanauhan sek\u00e4 kulmaprofiilien kiinnitt\u00e4miseen ja tasoittamiseen kuivien sis\u00e4tilojen seiniss\u00e4 ja katoissa. Nauhoitus k\u00e4sin tai koneellisesti.<\/p>\n<p class=\"h4\"><strong>Edut ja ominaisuudet<\/strong><\/p>\n<ul>\n<li>Vaalea, t\u00e4ytt\u00e4v\u00e4 koostumus<\/li>\n<li>My\u00f6s viimeistelytasoituksiin ennen maalausta tai tapetointia<\/li>\n<li>T\u00e4ytt\u00f6kyky max. 2 mm<\/li>\n<li>Riittoisuus 1 l\/m\u00b2\/mm<\/li>\n<li>Kuivumisaika on n. 1-2 h\/mm<\/li>\n<\/ul>\n<\/div>","protected":false},"featured_media":476,"comment_status":"open","ping_status":"closed","template":"","meta":{"_et_pb_use_builder":"","_et_pb_old_content":"","_et_gb_content_width":""},"product_cat":[30],"product_tag":[],"class_list":{"0":"post-474","1":"product","2":"type-product","3":"status-publish","4":"has-post-thumbnail","6":"product_cat-readymix-plasters","8":"first","9":"instock","10":"shipping-taxable","11":"product-type-simple"},"_links":{"self":[{"href":"https:\/\/profsystem.eu\/fi\/wp-json\/wp\/v2\/product\/474","targetHints":{"allow":["GET"]}}],"collection":[{"href":"https:\/\/profsystem.eu\/fi\/wp-json\/wp\/v2\/product"}],"about":[{"href":"https:\/\/profsystem.eu\/fi\/wp-json\/wp\/v2\/types\/product"}],"replies":[{"embeddable":true,"href":"https:\/\/profsystem.eu\/fi\/wp-json\/wp\/v2\/comments?post=474"}],"wp:featuredmedia":[{"embeddable":true,"href":"https:\/\/profsystem.eu\/fi\/wp-json\/wp\/v2\/media\/476"}],"wp:attachment":[{"href":"https:\/\/profsystem.eu\/fi\/wp-json\/wp\/v2\/media?parent=474"}],"wp:term":[{"taxonomy":"product_cat","embeddable":true,"href":"https:\/\/profsystem.eu\/fi\/wp-json\/wp\/v2\/product_cat?post=474"},{"taxonomy":"product_tag","embeddable":true,"href":"https:\/\/profsystem.eu\/fi\/wp-json\/wp\/v2\/product_tag?post=474"}],"curies":[{"name":"wp","href":"https:\/\/api.w.org\/{rel}","templated":true}]}}