{"id":489,"date":"2023-10-15T18:49:41","date_gmt":"2023-10-15T15:49:41","guid":{"rendered":"https:\/\/profsystem.eu\/?post_type=product&#038;p=489"},"modified":"2023-11-12T23:37:54","modified_gmt":"2023-11-12T20:37:54","slug":"kiilto-pro-lm","status":"publish","type":"product","link":"https:\/\/profsystem.eu\/fi\/tuote\/kiilto-pro-lm\/","title":{"rendered":"Kiilto Pro LM"},"content":{"rendered":"<div class=\"product-info__title\"><strong>K\u00e4ytt\u00f6ala<\/strong><\/div>\n<div class=\"product-info__content\">\n<p>Kiilto LM on vesiohenteinen, k\u00e4ytt\u00f6valmis yleistasoite, jota voidaan k\u00e4ytt\u00e4\u00e4 my\u00f6s kipsikartonkilevyjen saumanauhan kiinnitt\u00e4miseen ja tasoittamiseen. Tasoite soveltuu hyvin maalattavaksi tai tapetoitavaksi. Suosittelemme pohjamaalausta ennen tapetointia, jolloin uudelleentapetointi on helpompaa. T\u00e4ytt\u00e4\u00e4 tuotestandardien EN 13963:2005 ja EN 15824:2009 vaatimukset.<\/p>\n<p>&nbsp;<\/p>\n<p><strong>K\u00e4ytt\u00f6ohjeet<\/strong><\/p>\n<div class=\"product-info__content\">\n<p>Tasoitettavien pintojen tulee olla puhtaat, kuivat ja p\u00f6lytt\u00f6m\u00e4t. Uutta kerrosta vedett\u00e4ess\u00e4 on edellisen kerroksen oltava kuivunut. Lis\u00e4ksi pinta tulee tarvittaessa hioa ja puhdistaa huolellisesti ennen uuden tasoitekerroksen levitt\u00e4mist\u00e4. Kiilto LM on k\u00e4ytt\u00f6valmis massa. Pitk\u00e4n varastoinnin j\u00e4lkeen\nvalmistasoite sekoitetaan ennen k\u00e4ytt\u00f6\u00e4. Tarvittaessa tuotetta voidaan ohentaa vedell\u00e4. Tasoite levitet\u00e4\u00e4n ter\u00e4slastalla. Tasoite voidaan levitt\u00e4\u00e4 my\u00f6s pitk\u00e4nukkaisella telalla, jonka j\u00e4lkeen pinta tasoitetaan ter\u00e4slastalla.<\/p>\n<p>Nauhoitettaessa levitet\u00e4\u00e4n saumaan ensin tasoite, johon paperinen saumanauha painetaan huolellisesti kiinni. P\u00e4\u00e4lle levitet\u00e4\u00e4n toinen tasoitekerros leve\u00e4mm\u00e4ll\u00e4 lastalla. Tasoite on kuivuttuaan helposti hiottavissa.<\/p>\n<p>Tasoitettaessa maalattua lasikuitutapettia levitet\u00e4\u00e4n ensin kerros tasoitetta, hiotaaan ja levitet\u00e4\u00e4n viel\u00e4 toinen ohut kerros. N\u00e4in v\u00e4hennet\u00e4\u00e4n riski\u00e4 maalin reikiintymiselle.<\/p>\n<p><img loading=\"lazy\" decoding=\"async\" class=\"alignnone size-medium wp-image-475\" src=\"https:\/\/profsystem.eu\/wp-content\/uploads\/2023\/10\/Kiilto-J-Certificates-300x117.png\" alt=\"\" width=\"300\" height=\"117\" \/><\/p>\n<p>Lue lis\u00e4\u00e4: <a href=\"https:\/\/www.kiilto.fi\/tuote\/kiilto-lm-kevyttasoite\" target=\"_blank\" rel=\"noopener\">https:\/\/www.kiilto.fi\/tuote\/kiilto-lm-kevyttasoite<\/a><\/p>\n<\/div>\n<\/div>","protected":false},"excerpt":{"rendered":"<div class=\"single-product__text-header\">\n<div class=\"single-product__title-secondary\"><strong>Kevyttasoite<\/strong><\/div>\n<\/div>\n<div class=\"entry__content wysiwyg wysiwyg--no-pad wysiwyg--no-margin\">\n<p class=\"is-first-block\">Kevytt\u00e4ytteinen valmistasoite kuivien sis\u00e4tilojen seinien ja kattojen viimeistelyyn ennen maalausta tai tapetointia. Voidaan k\u00e4ytt\u00e4\u00e4 my\u00f6s kipsikartonkilevyjen saumanauhan kiinnitt\u00e4miseen ja tasoittamiseen.<\/p>\n<p class=\"h4\"><strong>Edut ja ominaisuudet<\/strong><\/p>\n<ul>\n<li>Eritt\u00e4in hyv\u00e4 t\u00e4ytt\u00f6kyky max. 4 mm, pieni kuivumiskutistuma<\/li>\n<li>Vaaleanharmaa<\/li>\n<li>Lasta- ja telalevitteinen<\/li>\n<li>My\u00f6s lasikuitutapetin ylitasoitukseen<\/li>\n<li>Voidaan maalata tai tapetoida p\u00e4\u00e4lle<\/li>\n<li>Soveltuu Kiilto Airblockin tiivistystuotteiden ylitasoituksiin sein\u00e4pinnoilla<\/li>\n<li>Riittoisuus 1 l\/m\u00b2\/mm<\/li>\n<li>Kuivumisaika on n. 1-2 h\/mm<\/li>\n<\/ul>\n<\/div>","protected":false},"featured_media":490,"comment_status":"open","ping_status":"closed","template":"","meta":{"_et_pb_use_builder":"","_et_pb_old_content":"","_et_gb_content_width":""},"product_cat":[30],"product_tag":[],"class_list":{"0":"post-489","1":"product","2":"type-product","3":"status-publish","4":"has-post-thumbnail","6":"product_cat-readymix-plasters","8":"first","9":"instock","10":"shipping-taxable","11":"product-type-simple"},"_links":{"self":[{"href":"https:\/\/profsystem.eu\/fi\/wp-json\/wp\/v2\/product\/489","targetHints":{"allow":["GET"]}}],"collection":[{"href":"https:\/\/profsystem.eu\/fi\/wp-json\/wp\/v2\/product"}],"about":[{"href":"https:\/\/profsystem.eu\/fi\/wp-json\/wp\/v2\/types\/product"}],"replies":[{"embeddable":true,"href":"https:\/\/profsystem.eu\/fi\/wp-json\/wp\/v2\/comments?post=489"}],"wp:featuredmedia":[{"embeddable":true,"href":"https:\/\/profsystem.eu\/fi\/wp-json\/wp\/v2\/media\/490"}],"wp:attachment":[{"href":"https:\/\/profsystem.eu\/fi\/wp-json\/wp\/v2\/media?parent=489"}],"wp:term":[{"taxonomy":"product_cat","embeddable":true,"href":"https:\/\/profsystem.eu\/fi\/wp-json\/wp\/v2\/product_cat?post=489"},{"taxonomy":"product_tag","embeddable":true,"href":"https:\/\/profsystem.eu\/fi\/wp-json\/wp\/v2\/product_tag?post=489"}],"curies":[{"name":"wp","href":"https:\/\/api.w.org\/{rel}","templated":true}]}}