{"id":493,"date":"2023-10-15T18:53:34","date_gmt":"2023-10-15T15:53:34","guid":{"rendered":"https:\/\/profsystem.eu\/?post_type=product&#038;p=493"},"modified":"2023-10-16T16:28:43","modified_gmt":"2023-10-16T13:28:43","slug":"kiilto-pro-lw","status":"publish","type":"product","link":"https:\/\/profsystem.eu\/fi\/tuote\/kiilto-pro-lw\/","title":{"rendered":"Kiilto Pro LW"},"content":{"rendered":"<div class=\"product-info__title\"><strong>K\u00e4ytt\u00f6ala<\/strong><\/div>\n<div class=\"product-info__content\">\n<p>Kiilto LW on vesiohenteinen, k\u00e4ytt\u00f6valmis yleistasoite. Tasoite soveltuu hyvin vedeneristett\u00e4v\u00e4ksi, laatoitettavaksi tai maalattavaksi. T\u00e4ytt\u00e4\u00e4 tuotestandardeissa EN 13963:2005 ja EN 15824:2009 asetetut vaatimukset.<\/p>\n<div><\/div>\n<div class=\"product-info__title\"><strong>K\u00e4ytt\u00f6ohjeet<\/strong><\/div>\n<div class=\"product-info__content\">\n<p>Tasoitettavien pintojen tulee olla puhtaat, kuivat ja p\u00f6lytt\u00f6m\u00e4t. Uutta kerrosta vedett\u00e4ess\u00e4 on edellisen kerroksen oltava kuivunut. Lis\u00e4ksi pinta tulee tarvittaessa hioa ja puhdistaa huolellisesti ennen uuden tasoitekerroksen levitt\u00e4mist\u00e4.<\/p>\n<p>Nauhoitettaessa levitet\u00e4\u00e4n saumaan ensin tasoite, johon paperinen saumanauha painetaan huolellisesti kiinni. P\u00e4\u00e4lle levitet\u00e4\u00e4n toinen tasoitekerros leve\u00e4mm\u00e4ll\u00e4 lastalla. Tasoite on kuivuttuaan helposti hiottavissa.<\/p>\n<p>Kiilto LW on k\u00e4ytt\u00f6valmis massa. Pitk\u00e4n varastoinnin j\u00e4lkeen valmistasoite sekoitetaan ennen k\u00e4ytt\u00f6\u00e4. Tarvittaessa tuotetta voidaan ohentaa pienell\u00e4 m\u00e4\u00e4r\u00e4ll\u00e4 vett\u00e4. Tasoite levitet\u00e4\u00e4n ter\u00e4slastalla.<\/p>\n<p><img loading=\"lazy\" decoding=\"async\" class=\"alignnone size-medium wp-image-475\" src=\"https:\/\/profsystem.eu\/wp-content\/uploads\/2023\/10\/Kiilto-J-Certificates-300x117.png\" alt=\"\" width=\"300\" height=\"117\" \/><\/p>\n<p>Lue lis\u00e4\u00e4:<a href=\"https:\/\/www.kiilto.fi\/tuote\/kiilto-lw-kevyt-markatilatasoite\" target=\"_blank\" rel=\"noopener\"> https:\/\/www.kiilto.fi\/tuote\/kiilto-lw-kevyt-markatilatasoite<\/a><\/p>\n<\/div>\n<\/div>","protected":false},"excerpt":{"rendered":"<div class=\"single-product__text-header\">\n<div class=\"single-product__title-secondary\"><strong>Kevyt m\u00e4rk\u00e4tilatasoite<\/strong><\/div>\n<\/div>\n<div class=\"entry__content wysiwyg wysiwyg--no-pad wysiwyg--no-margin\">\n<p class=\"is-first-block\">Kosteudenkest\u00e4v\u00e4 valmistasoite kuivien ja m\u00e4rk\u00e4tilojen seinien ja kattojen tasoituksiin. Soveltuu vedeneristett\u00e4v\u00e4ksi, laatoitettavaksi tai maalattavaksi sek\u00e4 kipsikartonkilevyjen saumanauhan kiinnitt\u00e4miseen m\u00e4rk\u00e4tiloissa.<\/p>\n<p class=\"h4\"><strong>Edut ja ominaisuudet<\/strong><\/p>\n<ul>\n<li>Eritt\u00e4in hyv\u00e4 t\u00e4ytt\u00f6kyky max. 4 mm<\/li>\n<li>Kevyt hioa<\/li>\n<li>Soveltuu Kiilto Airblockin tiivistystuotteiden ylitasoituksiin sein\u00e4pinnoilla<\/li>\n<li>Riittoisuus 1 l\/m\u00b2\/mm<\/li>\n<li>Kuivumisaika on n. 1-2 h\/mm<\/li>\n<\/ul>\n<\/div>","protected":false},"featured_media":494,"comment_status":"open","ping_status":"closed","template":"","meta":{"_et_pb_use_builder":"","_et_pb_old_content":"","_et_gb_content_width":""},"product_cat":[30],"product_tag":[],"class_list":{"0":"post-493","1":"product","2":"type-product","3":"status-publish","4":"has-post-thumbnail","6":"product_cat-readymix-plasters","8":"first","9":"instock","10":"shipping-taxable","11":"product-type-simple"},"_links":{"self":[{"href":"https:\/\/profsystem.eu\/fi\/wp-json\/wp\/v2\/product\/493","targetHints":{"allow":["GET"]}}],"collection":[{"href":"https:\/\/profsystem.eu\/fi\/wp-json\/wp\/v2\/product"}],"about":[{"href":"https:\/\/profsystem.eu\/fi\/wp-json\/wp\/v2\/types\/product"}],"replies":[{"embeddable":true,"href":"https:\/\/profsystem.eu\/fi\/wp-json\/wp\/v2\/comments?post=493"}],"wp:featuredmedia":[{"embeddable":true,"href":"https:\/\/profsystem.eu\/fi\/wp-json\/wp\/v2\/media\/494"}],"wp:attachment":[{"href":"https:\/\/profsystem.eu\/fi\/wp-json\/wp\/v2\/media?parent=493"}],"wp:term":[{"taxonomy":"product_cat","embeddable":true,"href":"https:\/\/profsystem.eu\/fi\/wp-json\/wp\/v2\/product_cat?post=493"},{"taxonomy":"product_tag","embeddable":true,"href":"https:\/\/profsystem.eu\/fi\/wp-json\/wp\/v2\/product_tag?post=493"}],"curies":[{"name":"wp","href":"https:\/\/api.w.org\/{rel}","templated":true}]}}