{"id":496,"date":"2023-10-15T19:00:40","date_gmt":"2023-10-15T16:00:40","guid":{"rendered":"https:\/\/profsystem.eu\/?post_type=product&#038;p=496"},"modified":"2023-10-15T19:02:46","modified_gmt":"2023-10-15T16:02:46","slug":"kiilto-nurkkavahvike-tape","status":"publish","type":"product","link":"https:\/\/profsystem.eu\/fi\/tuote\/kiilto-nurkkavahvike-tape\/","title":{"rendered":"Kiilto Nurkkavahvikenauha"},"content":{"rendered":"<div class=\"product-info__title\"><strong>K\u00e4ytt\u00f6ala<\/strong><\/div>\n<div class=\"product-info__content\">\n<p>Nurkkien, saumojen ja eri materiaalien rajakohtien tiivist\u00e4miseen Kiilto vedeneristeiden kanssa vedeneristysj\u00e4rjestelmiss\u00e4.<\/p>\n<div class=\"product-info__title\"><strong>K\u00e4ytt\u00f6ohjeet<\/strong><\/div>\n<div class=\"product-info__content\">\n<p>Sein\u00e4t:<br \/>\nHio ja\/tai tasoita tarvittaessa ep\u00e4tasaiset alustat Kiilto sementtipohjaisilla sein\u00e4tasoitteilla. Pohjusta kuiva sein\u00e4pinta ennen vedeneristysty\u00f6n aloittamista siihen tarkoitetulla Kiilto primerilla pohjustusohjeen mukaisesti.\nSekoita vedeneriste aina ennen k\u00e4ytt\u00f6\u00e4.<\/p>\n<p>Levit\u00e4 Kiilto vedeneriste sein\u00e4pinnoilla pystynurkkien, rakennuslevy- ja muiden sein\u00e4nalustamateriaalien saumoihin ja rajakohtiin. Kiinnit\u00e4 n\u00e4ihin kohtiin Kiilto Nurkkavahvikenauha (lev. nurkat 10 cm\/20 cm ja saumat 10 cm) tuoreeseen vedeneristeeseen ja varmista, ett\u00e4 vahvike kastuu l\u00e4pi.<\/p>\n<p>Lattiat:<br \/>\nHio ja\/tai tasoita ep\u00e4tasaiset alustat tarvittaessa Kiilto tasoitteella. Pohjusta kuiva lattiapinta ennen vedeneristysty\u00f6n aloittamista Kiilto primerilla ohjeen mukaan.<\/p>\n<p>Sekoita vedeneriste aina ennen k\u00e4ytt\u00f6\u00e4. Levit\u00e4 Kiilto vedeneriste vaakanurkkiin ja l\u00e4pivientien kohdalle ja kiinnit\u00e4 Kiilto Nurkkavahvikenauha tuoreeseen vedeneristeeseen ja tarkista, ett\u00e4 vahvike kastuu l\u00e4pi.<\/p>\n<\/div>\n<p><img loading=\"lazy\" decoding=\"async\" class=\"alignnone size-full wp-image-497\" src=\"https:\/\/profsystem.eu\/wp-content\/uploads\/2023\/10\/Tape-certificates.png\" alt=\"\" width=\"237\" height=\"107\" srcset=\"https:\/\/profsystem.eu\/wp-content\/uploads\/2023\/10\/Tape-certificates.png 237w, https:\/\/profsystem.eu\/wp-content\/uploads\/2023\/10\/Tape-certificates-150x68.png 150w, https:\/\/profsystem.eu\/wp-content\/uploads\/2023\/10\/Tape-certificates-18x8.png 18w\" sizes=\"auto, (max-width: 237px) 100vw, 237px\" \/><\/p>\n<p>Lue lis\u00e4\u00e4: <a href=\"https:\/\/www.kiilto.fi\/tuote\/kiilto-nurkkavahvikenauha\" target=\"_blank\" rel=\"noopener\">https:\/\/www.kiilto.fi\/tuote\/kiilto-nurkkavahvikenauha<\/a><\/p>\n<\/div>\n<p>&nbsp;<\/p>","protected":false},"excerpt":{"rendered":"<p>Kuitukangasnauha nurkkien ja kulmien vahvistamiseen ja tiivist\u00e4miseen Kiilto vedeneristeiden yhteydess\u00e4.<\/p>\n<p>&nbsp;<\/p>\n<div class=\"product-info__title\"><strong>Ty\u00f6olot<\/strong><\/div>\n<div class=\"product-info__content\">\n<p>Huomaa, ett\u00e4 ymp\u00e4r\u00f6iv\u00e4t rakenteet saattavat vaatia alhaisempaa betonin kosteutta kuin vedeneristyskalvo.<\/p>\n<\/div>","protected":false},"featured_media":498,"comment_status":"open","ping_status":"closed","template":"","meta":{"_et_pb_use_builder":"","_et_pb_old_content":"","_et_gb_content_width":""},"product_cat":[20],"product_tag":[],"class_list":{"0":"post-496","1":"product","2":"type-product","3":"status-publish","4":"has-post-thumbnail","6":"product_cat-waterproofing","8":"first","9":"instock","10":"shipping-taxable","11":"product-type-simple"},"_links":{"self":[{"href":"https:\/\/profsystem.eu\/fi\/wp-json\/wp\/v2\/product\/496","targetHints":{"allow":["GET"]}}],"collection":[{"href":"https:\/\/profsystem.eu\/fi\/wp-json\/wp\/v2\/product"}],"about":[{"href":"https:\/\/profsystem.eu\/fi\/wp-json\/wp\/v2\/types\/product"}],"replies":[{"embeddable":true,"href":"https:\/\/profsystem.eu\/fi\/wp-json\/wp\/v2\/comments?post=496"}],"wp:featuredmedia":[{"embeddable":true,"href":"https:\/\/profsystem.eu\/fi\/wp-json\/wp\/v2\/media\/498"}],"wp:attachment":[{"href":"https:\/\/profsystem.eu\/fi\/wp-json\/wp\/v2\/media?parent=496"}],"wp:term":[{"taxonomy":"product_cat","embeddable":true,"href":"https:\/\/profsystem.eu\/fi\/wp-json\/wp\/v2\/product_cat?post=496"},{"taxonomy":"product_tag","embeddable":true,"href":"https:\/\/profsystem.eu\/fi\/wp-json\/wp\/v2\/product_tag?post=496"}],"curies":[{"name":"wp","href":"https:\/\/api.w.org\/{rel}","templated":true}]}}