{"id":502,"date":"2023-10-15T19:09:45","date_gmt":"2023-10-15T16:09:45","guid":{"rendered":"https:\/\/profsystem.eu\/?post_type=product&#038;p=502"},"modified":"2023-10-15T19:10:21","modified_gmt":"2023-10-15T16:10:21","slug":"kiilto-sisanurkkavahvike","status":"publish","type":"product","link":"https:\/\/profsystem.eu\/fi\/tuote\/kiilto-sisanurkkavahvike\/","title":{"rendered":"Kiilto Sis\u00e4nurkkavahvike"},"content":{"rendered":"<div class=\"product-info__title\"><strong>K\u00e4ytt\u00f6ala<\/strong><\/div>\n<div class=\"product-info__content\">\n<p class=\" translation-block\">Valmiiksi muotoiltu, joustava nurkkavahvike telattaviin vedeneristyksiin. Erityisesti k\u00e4ytett\u00e4v\u00e4 KeraSafe vedeneristysj\u00e4rjestelm\u00e4ss\u00e4.<\/p>\n<p><img loading=\"lazy\" decoding=\"async\" class=\"alignnone size-full wp-image-497\" src=\"https:\/\/profsystem.eu\/wp-content\/uploads\/2023\/10\/Tape-certificates.png\" alt=\"\" width=\"237\" height=\"107\" srcset=\"https:\/\/profsystem.eu\/wp-content\/uploads\/2023\/10\/Tape-certificates.png 237w, https:\/\/profsystem.eu\/wp-content\/uploads\/2023\/10\/Tape-certificates-150x68.png 150w, https:\/\/profsystem.eu\/wp-content\/uploads\/2023\/10\/Tape-certificates-18x8.png 18w\" sizes=\"auto, (max-width: 237px) 100vw, 237px\" \/><\/p>\n<p>Lue lis\u00e4\u00e4: <a href=\"https:\/\/www.kiilto.fi\/tuote\/kiilto-sisanurkkavahvike\/\" target=\"_blank\" rel=\"noopener\">https:\/\/www.kiilto.fi\/tuote\/kiilto-sisanurkkavahvike\/<\/a><\/p>\n<\/div>","protected":false},"excerpt":{"rendered":"<p>Valmis sis\u00e4nurkkavahvike Kiilto vedeneristeille.<\/p>","protected":false},"featured_media":503,"comment_status":"open","ping_status":"closed","template":"","meta":{"_et_pb_use_builder":"","_et_pb_old_content":"","_et_gb_content_width":""},"product_cat":[20],"product_tag":[],"class_list":{"0":"post-502","1":"product","2":"type-product","3":"status-publish","4":"has-post-thumbnail","6":"product_cat-waterproofing","8":"first","9":"instock","10":"shipping-taxable","11":"product-type-simple"},"_links":{"self":[{"href":"https:\/\/profsystem.eu\/fi\/wp-json\/wp\/v2\/product\/502","targetHints":{"allow":["GET"]}}],"collection":[{"href":"https:\/\/profsystem.eu\/fi\/wp-json\/wp\/v2\/product"}],"about":[{"href":"https:\/\/profsystem.eu\/fi\/wp-json\/wp\/v2\/types\/product"}],"replies":[{"embeddable":true,"href":"https:\/\/profsystem.eu\/fi\/wp-json\/wp\/v2\/comments?post=502"}],"wp:featuredmedia":[{"embeddable":true,"href":"https:\/\/profsystem.eu\/fi\/wp-json\/wp\/v2\/media\/503"}],"wp:attachment":[{"href":"https:\/\/profsystem.eu\/fi\/wp-json\/wp\/v2\/media?parent=502"}],"wp:term":[{"taxonomy":"product_cat","embeddable":true,"href":"https:\/\/profsystem.eu\/fi\/wp-json\/wp\/v2\/product_cat?post=502"},{"taxonomy":"product_tag","embeddable":true,"href":"https:\/\/profsystem.eu\/fi\/wp-json\/wp\/v2\/product_tag?post=502"}],"curies":[{"name":"wp","href":"https:\/\/api.w.org\/{rel}","templated":true}]}}