{"id":506,"date":"2023-10-15T19:14:50","date_gmt":"2023-10-15T16:14:50","guid":{"rendered":"https:\/\/profsystem.eu\/?post_type=product&#038;p=506"},"modified":"2023-11-12T23:04:04","modified_gmt":"2023-11-12T20:04:04","slug":"kiilto-lapivientivahvike","status":"publish","type":"product","link":"https:\/\/profsystem.eu\/fi\/tuote\/kiilto-lapivientivahvike\/","title":{"rendered":"Kiilto L\u00e4pivientivahvike"},"content":{"rendered":"<div class=\"product-info__title\"><strong>K\u00e4ytt\u00f6ala<\/strong><\/div>\n<div class=\"product-info__content\">\n<p>Joustava, k\u00e4ytt\u00f6valmis l\u00e4pivientivahvike eri kokoisten putkil\u00e4pivientien tiivist\u00e4miseen vedeneristyksess\u00e4.<\/p>\n<div class=\"product-info__title\"><strong>K\u00e4ytt\u00f6ohjeet<\/strong><\/div>\n<div class=\"product-info__content\">\n<p>Valitse putken halkaisijalle soveltuva l\u00e4pivientivahvike.<\/p>\n<p>Telattavat vedeneristeet:\nAseta l\u00e4pivientivahvike tuoreeseen vedeneristeeseen ja varmista l\u00e4pivettyminen sivelem\u00e4ll\u00e4 vedeneristett\u00e4 viel\u00e4 vahvikekappaleen p\u00e4\u00e4lle.<br \/>\nPlace the reinforcement sheet onto a fresh layer of waterproofing membrane. Apply an additional layer of the waterproofing membrane on the sheet to ensure proper wetting.<\/p>\n<p class=\" translation-block\">KeraSafe j\u00e4rjestelm\u00e4:\nLevit\u00e4 Kiilto KeraSeal l\u00e4piviennin ymp\u00e4rille ja asenna l\u00e4pivientivahvike tuoreeseen liimaan.<\/p>\n<p><img loading=\"lazy\" decoding=\"async\" class=\"alignnone size-full wp-image-497\" src=\"https:\/\/profsystem.eu\/wp-content\/uploads\/2023\/10\/Tape-certificates.png\" alt=\"\" width=\"237\" height=\"107\" srcset=\"https:\/\/profsystem.eu\/wp-content\/uploads\/2023\/10\/Tape-certificates.png 237w, https:\/\/profsystem.eu\/wp-content\/uploads\/2023\/10\/Tape-certificates-150x68.png 150w, https:\/\/profsystem.eu\/wp-content\/uploads\/2023\/10\/Tape-certificates-18x8.png 18w\" sizes=\"auto, (max-width: 237px) 100vw, 237px\" \/><\/p>\n<\/div>\n<p>Lue lis\u00e4\u00e4: <a href=\"https:\/\/www.kiilto.fi\/tuote\/kiilto-lapivientivahvike\" target=\"_blank\" rel=\"noopener\">https:\/\/www.kiilto.fi\/tuote\/kiilto-lapivientivahvike<\/a><\/p>\n<\/div>","protected":false},"excerpt":{"rendered":"<p>Valmis putken l\u00e4pivientivahvike. L\u00e4pivientivahvike halkaisijaltaan 10-16 mm, 18-34 mm ( esim. \u00d8 32 mm viem\u00e4ri), 34-55 mm (esim. hanakulmarasiaan), 55-75 mm (esim. \u00d8 75 mm viem\u00e4ri) ja 100-140 mm (esim. wc-istuin).<\/p>","protected":false},"featured_media":507,"comment_status":"open","ping_status":"closed","template":"","meta":{"_et_pb_use_builder":"","_et_pb_old_content":"","_et_gb_content_width":""},"product_cat":[20],"product_tag":[],"class_list":{"0":"post-506","1":"product","2":"type-product","3":"status-publish","4":"has-post-thumbnail","6":"product_cat-waterproofing","8":"first","9":"instock","10":"shipping-taxable","11":"product-type-simple"},"_links":{"self":[{"href":"https:\/\/profsystem.eu\/fi\/wp-json\/wp\/v2\/product\/506","targetHints":{"allow":["GET"]}}],"collection":[{"href":"https:\/\/profsystem.eu\/fi\/wp-json\/wp\/v2\/product"}],"about":[{"href":"https:\/\/profsystem.eu\/fi\/wp-json\/wp\/v2\/types\/product"}],"replies":[{"embeddable":true,"href":"https:\/\/profsystem.eu\/fi\/wp-json\/wp\/v2\/comments?post=506"}],"wp:featuredmedia":[{"embeddable":true,"href":"https:\/\/profsystem.eu\/fi\/wp-json\/wp\/v2\/media\/507"}],"wp:attachment":[{"href":"https:\/\/profsystem.eu\/fi\/wp-json\/wp\/v2\/media?parent=506"}],"wp:term":[{"taxonomy":"product_cat","embeddable":true,"href":"https:\/\/profsystem.eu\/fi\/wp-json\/wp\/v2\/product_cat?post=506"},{"taxonomy":"product_tag","embeddable":true,"href":"https:\/\/profsystem.eu\/fi\/wp-json\/wp\/v2\/product_tag?post=506"}],"curies":[{"name":"wp","href":"https:\/\/api.w.org\/{rel}","templated":true}]}}