{"id":510,"date":"2023-10-15T19:20:52","date_gmt":"2023-10-15T16:20:52","guid":{"rendered":"https:\/\/profsystem.eu\/?post_type=product&#038;p=510"},"modified":"2023-10-15T19:23:56","modified_gmt":"2023-10-15T16:23:56","slug":"kiilto-kerasafe-speed-a-x","status":"publish","type":"product","link":"https:\/\/profsystem.eu\/fi\/tuote\/kiilto-kerasafe-speed-a-x\/","title":{"rendered":"Kiilto KeraSafe Speed A + X"},"content":{"rendered":"<div class=\"single-product__text-header\">\n<div class=\"single-product__title-secondary\">\n<div class=\"product-info__title\"><strong>K\u00e4ytt\u00f6ala<\/strong><\/div>\n<div class=\"product-info__content\">\n<p>Kiilto KeraSafe Speed\u200b\u200b on kaksikomponenttinen liima, joka soveltuu KeraSafe-m\u00e4rk\u00e4tilan kalvon asentamiseen telalla tai harjalla.<\/p>\n<p class=\"product-info__title\"><strong>K\u00e4ytt\u00f6ohjeet<\/strong><\/p>\n<div class=\"product-info__content\">\n<p>Sekoitus:<br \/>\nShake the liquid. Pour it into the empty mixing container and sprinkle the powder component into the liquid while mixing. Carefully mix the liquid and the powder (mixing ratio 60:40 by weight) until an even mass is formed. The pot-life of the mixture is approx. 60 minutes &#8211; so mix only the amount that can be used within that time. Do not dilute a mixture that has started to harden.<\/p>\n<p>Sein\u00e4t:<br \/>\nIf needed, sand and\/or smooth uneven substrates with a Kiilto wall plaster suitable under waterproofing and tiling. Prior to KeraSafe installation, prime the dry wall with diluted &#8211; 1:1 Kiilto Keraprimer, if necessary. Note: Priming will lengthen the open time of Kiilto KeraSafe Speed after application. Allow the primer to dry for about 1 hour before installing KeraSafe. Apply Kiilto KeraSafe Speed on angles, corners and wall surface of an area that can be covered by one piece of foil. Place KeraSafe foil in position and see that in corners the foil folds 5 cm over to the next wall and 5 cm over the floor. Press the foil tightly onto the substrate and rub into position with a rigid plastic trowel so that all air is pressed out and the foil is fully adhered to the substrate. Use Kiilto KeraSafe Speed for gluing the lap joints of the foils.<\/p>\n<p>Lattiat:<br \/>\nIf necessary, sand and\/or smooth uneven substrates with Kiilto floor levelling compound. Prior to KeraSafe installation, prime the dry floor with diluted &#8211; 1:1 Kiilto Keraprimer, if necessary. Allow the primer to dry for about 1 hour before installing KeraSafe. Install self-adherent Kiilto KeraSafe drain reinforcement on the floor drain. Apply Kiilto KeraSafe Speed on the floor, lap joints and over the floor drain reinforcement sheet. Roll out the foil, and press into position to get all the air out. Apply Kiilto KeraSafe Speed around inlets and press suitable inlet reinforcements into position. Glue the pre-fabricated corner reinforcement pieces in place with Kiilto KeraSafe Speed. Apply Speed adhesive also on inlet reinforcement pieces and corner pieces. Before tiling, cut a hole (approx. 60 mm smaller than the diameter of the drain) for the floor drain in the foil, and mount the clamp ring.<\/p>\n<\/div>\n<p><img loading=\"lazy\" decoding=\"async\" class=\"alignnone size-medium wp-image-511\" src=\"https:\/\/profsystem.eu\/wp-content\/uploads\/2023\/10\/kerasafe-certificates-300x82.png\" alt=\"\" width=\"300\" height=\"82\" \/><\/p>\n<p>Lue lis\u00e4\u00e4: <a href=\"https:\/\/www.kiilto.fi\/tuote\/kiilto-pro-kerasafe-dual-ax-liima\/\" target=\"_blank\" rel=\"noopener\">https:\/\/www.kiilto.fi\/tuote\/kiilto-pro-kerasafe-dual-ax-liima\/<\/a><\/p>\n<\/div>\n<\/div>\n<\/div>","protected":false},"excerpt":{"rendered":"<div class=\"product-info__content\">\n<p><strong>KeraSafe+ kankaan kiinnitys- ja limitysliima<\/strong><\/p>\n<div class=\"entry__content wysiwyg wysiwyg--no-pad wysiwyg--no-margin\">\n<p class=\"is-first-block\">Pitk\u00e4n purkkiajan omaava, 2-komponenttinen, sementtipohjainen liima Kiilto KeraSafe+ Kankaan kiinnitykseen. Soveltuu my\u00f6s kankaan limitysten tiivistyksiin sek\u00e4 Kiilto L\u00e4pivientivahvikkeiden ja valmiiden nurkkavahvikkeiden kiinnityksiin.<\/p>\n<p class=\"h4\"><strong>Edut ja ominaisuudet<\/strong><\/p>\n<ul>\n<li>pitk\u00e4 purkkiaika n. 6 h sekoituksen j\u00e4lkeen<\/li>\n<li>avoin aika levityksen j\u00e4lkeen n. 30 minuuttia<\/li>\n<li>laatoitettavissa aikaisintaan 15 h kuluttua KeraSafe+ Kankaan asennuksesta<\/li>\n<\/ul>\n<\/div>\n<\/div>","protected":false},"featured_media":512,"comment_status":"open","ping_status":"closed","template":"","meta":{"_et_pb_use_builder":"","_et_pb_old_content":"","_et_gb_content_width":""},"product_cat":[20],"product_tag":[],"class_list":{"0":"post-510","1":"product","2":"type-product","3":"status-publish","4":"has-post-thumbnail","6":"product_cat-waterproofing","8":"first","9":"instock","10":"shipping-taxable","11":"product-type-simple"},"_links":{"self":[{"href":"https:\/\/profsystem.eu\/fi\/wp-json\/wp\/v2\/product\/510","targetHints":{"allow":["GET"]}}],"collection":[{"href":"https:\/\/profsystem.eu\/fi\/wp-json\/wp\/v2\/product"}],"about":[{"href":"https:\/\/profsystem.eu\/fi\/wp-json\/wp\/v2\/types\/product"}],"replies":[{"embeddable":true,"href":"https:\/\/profsystem.eu\/fi\/wp-json\/wp\/v2\/comments?post=510"}],"wp:featuredmedia":[{"embeddable":true,"href":"https:\/\/profsystem.eu\/fi\/wp-json\/wp\/v2\/media\/512"}],"wp:attachment":[{"href":"https:\/\/profsystem.eu\/fi\/wp-json\/wp\/v2\/media?parent=510"}],"wp:term":[{"taxonomy":"product_cat","embeddable":true,"href":"https:\/\/profsystem.eu\/fi\/wp-json\/wp\/v2\/product_cat?post=510"},{"taxonomy":"product_tag","embeddable":true,"href":"https:\/\/profsystem.eu\/fi\/wp-json\/wp\/v2\/product_tag?post=510"}],"curies":[{"name":"wp","href":"https:\/\/api.w.org\/{rel}","templated":true}]}}