{"id":527,"date":"2023-10-16T10:19:30","date_gmt":"2023-10-16T07:19:30","guid":{"rendered":"https:\/\/profsystem.eu\/?post_type=product&#038;p=527"},"modified":"2023-11-13T01:03:42","modified_gmt":"2023-11-12T22:03:42","slug":"kiilto-pro-tile-grout","status":"publish","type":"product","link":"https:\/\/profsystem.eu\/fi\/tuote\/kiilto-pro-tile-grout\/","title":{"rendered":"Kiilto Pro Tile Grout"},"content":{"rendered":"<div class=\"product-info__title\"><strong>K\u00e4ytt\u00f6ala<\/strong><\/div>\n<div class=\"product-info__content\">\n<p>Kiilto Pro Tile grout on v\u00e4h\u00e4p\u00e4\u00e4st\u00f6inen M1-luokiteltu saumalaasti laattojen, kaakelin ja klinkkerin sek\u00e4 muiden keraamisten materiaalien saumaukseen. Sauman leveys 1\u20136 mm. Sauman syvyyden on oltava v\u00e4hint\u00e4\u00e4n 3 mm.<\/p>\n<p class=\"product-info__title\"><strong>K\u00e4ytt\u00f6ohjeet<\/strong><\/p>\n<div class=\"product-info__content\">\n<p>Saumaus voidaan aloittaa 5 h\u20133 vrk:n kuluttua laatoituksesta kiinnityslaastista ja alustasta riippuen.<\/p>\n<p>Saumattaessa on alustan, laastin ja laattojen l\u00e4mp\u00f6tila oltava yli +5 \u00b0C. Lattial\u00e4mmitys on kytkett\u00e4v\u00e4 pois n. 1 vrk ennen laatoitusta ja se voidaan kytke\u00e4 uudelleen p\u00e4\u00e4lle noin 1 viikko laatoituksen j\u00e4lkeen. Saumauksen on annettava kuivua v\u00e4hint\u00e4\u00e4n 1 vuorokausi ennen tilan k\u00e4ytt\u00f6\u00f6n ottoa. Laasti ei sovellu kohteisiin, jotka ovat jatkuvasti veden alla (esim. uima-altaat).<\/p>\n<p>Sekoitus: 10 kg Kiilto Pro Tile grout saumalaastia sekoitetaan koneellisesti 3,0\u20133,2 litraan puhdasta, viile\u00e4\u00e4 vett\u00e4 ja annetaan liueta 10\u201315 min, jonka j\u00e4lkeen suoritetaan uusi sekoitus. Sekoitettu laasti on k\u00e4ytett\u00e4v\u00e4 2\u20133 tunnin kuluessa.<\/p>\n<p>Saumaus: Saumalaasti levitet\u00e4\u00e4n kumilastalla vinosti yli saumojen voimakkaasti painaen saumat t\u00e4yteen. Annetaan saumojen kuivua, kunnes laasti ei en\u00e4\u00e4 tartu sormeen (sein\u00e4laatoilla tavallisesti 15\u201330 min, lattialaatoilla 30\u201360 min), jonka j\u00e4lkeen suoritetaan puhdistus kostealla sienell\u00e4. Liian aikainen pesu tai runsas vedenk\u00e4ytt\u00f6 voivat aiheuttaa saumaan v\u00e4rieroja. Pesuvett\u00e4 on vaihdettava riitt\u00e4v\u00e4n usein, jolloin saadaan tasaisempi sauma ja v\u00e4hennet\u00e4\u00e4n kalkkisaostumien muodostumista. Puhdistuksen yhteydess\u00e4 saumaa voi viel\u00e4 tarvittaessa muotoilla. Sauman kuivuttua tehd\u00e4\u00e4n loppupuhdistus kuivalla rievulla tai trasselilla. Loppupuhdistuksen j\u00e4lkeen sauma tulee kastella puhtaalla vedell\u00e4 (esim. sumuttamalla) 1\u20133 kertaa ensimm\u00e4isen vuorokauden aikana.<\/p>\n<p>Liikuntasaumat, eritavalla liikkuvien rakennusosien rajakohdat (esim. nurkat ja l\u00e4piviennit) samoin kuin laatoituksen sek\u00e4 muiden pintamateriaalien v\u00e4liset saumat saumataan joustavalla Kiilto Saniteettisilikonilla. Huom! Lasittamattomat laatat on hyv\u00e4 kostuttaa ennen saumausta<\/p>\n<p>Huokoisilla laatoilla on saumalastin puhdistettavuus laatan pinnalta testattava etuk\u00e4teen.<\/p>\n<p>Avoid colours that differ greatly from the colour of the tiling. When grouting soap rock or other porous materials, carefully follow the tile manufacturer&#8217;s instructions.<\/p>\n<p>Matalilla saumoilla (lasimosaiikki tai ns. valesaumallinen sein\u00e4laatta) voidaan Kiilto Pro Tile grout saumalaastia k\u00e4ytt\u00e4\u00e4 Kiilto Strong Saumavahvisteella vahvistettuna, kunhan sauman leveys ja syvyys ovat v\u00e4hint\u00e4\u00e4n 1 mm. Sauman s\u00e4vyksi on valittava vaalea s\u00e4vy, sill\u00e4 tummilla s\u00e4vyill\u00e4 erisyvyiset saumat voivat erottua toisistaan. Valesaumallisia lattialaattoja ei suositella saumattavaksi, koska suurempi kulutus voi irrottaa laastin matalasta saumasta. Tarkemmat ohjeet l\u00f6ytyv\u00e4t osoitteesta www.kiilto.com.<\/p>\n<p><img loading=\"lazy\" decoding=\"async\" class=\"alignnone size-medium wp-image-529\" src=\"https:\/\/profsystem.eu\/wp-content\/uploads\/2023\/10\/cert-1-300x115.png\" alt=\"\" width=\"300\" height=\"115\" srcset=\"https:\/\/profsystem.eu\/wp-content\/uploads\/2023\/10\/cert-1-300x115.png 300w, https:\/\/profsystem.eu\/wp-content\/uploads\/2023\/10\/cert-1-150x58.png 150w, https:\/\/profsystem.eu\/wp-content\/uploads\/2023\/10\/cert-1-18x7.png 18w, https:\/\/profsystem.eu\/wp-content\/uploads\/2023\/10\/cert-1.png 383w\" sizes=\"auto, (max-width: 300px) 100vw, 300px\" \/><\/p>\n<p>Lue lis\u00e4\u00e4: <a href=\"https:\/\/www.kiilto.fi\/tuote\/kiilto-pro-tile-grout-saumalaasti\" target=\"_blank\" rel=\"noopener\">https:\/\/www.kiilto.fi\/tuote\/kiilto-pro-tile-grout-saumalaasti<\/a><\/p>\n<\/div>\n<\/div>","protected":false},"excerpt":{"rendered":"<div class=\"single-product__text-header\">\n<div class=\"single-product__title-secondary\"><strong>Saumalaasti<\/strong><\/div>\n<\/div>\n<div class=\"entry__content wysiwyg wysiwyg--no-pad wysiwyg--no-margin\">\n<p class=\"is-first-block\">Yleissaumalaasti seinien ja lattioiden kaakeli- ja klinkkerilaattojen saumaukseen. CG2 -luokiteltu, laaja v\u00e4rivalikoima.<\/p>\n<p class=\"h4\"><strong>Edut ja ominaisuudet<\/strong><\/p>\n<ul>\n<li>pitk\u00e4 ty\u00f6aika, laaja v\u00e4rivalikoima<\/li>\n<li>sein\u00e4- ja lattialaattojen saumaukset<\/li>\n<li>riittoisuus n. 1 kg\/m\u00b2 sauman ja laatan koosta riippuen<\/li>\n<li>sauman leveys 1\u20136 mm, 20 v\u00e4ris\u00e4vy\u00e4<\/li>\n<\/ul>\n<\/div>","protected":false},"featured_media":530,"comment_status":"open","ping_status":"closed","template":"","meta":{"_et_pb_use_builder":"","_et_pb_old_content":"","_et_gb_content_width":""},"product_cat":[31],"product_tag":[],"class_list":{"0":"post-527","1":"product","2":"type-product","3":"status-publish","4":"has-post-thumbnail","6":"product_cat-tile-grouts-and-silicones","8":"first","9":"instock","10":"shipping-taxable","11":"product-type-simple"},"_links":{"self":[{"href":"https:\/\/profsystem.eu\/fi\/wp-json\/wp\/v2\/product\/527","targetHints":{"allow":["GET"]}}],"collection":[{"href":"https:\/\/profsystem.eu\/fi\/wp-json\/wp\/v2\/product"}],"about":[{"href":"https:\/\/profsystem.eu\/fi\/wp-json\/wp\/v2\/types\/product"}],"replies":[{"embeddable":true,"href":"https:\/\/profsystem.eu\/fi\/wp-json\/wp\/v2\/comments?post=527"}],"wp:featuredmedia":[{"embeddable":true,"href":"https:\/\/profsystem.eu\/fi\/wp-json\/wp\/v2\/media\/530"}],"wp:attachment":[{"href":"https:\/\/profsystem.eu\/fi\/wp-json\/wp\/v2\/media?parent=527"}],"wp:term":[{"taxonomy":"product_cat","embeddable":true,"href":"https:\/\/profsystem.eu\/fi\/wp-json\/wp\/v2\/product_cat?post=527"},{"taxonomy":"product_tag","embeddable":true,"href":"https:\/\/profsystem.eu\/fi\/wp-json\/wp\/v2\/product_tag?post=527"}],"curies":[{"name":"wp","href":"https:\/\/api.w.org\/{rel}","templated":true}]}}