{"id":534,"date":"2023-10-16T10:25:13","date_gmt":"2023-10-16T07:25:13","guid":{"rendered":"https:\/\/profsystem.eu\/?post_type=product&#038;p=534"},"modified":"2023-10-16T10:29:52","modified_gmt":"2023-10-16T07:29:52","slug":"kiilto-pro-sanitary-silicone","status":"publish","type":"product","link":"https:\/\/profsystem.eu\/fi\/tuote\/kiilto-pro-sanitary-silicone\/","title":{"rendered":"Kiilto Pro Sanitary Silicone"},"content":{"rendered":"<div class=\"product-info__title\"><strong>K\u00e4ytt\u00f6ala<\/strong><\/div>\n<div class=\"product-info__content\">\n<p>Kiilto Pro Sanitary Silicone Saniteettisilikoni on yksikomponenttinen neutraali silikonimassa. T\u00e4ytt\u00e4\u00e4 tuotestandardin EN 15651-3:2012:n vaatimukset. Ei sovellu akvaarioihin eik\u00e4 luonnonkiville, kuten esim, marmorille. Peilin ja WC-istuimen kiinnitt\u00e4miseen suositellaan Kiilto Masaa. Yksitt\u00e4isten pienien laattojen kiinnitt\u00e4miseen voidaan l\u00e4ytt\u00e4\u00e4 harmaata silikonia, kun tarvitaan hieman korkeampaa l\u00e4mm\u00f6nkestoa (+150 \u00b0C).<\/p>\n<p class=\"product-info__title\"><strong>K\u00e4ytt\u00f6ohjeet<\/strong><\/p>\n<div class=\"product-info__content\">\n<p>Saumausalustan on oltava kuiva, p\u00f6lyt\u00f6n ja rasvaton. Sauman pohjat\u00e4ytteen\u00e4 voi k\u00e4ytt\u00e4\u00e4 umpisoluista muoviprofiilia.<\/p>\n<p>Kierr\u00e4 tulppa pois pursotusk\u00e4rjest\u00e4. Leikkaa patruunan p\u00e4\u00e4ss\u00e4 oleva kartio auki. Kierr\u00e4 pursotusk\u00e4rki paikoilleen ja katkaise se halutun kokoiseksi. Purista massa saumaan ja tasoita se v\u00e4litt\u00f6m\u00e4sti puhtaaseen veteen kostutetulla lastalla tai sormenp\u00e4\u00e4ll\u00e4. J\u00e4t\u00e4 pursotusk\u00e4rki paikoilleen ja sulje pakkaus tulpalla huolellisesti k\u00e4yt\u00f6n j\u00e4lkeen. J\u00e4lkipuhdistusta helpottaa, jos sauman reunat on rajattu esim. maalarinteipill\u00e4. Poista teippi heti ty\u00f6n j\u00e4lkeen.<br \/>\nby using a trowel or fingertip moistened with clean water. Leave the extrusion tip in place and close the cartridge with the cap properly after use. To facilitate cleaning, apply, for example, masking tape on<br \/>\nboth sides of the joint. Remember to remove the tape right after application.<\/p>\n<p>Uusittaessa silikonisaumoja poista ensin vanha silikoni. Lis\u00e4ksi poista mahdolliset homepilkut esimerkiksi k\u00e4ytt\u00e4en Kiilto Kodin Kloritea ohjeen mukaisesti.<\/p>\n<\/div>\n<p><img loading=\"lazy\" decoding=\"async\" class=\"alignnone wp-image-475 size-medium\" src=\"https:\/\/profsystem.eu\/wp-content\/uploads\/2023\/10\/Kiilto-J-Certificates-e1697441035467-300x82.png\" alt=\"\" width=\"300\" height=\"82\" \/><\/p>\n<p>Lue lis\u00e4\u00e4: <a href=\"https:\/\/www.kiilto.fi\/tuote\/kiilto-pro-sanitary-silicone-saniteettisilikoni\" target=\"_blank\" rel=\"noopener\">https:\/\/www.kiilto.fi\/tuote\/kiilto-pro-sanitary-silicone-saniteettisilikoni<\/a><\/p>\n<\/div>","protected":false},"excerpt":{"rendered":"<div class=\"single-product__text-header\">\n<div class=\"single-product__title-secondary\"><strong>Saniteettisilikoni<\/strong><\/div>\n<\/div>\n<div class=\"entry__content wysiwyg wysiwyg--no-pad wysiwyg--no-margin\">\n<p class=\"is-first-block\">M1-sis\u00e4ilmaluokiteltu, homesuojattu, mietotuoksuinen ja neutraali silikonimassa liikuntasaumojen, seinien ja lattioiden yhtym\u00e4kulmien ja muiden eri materiaalien rajojen sek\u00e4 l\u00e4pivientien tiivistykseen m\u00e4rk\u00e4tiloissa. My\u00f6s ulos.<\/p>\n<p class=\"h4\"><strong>Edut ja ominaisuudet<\/strong><\/p>\n<ul>\n<li>l\u00e4mm\u00f6nkesto +120 \u00b0C<\/li>\n<li>homesuojattu<\/li>\n<li>mieto tuoksu<\/li>\n<li>ei p\u00e4\u00e4llemaalattavissa<\/li>\n<li>sis\u00e4- ja ulkotiloihin<\/li>\n<\/ul>\n<\/div>","protected":false},"featured_media":535,"comment_status":"open","ping_status":"closed","template":"","meta":{"_et_pb_use_builder":"","_et_pb_old_content":"","_et_gb_content_width":""},"product_cat":[31],"product_tag":[],"class_list":{"0":"post-534","1":"product","2":"type-product","3":"status-publish","4":"has-post-thumbnail","6":"product_cat-tile-grouts-and-silicones","8":"first","9":"instock","10":"shipping-taxable","11":"product-type-simple"},"_links":{"self":[{"href":"https:\/\/profsystem.eu\/fi\/wp-json\/wp\/v2\/product\/534","targetHints":{"allow":["GET"]}}],"collection":[{"href":"https:\/\/profsystem.eu\/fi\/wp-json\/wp\/v2\/product"}],"about":[{"href":"https:\/\/profsystem.eu\/fi\/wp-json\/wp\/v2\/types\/product"}],"replies":[{"embeddable":true,"href":"https:\/\/profsystem.eu\/fi\/wp-json\/wp\/v2\/comments?post=534"}],"wp:featuredmedia":[{"embeddable":true,"href":"https:\/\/profsystem.eu\/fi\/wp-json\/wp\/v2\/media\/535"}],"wp:attachment":[{"href":"https:\/\/profsystem.eu\/fi\/wp-json\/wp\/v2\/media?parent=534"}],"wp:term":[{"taxonomy":"product_cat","embeddable":true,"href":"https:\/\/profsystem.eu\/fi\/wp-json\/wp\/v2\/product_cat?post=534"},{"taxonomy":"product_tag","embeddable":true,"href":"https:\/\/profsystem.eu\/fi\/wp-json\/wp\/v2\/product_tag?post=534"}],"curies":[{"name":"wp","href":"https:\/\/api.w.org\/{rel}","templated":true}]}}