{"id":540,"date":"2023-10-16T10:33:12","date_gmt":"2023-10-16T07:33:12","guid":{"rendered":"https:\/\/profsystem.eu\/?post_type=product&#038;p=540"},"modified":"2023-10-16T10:33:12","modified_gmt":"2023-10-16T07:33:12","slug":"kiilto-pro-xpu","status":"publish","type":"product","link":"https:\/\/profsystem.eu\/fi\/tuote\/kiilto-pro-xpu\/","title":{"rendered":"Kiilto Pro XPU"},"content":{"rendered":"<div class=\"product-info__title\"><strong>K\u00e4ytt\u00f6ala<\/strong><\/div>\n<div class=\"product-info__content\">\n<p>Kiilto XPU is a fast bonding, polyurethane-enhanced elastic adhesive sealant based on silyl polymer technology. Suitable for gluing and sealing of various materials (including weld lines) in structural bondings. Typical applications include truck bodies, mobile homes, buses and trains. In building Kiilto XPU is used e.g. for fixing of insulation panels, battens, washbasins and toilet seats. Suitable also to be used in conjunction with Kiilto one-component waterproofing membranes for sealing wall penetrations and for sealing Tulppa-wet room boards and inlets. Good adhesion on various stones, concrete, most metals, wood, glass and glazed surfaces as well as epoxy and polyester surfaces. With plastic and rubber preliminary adhesive tests are recommended prior to actual use. Has M1-emission classification for building products. Excellent adhesion to different materials &#8211; in most cases no need for priming. Elastic, yet mechanically strong bond. Does not contain PVC or solvents. Almost odourless. Good resistance against chemicals (weak solutions). Excellent resistance to weathering and UV-radiation. Almost non-shrinking. Paintable with most paints (test always before use). Sandable.<\/p>\n<p class=\"product-info__title\"><strong>K\u00e4ytt\u00f6ohjeet<\/strong><\/p>\n<div class=\"product-info__content\">\n<p>K\u00e4ytett\u00e4vien materiaalien on oltava p\u00f6lytt\u00f6mi\u00e4 ja kuivia sek\u00e4 puhdistettuja rasvasta ja \u00f6ljyst\u00e4. Parhaimpaan liimaustulokseen p\u00e4\u00e4st\u00e4\u00e4n, kun metallipinnat puhdistetaan Kiilto Cleaner 303:lla ja puhdistuksen j\u00e4lkeen primeroidaan Kiiltoflex Metalliprimerilla. Massa levitet\u00e4\u00e4n liimattavalle pinnalle ja tasoitetaan tarvittaessa lastalla. Liimattaessa suuria yhten\u00e4isi\u00e4 pintoja tai erityisen kuivissa olosuhteissa suosittelemme kevyen vesisumutuksen (n. 5\u201310 g\/m\u00b2) k\u00e4ytt\u00f6\u00e4. Sulje pakkaus huolellisesti k\u00e4yt\u00f6n j\u00e4lkeen. Kovettumaton tuote voidaan poistaa Kiilto Cleaner 303ill\u00e4 tai asetonilla. Kovettunut tuote vain mekaanisesti. Vallitsevat olosuhteet kuten l\u00e4mp\u00f6tila, alustan l\u00e4mp\u00f6tila, alustan laatu sek\u00e4 sen kosteus ja massam\u00e4\u00e4r\u00e4 voimakkaasti nahoittumisnopeuteen ja vulkanoitumiseen. N\u00e4in ollen suosituksiemme numeroarvoja voidaan k\u00e4ytt\u00e4\u00e4 vain l\u00e4ht\u00f6kohtana.<\/p>\n<p><img loading=\"lazy\" decoding=\"async\" class=\"alignnone size-medium wp-image-439\" src=\"https:\/\/profsystem.eu\/wp-content\/uploads\/2023\/10\/fix-300x82.png\" alt=\"\" width=\"300\" height=\"82\" \/><\/p>\n<p>Lue lis\u00e4\u00e4: <a href=\"https:\/\/www.kiilto.fi\/tuote\/kiilto-pro-xpu\" target=\"_blank\" rel=\"noopener\">https:\/\/www.kiilto.fi\/tuote\/kiilto-pro-xpu<\/a><\/p>\n<\/div>\n<\/div>","protected":false},"excerpt":{"rendered":"<div class=\"single-product__text-header\">\n<div class=\"single-product__title-secondary\"><strong>Liima-, tiiviste- ja vahvikemassa<\/strong><\/div>\n<\/div>\n<div class=\"entry__content wysiwyg wysiwyg--no-pad wysiwyg--no-margin\">\n<p class=\"is-first-block\">Eritt\u00e4in elastinen liima- ja tiivistemassa sis\u00e4- ja ulkotiloihin. Sopii erinomaisesti m\u00e4rk\u00e4tiloihin. Liuotteeton, Soveltuu Kiilto Oy:n 1-komponenttisten vedeneristeiden kanssa l\u00e4pivientien tiivistyksiin. Polyuretaanivahvistettu.<\/p>\n<p class=\"h4\"><strong>Edut ja ominaisuudet<\/strong><\/p>\n<ul>\n<li>Nopeasti sitova ja elastinen liimasauma, erinomainen tarttuvuus<\/li>\n<li>Liimaukset ja tiivistykset, soveltuu my\u00f6s asuntoautoihin ja -vaunuihin<\/li>\n<li>Riittoisuus 5 x 5 mm saumaa, n. 12 m\/patruuna<\/li>\n<li>Kuivumisaika 3 mm\/vrk, n. 10 mm\/7 vrk<\/li>\n<li>Sis\u00e4- ja ulkotilat<\/li>\n<\/ul>\n<\/div>","protected":false},"featured_media":541,"comment_status":"open","ping_status":"closed","template":"","meta":{"_et_pb_use_builder":"","_et_pb_old_content":"","_et_gb_content_width":""},"product_cat":[32],"product_tag":[],"class_list":{"0":"post-540","1":"product","2":"type-product","3":"status-publish","4":"has-post-thumbnail","6":"product_cat-adhesive-sealants","8":"first","9":"instock","10":"shipping-taxable","11":"product-type-simple"},"_links":{"self":[{"href":"https:\/\/profsystem.eu\/fi\/wp-json\/wp\/v2\/product\/540","targetHints":{"allow":["GET"]}}],"collection":[{"href":"https:\/\/profsystem.eu\/fi\/wp-json\/wp\/v2\/product"}],"about":[{"href":"https:\/\/profsystem.eu\/fi\/wp-json\/wp\/v2\/types\/product"}],"replies":[{"embeddable":true,"href":"https:\/\/profsystem.eu\/fi\/wp-json\/wp\/v2\/comments?post=540"}],"wp:featuredmedia":[{"embeddable":true,"href":"https:\/\/profsystem.eu\/fi\/wp-json\/wp\/v2\/media\/541"}],"wp:attachment":[{"href":"https:\/\/profsystem.eu\/fi\/wp-json\/wp\/v2\/media?parent=540"}],"wp:term":[{"taxonomy":"product_cat","embeddable":true,"href":"https:\/\/profsystem.eu\/fi\/wp-json\/wp\/v2\/product_cat?post=540"},{"taxonomy":"product_tag","embeddable":true,"href":"https:\/\/profsystem.eu\/fi\/wp-json\/wp\/v2\/product_tag?post=540"}],"curies":[{"name":"wp","href":"https:\/\/api.w.org\/{rel}","templated":true}]}}