{"id":542,"date":"2023-10-16T10:36:07","date_gmt":"2023-10-16T07:36:07","guid":{"rendered":"https:\/\/profsystem.eu\/?post_type=product&#038;p=542"},"modified":"2023-10-16T10:37:16","modified_gmt":"2023-10-16T07:37:16","slug":"kiilto-pro-masa","status":"publish","type":"product","link":"https:\/\/profsystem.eu\/fi\/tuote\/kiilto-pro-masa\/","title":{"rendered":"Kiilto Pro Masa"},"content":{"rendered":"<div class=\"product-info__title\"><strong>K\u00e4ytt\u00f6ala<\/strong><\/div>\n<div class=\"product-info__content\">\n<p>Tuote tarttuu erilaisiin kivipintoihin, betoniin, useimpiin metalleihin, puuhun, lasiin ja lasitettuihin pintoihin sek\u00e4 epoksi- ja polyesteripintoihin. Eri muovilaaduilla on syyt\u00e4 tehd\u00e4 tartuntakoe ennen varsinaista k\u00e4ytt\u00f6\u00e4. T\u00e4ytt\u00e4\u00e4 rakennusmateriaalien M1-p\u00e4\u00e4st\u00f6luokituksen. Liuotteeton, ei sis\u00e4ll\u00e4 isosyanaatteja eik\u00e4 ftalaatteja. P\u00e4\u00e4llemaalattavissa useimmilla vesiohenteisilla maaleilla (tee aina maalauskoe). Kest\u00e4\u00e4 eritt\u00e4in hyvin s\u00e4\u00e4rasitusta, hyv\u00e4 UV-valon kesto. Hyv\u00e4 kemikaalien kest\u00e4vyys (laimeat liuokset). Merivedenkest\u00e4v\u00e4. Ei sovellu lasitusk\u00e4ytt\u00f6\u00f6n.<\/p>\n<p class=\"product-info__title\"><strong>K\u00e4ytt\u00f6ohjeet<\/strong><\/p>\n<div class=\"product-info__content\">\n<p>K\u00e4ytett\u00e4vien materiaalien on oltava p\u00f6lytt\u00f6mi\u00e4, kuivia sek\u00e4 puhdistettuja rasvasta ja \u00f6ljyst\u00e4. Liimattaessa suuria yhten\u00e4isi\u00e4 pintoja tai erityisen kuivissa olosuhteissa suosittelemme kevyen vesisumutuksen (n. 5\u201310 g\/m\u00b2) k\u00e4ytt\u00f6\u00e4. Pintojenpuhdistukseen suosittelemme Kiilto Cleaner 303:a ja esik\u00e4sittelyyn Kiiltoflex Metalliprimeria.<\/p>\n<p>Leikkaa patruunan p\u00e4\u00e4ss\u00e4 oleva kartio auki. Kierr\u00e4 pursotusk\u00e4rki paikoilleen ja leikkaa k\u00e4rki halutun saumaleveyden kokoiseksi. Tuote levitet\u00e4\u00e4n joko k\u00e4si- tai paineilmatoimisella pistoolilla ja tarvittaessa tasoitetaan kostutetulla lastalla haluttuun muotoon. Sulje pakkaus huolellisesti k\u00e4yt\u00f6n j\u00e4lkeen. Kovettumaton tuote voidaan poistaa mineraalit\u00e4rp\u00e4till\u00e4 tai asetonilla. Kovettunut tuote vain mekaanisesti. Vallitsevat olosuhteet kuten ilman kosteus, ilman l\u00e4mp\u00f6tila, alustan laatu sek\u00e4 sen kosteus ja massam\u00e4\u00e4r\u00e4 vaikuttavat voimakkaasti nahoittumisnopeuteen ja vulkanoitumiseen.<\/p>\n<p><img loading=\"lazy\" decoding=\"async\" class=\"alignnone size-medium wp-image-543\" src=\"https:\/\/profsystem.eu\/wp-content\/uploads\/2023\/10\/Masa-cert-300x102.png\" alt=\"\" width=\"300\" height=\"102\" srcset=\"https:\/\/profsystem.eu\/wp-content\/uploads\/2023\/10\/Masa-cert-300x102.png 300w, https:\/\/profsystem.eu\/wp-content\/uploads\/2023\/10\/Masa-cert-150x51.png 150w, https:\/\/profsystem.eu\/wp-content\/uploads\/2023\/10\/Masa-cert-18x6.png 18w, https:\/\/profsystem.eu\/wp-content\/uploads\/2023\/10\/Masa-cert.png 464w\" sizes=\"auto, (max-width: 300px) 100vw, 300px\" \/><\/p>\n<p>Lue lis\u00e4\u00e4: <a href=\"https:\/\/www.kiilto.fi\/tuote\/kiilto-masa-liima-ja-tiivistemassa\" target=\"_blank\" rel=\"noopener\">https:\/\/www.kiilto.fi\/tuote\/kiilto-masa-liima-ja-tiivistemassa<\/a><\/p>\n<\/div>\n<\/div>","protected":false},"excerpt":{"rendered":"<div class=\"single-product__text-header\">\n<div class=\"single-product__title-secondary\"><strong>Liima- ja tiivistemassa<\/strong><\/div>\n<\/div>\n<div class=\"entry__content wysiwyg wysiwyg--no-pad wysiwyg--no-margin\">\n<p class=\"is-first-block\">Monik\u00e4ytt\u00f6inen liima- ja tiivistemassa rakentamisessa sek\u00e4 laiva-, vene- ja kuljetusv\u00e4lineteollisuudessa. Kest\u00e4\u00e4 hyvin s\u00e4\u00e4rasitusta ja UV-s\u00e4teily\u00e4. P\u00e4\u00e4lle maalattavissa. Liuotteeton, My\u00f6s mekaaniselle kulutukselle alttiit liikuntasaumaukset.<\/p>\n<p class=\"h4\"><strong>Edut ja ominaisuudet<\/strong><\/p>\n<ul>\n<li>Hyv\u00e4 tartunta moniin materiaaleihin, hyv\u00e4 s\u00e4\u00e4n- ja UV:n kesto, useita v\u00e4rej\u00e4<\/li>\n<li>NSF-rekister\u00f6ity: voidaan k\u00e4ytt\u00e4\u00e4 tiloissa, joissa k\u00e4sitell\u00e4\u00e4n elintarvikkeita<\/li>\n<li>Liimaukset ja tiivistykset<\/li>\n<li>Riittoisuus 5 x 5 mm saumaa, n. 12 m\/patruuna<\/li>\n<li>Kuivumisaika 3 mm\/vrk, n. 10 mm\/7 vrk<\/li>\n<li>Sis\u00e4- ja ulkotilat<\/li>\n<\/ul>\n<\/div>","protected":false},"featured_media":544,"comment_status":"open","ping_status":"closed","template":"","meta":{"_et_pb_use_builder":"","_et_pb_old_content":"","_et_gb_content_width":""},"product_cat":[32],"product_tag":[],"class_list":{"0":"post-542","1":"product","2":"type-product","3":"status-publish","4":"has-post-thumbnail","6":"product_cat-adhesive-sealants","8":"first","9":"instock","10":"shipping-taxable","11":"product-type-simple"},"_links":{"self":[{"href":"https:\/\/profsystem.eu\/fi\/wp-json\/wp\/v2\/product\/542","targetHints":{"allow":["GET"]}}],"collection":[{"href":"https:\/\/profsystem.eu\/fi\/wp-json\/wp\/v2\/product"}],"about":[{"href":"https:\/\/profsystem.eu\/fi\/wp-json\/wp\/v2\/types\/product"}],"replies":[{"embeddable":true,"href":"https:\/\/profsystem.eu\/fi\/wp-json\/wp\/v2\/comments?post=542"}],"wp:featuredmedia":[{"embeddable":true,"href":"https:\/\/profsystem.eu\/fi\/wp-json\/wp\/v2\/media\/544"}],"wp:attachment":[{"href":"https:\/\/profsystem.eu\/fi\/wp-json\/wp\/v2\/media?parent=542"}],"wp:term":[{"taxonomy":"product_cat","embeddable":true,"href":"https:\/\/profsystem.eu\/fi\/wp-json\/wp\/v2\/product_cat?post=542"},{"taxonomy":"product_tag","embeddable":true,"href":"https:\/\/profsystem.eu\/fi\/wp-json\/wp\/v2\/product_tag?post=542"}],"curies":[{"name":"wp","href":"https:\/\/api.w.org\/{rel}","templated":true}]}}