{"id":545,"date":"2023-10-16T10:39:23","date_gmt":"2023-10-16T07:39:23","guid":{"rendered":"https:\/\/profsystem.eu\/?post_type=product&#038;p=545"},"modified":"2023-10-16T10:51:13","modified_gmt":"2023-10-16T07:51:13","slug":"kiilto-pro-clear","status":"publish","type":"product","link":"https:\/\/profsystem.eu\/fi\/tuote\/kiilto-pro-clear\/","title":{"rendered":"Kiilto Pro Clear"},"content":{"rendered":"<div class=\"product-info__title\"><strong>K\u00e4ytt\u00f6ala<\/strong><\/div>\n<div class=\"product-info__content\">\n<p>Yksikomponenttinen Kiilto Clear -liimamassa on silyylipolymeeriteknologiaan perustuva kirkas elastinen liima. Tuote sopii kiinnitt\u00e4miseen sek\u00e4 tiivist\u00e4miseen ulko- ja sis\u00e4tiloissa. Esim. nopeaa kovettumista vaativat korirakenneliimaukset (auto, vene ja asuntovaunu), listoitusliimaukset, rakennuslevyjen kiinnitys sek\u00e4 mekaaniselle kulutukselle alttiit liikuntasaumaukset.<\/p>\n<p class=\"product-info__title\"><strong>K\u00e4ytt\u00f6ohjeet<\/strong><\/p>\n<div class=\"product-info__content\">\n<p>K\u00e4ytett\u00e4vien materiaalien on oltava p\u00f6lytt\u00f6mi\u00e4, kuivia sek\u00e4 vapaita rasvasta ja \u00f6ljyst\u00e4. Tuote tarttuu erilaisiin kivipintoihin, betoniin, useimpiin metalleihin, puuhun, lasiin ja lasitettuihin pintoihin sek\u00e4 epoksi- ja polyesteripintoihin. Eri muovilaaduilla on syyt\u00e4 tehd\u00e4 tartuntakoe ennen varsinaista k\u00e4ytt\u00f6\u00e4. Leikkaa patruunan p\u00e4\u00e4ss\u00e4 oleva kartio auki. Kierr\u00e4 pursotusk\u00e4rki paikoilleen ja leikkaa k\u00e4rki halutun saumaleveyden kokoiseksi. Tuote levitet\u00e4\u00e4n joko k\u00e4si- tai paineilmatoimisella pistoolilla ja tarvittaessa tasoitetaan kostutetulla lastalla haluttuun muotoon. Liimattaessa levitet\u00e4\u00e4n raitoina ja tarvittaessa levitet\u00e4\u00e4n tasaiseksi lastalla. Sulje pakkaus huolellisesti k\u00e4yt\u00f6n j\u00e4lkeen. Kovettumaton tuote voidaan poistaa ksyleenill\u00e4 tai asetonilla. Kovettunut tuote vain mekaanisesti. Tuote voi muuttaa hieman v\u00e4ri\u00e4 \u00e4\u00e4rimm\u00e4isiss\u00e4 olosuhteissa. Ei suositella k\u00e4ytett\u00e4v\u00e4ksi lasitusmassana (lasin kiinnitys tai saumaus ikkunakarmiin).<\/p>\n<\/div>\n<\/div>\n<div><\/div>\n<div class=\"product-info__content\">Lue lis\u00e4\u00e4: <a href=\"https:\/\/www.kiilto.fi\/tuote\/kiilto-clear-liima-ja-tiivistemassa\" target=\"_blank\" rel=\"noopener\">https:\/\/www.kiilto.fi\/tuote\/kiilto-clear-liima-ja-tiivistemassa<\/a><\/div>","protected":false},"excerpt":{"rendered":"<div class=\"single-product__text-header\">\n<div class=\"single-product__title-secondary\"><strong>Kirkas liima- ja tiivistemassa<\/strong><\/div>\n<\/div>\n<div class=\"entry__content wysiwyg wysiwyg--no-pad wysiwyg--no-margin\">\n<p class=\"is-first-block\">Kirkas, elastinen ja helppolevitteinen liima- ja tiivistemassa sis\u00e4- ja ulkotiloihin. Hyv\u00e4 alkutartunta. Esim. WC-istuimen kiinnitys, peilit, lasitiilien asennus. Tuote soveltuu my\u00f6s luonnonkiville sek\u00e4 liikuntasaumauksiin. 1-komponenttinen.<\/p>\n<p class=\"h4\"><strong>Edut ja ominaisuudet<\/strong><\/p>\n<ul>\n<li>\u00a0Hyv\u00e4 alkutartunta, kirkas, elastinen<\/li>\n<li>\u00a0Liimaukset ja tiivistykset<\/li>\n<li>\u00a0Riittoisuus 5 x 5 mm saumaa, n. 12 m\/patruuna<\/li>\n<li>\u00a0Kuivumisaika 3 mm\/vrk, n. 10 mm\/7 vrk<\/li>\n<li>\u00a0Sis\u00e4- ja ulkotilat<\/li>\n<\/ul>\n<\/div>","protected":false},"featured_media":546,"comment_status":"open","ping_status":"closed","template":"","meta":{"_et_pb_use_builder":"","_et_pb_old_content":"","_et_gb_content_width":""},"product_cat":[32],"product_tag":[],"class_list":{"0":"post-545","1":"product","2":"type-product","3":"status-publish","4":"has-post-thumbnail","6":"product_cat-adhesive-sealants","8":"first","9":"instock","10":"shipping-taxable","11":"product-type-simple"},"_links":{"self":[{"href":"https:\/\/profsystem.eu\/fi\/wp-json\/wp\/v2\/product\/545","targetHints":{"allow":["GET"]}}],"collection":[{"href":"https:\/\/profsystem.eu\/fi\/wp-json\/wp\/v2\/product"}],"about":[{"href":"https:\/\/profsystem.eu\/fi\/wp-json\/wp\/v2\/types\/product"}],"replies":[{"embeddable":true,"href":"https:\/\/profsystem.eu\/fi\/wp-json\/wp\/v2\/comments?post=545"}],"wp:featuredmedia":[{"embeddable":true,"href":"https:\/\/profsystem.eu\/fi\/wp-json\/wp\/v2\/media\/546"}],"wp:attachment":[{"href":"https:\/\/profsystem.eu\/fi\/wp-json\/wp\/v2\/media?parent=545"}],"wp:term":[{"taxonomy":"product_cat","embeddable":true,"href":"https:\/\/profsystem.eu\/fi\/wp-json\/wp\/v2\/product_cat?post=545"},{"taxonomy":"product_tag","embeddable":true,"href":"https:\/\/profsystem.eu\/fi\/wp-json\/wp\/v2\/product_tag?post=545"}],"curies":[{"name":"wp","href":"https:\/\/api.w.org\/{rel}","templated":true}]}}