{"id":547,"date":"2023-10-16T10:53:38","date_gmt":"2023-10-16T07:53:38","guid":{"rendered":"https:\/\/profsystem.eu\/?post_type=product&#038;p=547"},"modified":"2023-10-31T16:46:20","modified_gmt":"2023-10-31T13:46:20","slug":"kiilto-seal","status":"publish","type":"product","link":"https:\/\/profsystem.eu\/fi\/tuote\/kiilto-seal\/","title":{"rendered":"Kiilto Seal"},"content":{"rendered":"<div class=\"product-info__title\"><strong>K\u00e4ytt\u00f6ohjeet<\/strong><\/div>\n<div class=\"product-info__content\">\n<p>K\u00e4sitelt\u00e4v\u00e4n pinnan tai sauman tulee olla kuiva ja puhdas. Soveltuu vain ep\u00e4orgaanisille pinnoille.<\/p>\n<p>Kiilto Seal Saumasuoja levitet\u00e4\u00e4n ohuena tasaisena kerroksena sienell\u00e4, liinalla tai mopilla. Ty\u00f6v\u00e4lineiden on oltava kuivia. Levitysm\u00e4\u00e4r\u00e4 suhteutetaan materiaalin imukykyyn. Lammikoita ei saa synty\u00e4. Vett\u00e4 ja likaa hylkiv\u00e4 vaikutus syntyy ensimm\u00e4isen vuorokauden aikana aineen kuivuttua. Pintojen v\u00e4ris\u00e4vy voi k\u00e4sittelyn yhteydess\u00e4 syventy\u00e4, joten koealueen k\u00e4sittely on suositeltavaa. Kiilto Seal Saumasuojalla k\u00e4sitelty\u00e4 pintaa ei voi maalata, lakata eik\u00e4 vahata. K\u00e4siteltyyn pintaan tulevat tahrat ja muu lika tulee poistaa mahdollisimman tuoreena ja tarvittaessa uusia saumasuojak\u00e4sittely.<\/p>\n<\/div>\n<p>&nbsp;<\/p>\n<p>Lue lis\u00e4\u00e4: <a href=\"https:\/\/www.kiilto.com\/product\/kiilto-seal-saumasuoja\/\" target=\"_blank\" rel=\"noopener\">https:\/\/www.kiilto.com\/product\/kiilto-seal-saumasuoja\/<\/a><\/p>","protected":false},"excerpt":{"rendered":"<div class=\"single-product__text-header\">\n<div class=\"single-product__title-secondary\"><strong>Saumasuoja<\/strong><\/div>\n<\/div>\n<div class=\"entry__content wysiwyg wysiwyg--no-pad wysiwyg--no-margin\">\n<p class=\"is-first-block\">Suoja-aine, joka tekee keraamiset laatat, kiven sek\u00e4 saumausaineet likaa ja vett\u00e4 hylkiviksi. Ei muodosta kalvoa eik\u00e4 ohjeen mukaan k\u00e4sitelty pinta ole liukas.<\/p>\n<\/div>","protected":false},"featured_media":548,"comment_status":"open","ping_status":"closed","template":"","meta":{"_et_pb_use_builder":"","_et_pb_old_content":"","_et_gb_content_width":""},"product_cat":[33,34,31],"product_tag":[],"class_list":{"0":"post-547","1":"product","2":"type-product","3":"status-publish","4":"has-post-thumbnail","6":"product_cat-cementitious-adhesive","7":"product_cat-cleaners-and-care-products","8":"product_cat-tile-grouts-and-silicones","10":"first","11":"instock","12":"shipping-taxable","13":"product-type-simple"},"_links":{"self":[{"href":"https:\/\/profsystem.eu\/fi\/wp-json\/wp\/v2\/product\/547","targetHints":{"allow":["GET"]}}],"collection":[{"href":"https:\/\/profsystem.eu\/fi\/wp-json\/wp\/v2\/product"}],"about":[{"href":"https:\/\/profsystem.eu\/fi\/wp-json\/wp\/v2\/types\/product"}],"replies":[{"embeddable":true,"href":"https:\/\/profsystem.eu\/fi\/wp-json\/wp\/v2\/comments?post=547"}],"wp:featuredmedia":[{"embeddable":true,"href":"https:\/\/profsystem.eu\/fi\/wp-json\/wp\/v2\/media\/548"}],"wp:attachment":[{"href":"https:\/\/profsystem.eu\/fi\/wp-json\/wp\/v2\/media?parent=547"}],"wp:term":[{"taxonomy":"product_cat","embeddable":true,"href":"https:\/\/profsystem.eu\/fi\/wp-json\/wp\/v2\/product_cat?post=547"},{"taxonomy":"product_tag","embeddable":true,"href":"https:\/\/profsystem.eu\/fi\/wp-json\/wp\/v2\/product_tag?post=547"}],"curies":[{"name":"wp","href":"https:\/\/api.w.org\/{rel}","templated":true}]}}