{"id":549,"date":"2023-10-16T10:55:52","date_gmt":"2023-10-16T07:55:52","guid":{"rendered":"https:\/\/profsystem.eu\/?post_type=product&#038;p=549"},"modified":"2023-10-31T16:40:19","modified_gmt":"2023-10-31T13:40:19","slug":"kiilto-clean","status":"publish","type":"product","link":"https:\/\/profsystem.eu\/fi\/tuote\/kiilto-clean\/","title":{"rendered":"Kiilto Clean"},"content":{"rendered":"<div class=\"product-info__title\"><strong>K\u00e4ytt\u00f6ala<\/strong><\/div>\n<div class=\"product-info__content\">\n<p>Kiilto Clean Laattapesu soveltuu keraamisten laatta- ja happamia aineita kest\u00e4vien kivipintojen k\u00e4ytt\u00f6\u00f6nottopuhdistukseen sek\u00e4 ruosteen ja kalkkisaostumien poistoon keraamisilta laattapinnoilta sek\u00e4 saniteettiposliinista. Kiilto Clean Laattapesu on sy\u00f6vytt\u00e4v\u00e4\u00e4. Ei saa k\u00e4ytt\u00e4\u00e4 marmorille eik\u00e4 kalkkikivelle.<\/p>\n<div class=\"product-info__section\">\n<p class=\"product-info__title\"><strong>K\u00e4ytt\u00f6ohjeet<\/strong><\/p>\n<div class=\"product-info__content\">\n<p>Kastele puhdistettava pinta aina ennen aineen levityst\u00e4. Normaalik\u00e4yt\u00f6ss\u00e4 Kiilto Clean Laattapesu laimennetaan 25\u201350 ml\/5 l haaleaa vett\u00e4, k\u00e4yt\u00e4 muoviastiaa. Levitet\u00e4\u00e4n puhdistettavalle pinnalle ja annetaan vaikuttaa 10\u201320 min, jonka j\u00e4lkeen huuhdellaan runsaalla vedell\u00e4. Harjan tai sienen k\u00e4ytt\u00f6 parantaa ja nopeuttaa aineen vaikutusta. Pinttyneen ruosteen tai kalkin poistoon voidaan Kiilto Clean Laattapesua k\u00e4ytt\u00e4\u00e4 laimentamattomana.<\/p>\n<\/div>\n<\/div>\n<div class=\"product-info__section\">\n<p class=\"product-info__title\"><strong>Ymp\u00e4rist\u00f6 ja turvallisuus<\/strong><\/p>\n<div class=\"product-info__content\">\n<p>V\u00e4lt\u00e4 tarpeetonta ihokosketusta ja altistumista tuoreen tuotteen kanssa, k\u00e4yt\u00e4 suojak\u00e4sineit\u00e4. Tutustu tuotteen k\u00e4ytt\u00f6turvallisuustiedotteeseen. Tuotteen ja pakkauksen h\u00e4vityksest\u00e4 lis\u00e4\u00e4 nettisivuillamme.<\/p>\n<\/div>\n<\/div>\n<\/div>\n<p>Lue lis\u00e4\u00e4: <a href=\"https:\/\/www.kiilto.fi\/tuote\/kiilto-clean-laattapesu\" target=\"_blank\" rel=\"noopener\">https:\/\/www.kiilto.fi\/tuote\/kiilto-clean-laattapesu<\/a><\/p>","protected":false},"excerpt":{"rendered":"<div class=\"single-product__text-header\">\n<div class=\"single-product__title-secondary\"><strong>Laattapesu<\/strong><\/div>\n<\/div>\n<div class=\"entry__content wysiwyg wysiwyg--no-pad wysiwyg--no-margin\">\n<p class=\"is-first-block\">Hapan pesuaine keraamisten laattapintojen k\u00e4ytt\u00f6\u00f6nottopuhdistukseen ja ns. laastihunnun ja muiden laastij\u00e4\u00e4nteiden poistoon lasituksen p\u00e4\u00e4lt\u00e4.<\/p>\n<\/div>","protected":false},"featured_media":550,"comment_status":"open","ping_status":"closed","template":"","meta":{"_et_pb_use_builder":"","_et_pb_old_content":"","_et_gb_content_width":""},"product_cat":[34,33,31],"product_tag":[],"class_list":{"0":"post-549","1":"product","2":"type-product","3":"status-publish","4":"has-post-thumbnail","6":"product_cat-cleaners-and-care-products","7":"product_cat-cementitious-adhesive","8":"product_cat-tile-grouts-and-silicones","10":"first","11":"instock","12":"shipping-taxable","13":"product-type-simple"},"_links":{"self":[{"href":"https:\/\/profsystem.eu\/fi\/wp-json\/wp\/v2\/product\/549","targetHints":{"allow":["GET"]}}],"collection":[{"href":"https:\/\/profsystem.eu\/fi\/wp-json\/wp\/v2\/product"}],"about":[{"href":"https:\/\/profsystem.eu\/fi\/wp-json\/wp\/v2\/types\/product"}],"replies":[{"embeddable":true,"href":"https:\/\/profsystem.eu\/fi\/wp-json\/wp\/v2\/comments?post=549"}],"wp:featuredmedia":[{"embeddable":true,"href":"https:\/\/profsystem.eu\/fi\/wp-json\/wp\/v2\/media\/550"}],"wp:attachment":[{"href":"https:\/\/profsystem.eu\/fi\/wp-json\/wp\/v2\/media?parent=549"}],"wp:term":[{"taxonomy":"product_cat","embeddable":true,"href":"https:\/\/profsystem.eu\/fi\/wp-json\/wp\/v2\/product_cat?post=549"},{"taxonomy":"product_tag","embeddable":true,"href":"https:\/\/profsystem.eu\/fi\/wp-json\/wp\/v2\/product_tag?post=549"}],"curies":[{"name":"wp","href":"https:\/\/api.w.org\/{rel}","templated":true}]}}