{"id":551,"date":"2023-10-16T10:59:27","date_gmt":"2023-10-16T07:59:27","guid":{"rendered":"https:\/\/profsystem.eu\/?post_type=product&#038;p=551"},"modified":"2023-10-16T11:03:08","modified_gmt":"2023-10-16T08:03:08","slug":"kiilto-pro-silicone-e","status":"publish","type":"product","link":"https:\/\/profsystem.eu\/fi\/tuote\/kiilto-pro-silicone-e\/","title":{"rendered":"Kiilto Pro Silicone E"},"content":{"rendered":"<div class=\"product-info__title\"><strong>K\u00e4ytt\u00f6ala<\/strong><\/div>\n<div class=\"product-info__content\">\n<p>Kiilto Pro Silicone E on yksikomponenttinen saniteettisilikonimassa. T\u00e4ytt\u00e4\u00e4 tuotestandardin EN 15651-3:2012:n vaatimukset. Ei sovellu akvaarioihin eik\u00e4 luonnonkiville, kuten esim. marmorille. Peilin ja WC-istuimen kiinnitt\u00e4miseen suositellaan Kiilto Masaa.<\/p>\n<p class=\"product-info__title\"><strong>K\u00e4ytt\u00f6ohjeet<\/strong><\/p>\n<div class=\"product-info__content\">\n<p>Saumausalustan on oltava kuiva, p\u00f6lyt\u00f6n ja rasvaton. Kierr\u00e4 tulppa pois pursotusk\u00e4rjest\u00e4. Leikkaa patruunan p\u00e4\u00e4ss\u00e4 oleva kartio auki. Kierr\u00e4 pursotusk\u00e4rki paikoilleen ja katkaise se halutun kokoiseksi. Purista massa saumaan ja tasoita se v\u00e4litt\u00f6m\u00e4sti puhtaaseen veteen kostutetulla lastalla tai sormenp\u00e4\u00e4ll\u00e4. J\u00e4t\u00e4 pursotusk\u00e4rki paikoilleen ja sulje pakkaus tulpalla huolellisesti k\u00e4yt\u00f6n j\u00e4lkeen. J\u00e4lkipuhdistusta helpottaa, jos sauman reunat on rajattu esim. maalarinteipill\u00e4. Poista teippi heti ty\u00f6n j\u00e4lkeen.<\/p>\n<p>Uusittaessa silikonisaumoja poista ensin vanha silikoni. Lis\u00e4ksi poista mahdolliset homepilkut esimerkiksi k\u00e4ytt\u00e4en Kiilto Kodin Kloritea ohjeen mukaisesti.<\/p>\n<p>Lue lis\u00e4\u00e4: <a href=\"https:\/\/www.kiilto.fi\/tuote\/kiilto-pro-silicone\" target=\"_blank\" rel=\"noopener\">https:\/\/www.kiilto.fi\/tuote\/kiilto-pro-silicone<\/a><\/p>\n<\/div>\n<\/div>","protected":false},"excerpt":{"rendered":"<div class=\"single-product__text-header\">\n<div class=\"single-product__title-secondary\"><strong>Saniteettisilikoni<\/strong><\/div>\n<\/div>\n<div class=\"entry__content wysiwyg wysiwyg--no-pad wysiwyg--no-margin\">\n<p class=\"is-first-block\">Homesuojattu, etikkahappopohjainen silikonimassa keraamisten laattojen liikuntasaumojen, seinien ja lattioiden yhtym\u00e4kulmien ja muiden eri materiaalien rajojen sek\u00e4 l\u00e4pivientien tiivistykseen m\u00e4rk\u00e4tiloissa. My\u00f6s ulos.<\/p>\n<p class=\"h4\"><strong>Edut ja ominaisuudet<\/strong><\/p>\n<ul>\n<li>etikkahappopohjainen, erinomainen kemiallisten yhdisteiden sietokyky, homesuojattu<\/li>\n<li>m\u00e4rk\u00e4tilat, elastiset saumat, tiivistykset<\/li>\n<li>5 x5 mm saumaa n. 12 m\/patruuna<\/li>\n<li>nahoittumisaika 5-20 min, saumattu tila voidaan ottaa k\u00e4ytt\u00f6\u00f6n vuorokauden kuluttua<\/li>\n<li>sis\u00e4- ja ulkotilat<\/li>\n<\/ul>\n<\/div>","protected":false},"featured_media":552,"comment_status":"open","ping_status":"closed","template":"","meta":{"_et_pb_use_builder":"","_et_pb_old_content":"","_et_gb_content_width":""},"product_cat":[31],"product_tag":[],"class_list":{"0":"post-551","1":"product","2":"type-product","3":"status-publish","4":"has-post-thumbnail","6":"product_cat-tile-grouts-and-silicones","8":"first","9":"instock","10":"shipping-taxable","11":"product-type-simple"},"_links":{"self":[{"href":"https:\/\/profsystem.eu\/fi\/wp-json\/wp\/v2\/product\/551","targetHints":{"allow":["GET"]}}],"collection":[{"href":"https:\/\/profsystem.eu\/fi\/wp-json\/wp\/v2\/product"}],"about":[{"href":"https:\/\/profsystem.eu\/fi\/wp-json\/wp\/v2\/types\/product"}],"replies":[{"embeddable":true,"href":"https:\/\/profsystem.eu\/fi\/wp-json\/wp\/v2\/comments?post=551"}],"wp:featuredmedia":[{"embeddable":true,"href":"https:\/\/profsystem.eu\/fi\/wp-json\/wp\/v2\/media\/552"}],"wp:attachment":[{"href":"https:\/\/profsystem.eu\/fi\/wp-json\/wp\/v2\/media?parent=551"}],"wp:term":[{"taxonomy":"product_cat","embeddable":true,"href":"https:\/\/profsystem.eu\/fi\/wp-json\/wp\/v2\/product_cat?post=551"},{"taxonomy":"product_tag","embeddable":true,"href":"https:\/\/profsystem.eu\/fi\/wp-json\/wp\/v2\/product_tag?post=551"}],"curies":[{"name":"wp","href":"https:\/\/api.w.org\/{rel}","templated":true}]}}