{"id":563,"date":"2023-10-16T15:50:42","date_gmt":"2023-10-16T12:50:42","guid":{"rendered":"https:\/\/profsystem.eu\/?post_type=product&#038;p=563"},"modified":"2023-11-12T18:39:38","modified_gmt":"2023-11-12T15:39:38","slug":"kestonit-optio","status":"publish","type":"product","link":"https:\/\/profsystem.eu\/fi\/tuote\/kestonit-optio\/","title":{"rendered":"Kestonit Optio"},"content":{"rendered":"<div><strong>SOVELTAMISALA <\/strong><\/div>\n<div>Soveltuu lattiapintojen tasoittamiseen 3-20 mm paksuilla pinnoitteilla ennen lattiap\u00e4\u00e4llysteen asettamista. Yli 20 mm:n tasoituksiin suosittelemme Kestonit Termo- tai Kestonit Rapid -tasoitustasotetta. Kestonit Optioa ei suositella mosaiikkiparketin aluslattian tasoittamiseen.<\/div>\n<div><\/div>\n<div><\/div>\n<div><strong>ALALATTIA <\/strong><\/div>\n<div><\/div>\n<div>Alustan tulee olla puhdas, kiinte\u00e4 ja vahva. Poista ns. sementti- ja maaliroiskeet ja harjaa tai imuroi aluslattia huolellisesti. Karkeat ep\u00e4tasaiset alueet ja korkeat harjanteet on hiottava ennen tasoitusta. Betonilattioiden kanssa ty\u00f6skennelt\u00e4ess\u00e4 pinta pohjamaalataan vedell\u00e4 ohennetulla Kiilto Start Primerilla (10-20 % pohjamaalia, 80-90 % vett\u00e4). Remontoitavat pinnat sek\u00e4 puu- tai lautapinnat pohjamaalataan Kiilto Start Primerilla ennen tasoitusta. Tarvittaessa voidaan k\u00e4ytt\u00e4\u00e4 erityist\u00e4 alkalinkest\u00e4v\u00e4\u00e4 lasikuituverkkoa.<\/div>\n<div><\/div>\n<div><\/div>\n<div class=\"product-info__title\"><strong>K\u00c4YTT\u00d6OHJEET <\/strong><\/div>\n<div><\/div>\n<div class=\"product-info__title\">Lis\u00e4\u00e4 lattiatasoitejauhe v\u00e4hitellen kylm\u00e4\u00e4n, puhtaaseen veteen, samalla sekoittaen, kunnes muodostuu tasainen, muovinen seos. Anna seoksen asettua noin 5 minuuttia ja sekoita sitten viel\u00e4 perusteellisesti. Levit\u00e4 tasainen tasoite kaatamalla se levein\u00e4 raidoina lattialle. Tasoitusta voidaan parantaa leve\u00e4ll\u00e4 ter\u00e4slastalla. Tasoite voidaan levitt\u00e4\u00e4 my\u00f6s lattiatasoitepumpulla. Pinnoitteen kuivumista ei saa nopeuttaa l\u00e4mmitt\u00e4m\u00e4ll\u00e4 tai tuulettamalla, koska liian nopea kuivuminen voi aiheuttaa hiushalkeamia. Jos k\u00e4sitellyn huoneen l\u00e4mp\u00f6tila on normaalia korkeampi, suhteellinen kosteus eritt\u00e4in alhainen tai tasoitettu lattiapinta on alttiina suoralle auringonvalolle, suosittelemme, ett\u00e4 lattia peitet\u00e4\u00e4n pressulla heti, kun se on tarpeeksi kuivaa k\u00e4velemisen mahdollistamiseksi. . Lattia tulee peitt\u00e4\u00e4 suhteellisen pian lattiatasoitteen kovettumisen ja kuivumisen j\u00e4lkeen. N\u00e4in pinnan ylikuivuminen v\u00e4ltet\u00e4\u00e4n ja halkeamien ja heikon sidoksen riski eliminoituu. Soveltuu my\u00f6s toissijaisten, kevyesti kuormitettujen tilojen lattioihin, jotka maalataan, mutta ei esimerkiksi autotallien tai kylpyhuoneiden lattioiden maalin alle. Huoneissa, joissa k\u00e4ytet\u00e4\u00e4n vesieristyst\u00e4, lattiatasoituksia tulee tehd\u00e4 vesitiiviin kalvon alle. . Ei suositella pysyv\u00e4sti veden alla oleville alueille (esim. uima-altaat).<br \/>\netc. For the rooms, where water isolation is used, floor levellings should be applied under the watertight membrane. Not recommended for areas permanently under water (e.g. swimming pools).<\/div>\n<div class=\"product-info__content\">\n<p>\u00a0<img loading=\"lazy\" decoding=\"async\" class=\"alignnone size-medium wp-image-564\" src=\"https:\/\/profsystem.eu\/wp-content\/uploads\/2023\/10\/kestonit-cert-300x107.png\" alt=\"\" width=\"300\" height=\"107\" \/><\/p>\n<p>Lue lis\u00e4\u00e4: <a href=\"https:\/\/profsystem.eu\/wp-content\/uploads\/2023\/10\/983.Kestonit-Optio_exp_eng.pdf\">Kestonit Optio<\/a><\/p>\n<\/div>","protected":false},"excerpt":{"rendered":"<div class=\"single-product__text-header\">\n<div class=\"single-product__title-secondary\"><strong>Itsetasoittuva lattiatasoite 3-20 mm<\/strong><\/div>\n<\/div>\n<div class=\"entry__content wysiwyg wysiwyg--no-pad wysiwyg--no-margin\">\n<p class=\"is-first-block\">Itsetasoittuva yleinen lattiatasoitusseos. Soveltuu my\u00f6s maalilla p\u00e4\u00e4llystett\u00e4vien lattioiden tasoittamiseen. Soveltuu pumppuk\u00e4ytt\u00f6\u00f6n. Alhainen alkalisuus. Sementtipohjainen.<\/p>\n<p class=\"h4\"><strong>Edut ja ominaisuudet<\/strong><\/p>\n<ul>\n<li class=\"h4\">\u00a0voidaan tasoittaa valmiin tartuntapinnan muodostamiseksi<\/li>\n<li class=\"h4\">k\u00e4velykelpoinen 5 tunnin kuluttua.<\/li>\n<li class=\"h4 translation-block\">kerroksille jopa 10 mm lattia voidaan asentaa 24 tunnin kuluttua. Kerroksille jopa 20 mm lattia voidaan asentaa 3 p\u00e4iv\u00e4n kuluttua normaalissa huoneenl\u00e4mp\u00f6tilassa<\/li>\n<li class=\"h4 translation-block\">kiinnittyy betoniin, puuhun ja erilaisiin rakennuslevyihin (huomaa oikea pohjamaalaus)<\/li>\n<li class=\"h4\">eritt\u00e4in hyv\u00e4t itse tasoittumis ominaisuudet<\/li>\n<li class=\"h4\">k\u00e4yt\u00e4nn\u00f6ss\u00e4 kutistumaton<\/li>\n<li class=\"h4\">kosteutta kest\u00e4v\u00e4<\/li>\n<li class=\"h4\">\u00a0alin k\u00e4ytt\u00f6l\u00e4mp\u00f6tila +10\u00b0C<\/li>\n<li class=\"h4\">kaseiiniton<\/li>\n<li class=\"h4\">\u00a0pumpattava<\/li>\n<\/ul>\n<\/div>","protected":false},"featured_media":566,"comment_status":"open","ping_status":"closed","template":"","meta":{"_et_pb_use_builder":"","_et_pb_old_content":"","_et_gb_content_width":""},"product_cat":[35],"product_tag":[],"class_list":{"0":"post-563","1":"product","2":"type-product","3":"status-publish","4":"has-post-thumbnail","6":"product_cat-self-levelling-compound","8":"first","9":"instock","10":"shipping-taxable","11":"product-type-simple"},"_links":{"self":[{"href":"https:\/\/profsystem.eu\/fi\/wp-json\/wp\/v2\/product\/563","targetHints":{"allow":["GET"]}}],"collection":[{"href":"https:\/\/profsystem.eu\/fi\/wp-json\/wp\/v2\/product"}],"about":[{"href":"https:\/\/profsystem.eu\/fi\/wp-json\/wp\/v2\/types\/product"}],"replies":[{"embeddable":true,"href":"https:\/\/profsystem.eu\/fi\/wp-json\/wp\/v2\/comments?post=563"}],"wp:featuredmedia":[{"embeddable":true,"href":"https:\/\/profsystem.eu\/fi\/wp-json\/wp\/v2\/media\/566"}],"wp:attachment":[{"href":"https:\/\/profsystem.eu\/fi\/wp-json\/wp\/v2\/media?parent=563"}],"wp:term":[{"taxonomy":"product_cat","embeddable":true,"href":"https:\/\/profsystem.eu\/fi\/wp-json\/wp\/v2\/product_cat?post=563"},{"taxonomy":"product_tag","embeddable":true,"href":"https:\/\/profsystem.eu\/fi\/wp-json\/wp\/v2\/product_tag?post=563"}],"curies":[{"name":"wp","href":"https:\/\/api.w.org\/{rel}","templated":true}]}}