{"id":567,"date":"2023-10-16T16:00:49","date_gmt":"2023-10-16T13:00:49","guid":{"rendered":"https:\/\/profsystem.eu\/?post_type=product&#038;p=567"},"modified":"2023-10-16T16:00:49","modified_gmt":"2023-10-16T13:00:49","slug":"kestonit-termo","status":"publish","type":"product","link":"https:\/\/profsystem.eu\/fi\/tuote\/kestonit-termo\/","title":{"rendered":"Kestonit Termo"},"content":{"rendered":"<p><strong>K\u00c4YTT\u00d6OHJEET<\/strong><\/p>\n<p>Add the floor screed powder gradually to cool (+10&#8230;+20\u00b0C), clean water, stirring simultaneously until a smooth, plastic mix is formed. Let the mix settle for about 5 minutes, then stir once more thoroughly. Apply smooth screed using a wide steel trowel. During the levelling shall be ensured that the cables \/ pipes will be properly filled with floor screed so that floor will be heated uniformly and can be ensured good bond between floor screed and subfloor. The first layer must be dry before applying a new layer. The drying of the floor screed must not be quickened by heating or ventilating.Too fast drying may cause hair cracks. Surface temperature on floor heating floors should not exceed +28\u00b0C. On larger surfaces shall b e paid attention for<br \/>\nnecessity of movement joints (joints between walls and floors, inlets; in elongated spaces ( relation between sides over 2:1) movement joints distance max. 5 meter, division of large areas to minor parts).<br \/>\nIf the temperature in the treated room is higher than normal, the relative humidity very low, or if the levelled floor surface is exposed to direct sunlight, we recommend that the floor is covered with a tarpaulin as<br \/>\nsoon as it is dry enough to allow walking. The floor should be covered relatively soon after the hardening and drying of the floor levelling. Thus the overdrying of the surface is avoided and the risk of the cracks and weak<br \/>\nbond is eliminated. Suitable also for floors in secondary, light loaded rooms that will be painted, but not for example under the paint of the floors of garages or bathrooms etc. For the rooms, where water isolation is used, floor levellings should be applied under the watertight membrane. For floor heating floors in dry<br \/>\nspaces may even be applied watertight membrane between levelling compound and tiling to reduce stresses of clinkers caused by heat movements. Not recommended for areas permanently under water (e.g. swimmingpools). <strong>Note! Avoid excessive use of water!<\/strong><\/p>\n<p><img loading=\"lazy\" decoding=\"async\" class=\"alignnone size-medium wp-image-564\" src=\"https:\/\/profsystem.eu\/wp-content\/uploads\/2023\/10\/kestonit-cert-300x107.png\" alt=\"\" width=\"300\" height=\"107\" \/><\/p>\n<p>Lue lis\u00e4\u00e4: <a href=\"https:\/\/profsystem.eu\/wp-content\/uploads\/2023\/10\/983.Kestonit-Optio_exp_eng-1.pdf\">Kestonit Optio<\/a><\/p>","protected":false},"excerpt":{"rendered":"<div class=\"single-product__text-header\">\n<div class=\"single-product__title-secondary\"><strong>Tasoitusseos lattial\u00e4mmityksell\u00e4 varustetuille lattioille (3-50 mm)<\/strong><\/div>\n<\/div>\n<div class=\"entry__content wysiwyg wysiwyg--no-pad wysiwyg--no-margin\">\n<p class=\"is-first-block\">Sementtipohjainen lujitekuitua sis\u00e4lt\u00e4v\u00e4 tasoitusmassa k\u00e4ytett\u00e4v\u00e4ksi lattial\u00e4mmityslattioissa. Soveltuu my\u00f6s heikkokuntoisille aluslattioille ennen lattiap\u00e4\u00e4llysteen asettamista.<\/p>\n<p class=\"h4\"><strong>Edut ja ominaisuudet<\/strong><\/p>\n<ul>\n<li class=\"h4\">sis\u00e4lt\u00e4\u00e4 kuituja, jotka v\u00e4hent\u00e4v\u00e4t halkeamien riski\u00e4.<\/li>\n<li class=\"h4\">sis\u00e4lt\u00e4\u00e4 polymeerej\u00e4, jotka antavat paremman elastisuuden ja sidoksen.<\/li>\n<li class=\"h4\">k\u00e4velykelpoinen 4 tunnin kuluttua.<\/li>\n<li class=\"h4 translation-block\">lattia voidaan asentaa 1-5 p\u00e4iv\u00e4n kuluttua kerroksen paksuudesta riippuen\nnormaalissa huoneenl\u00e4mp\u00f6tilassa.<\/li>\n<li class=\"h4 translation-block\">adheres to concrete, wood and various construction plates (Note the<br>\r\ncorrect priming).<\/li>\n<li class=\"h4\">hyv\u00e4t tasoitusominaisuudet<\/li>\n<li class=\"h4\">\u00a0k\u00e4yt\u00e4nn\u00f6ss\u00e4 kutistumaton<\/li>\n<li class=\"h4\">\u00a0kosteutta kest\u00e4v\u00e4<\/li>\n<li class=\"h4\">\u00a0alin k\u00e4ytt\u00f6l\u00e4mp\u00f6tila +10\u00b0C<\/li>\n<li class=\"h4\">\u00a0kaseiiniton<\/li>\n<\/ul>\n<\/div>","protected":false},"featured_media":569,"comment_status":"open","ping_status":"closed","template":"","meta":{"_et_pb_use_builder":"","_et_pb_old_content":"","_et_gb_content_width":""},"product_cat":[35],"product_tag":[],"class_list":{"0":"post-567","1":"product","2":"type-product","3":"status-publish","4":"has-post-thumbnail","6":"product_cat-self-levelling-compound","8":"first","9":"instock","10":"shipping-taxable","11":"product-type-simple"},"_links":{"self":[{"href":"https:\/\/profsystem.eu\/fi\/wp-json\/wp\/v2\/product\/567","targetHints":{"allow":["GET"]}}],"collection":[{"href":"https:\/\/profsystem.eu\/fi\/wp-json\/wp\/v2\/product"}],"about":[{"href":"https:\/\/profsystem.eu\/fi\/wp-json\/wp\/v2\/types\/product"}],"replies":[{"embeddable":true,"href":"https:\/\/profsystem.eu\/fi\/wp-json\/wp\/v2\/comments?post=567"}],"wp:featuredmedia":[{"embeddable":true,"href":"https:\/\/profsystem.eu\/fi\/wp-json\/wp\/v2\/media\/569"}],"wp:attachment":[{"href":"https:\/\/profsystem.eu\/fi\/wp-json\/wp\/v2\/media?parent=567"}],"wp:term":[{"taxonomy":"product_cat","embeddable":true,"href":"https:\/\/profsystem.eu\/fi\/wp-json\/wp\/v2\/product_cat?post=567"},{"taxonomy":"product_tag","embeddable":true,"href":"https:\/\/profsystem.eu\/fi\/wp-json\/wp\/v2\/product_tag?post=567"}],"curies":[{"name":"wp","href":"https:\/\/api.w.org\/{rel}","templated":true}]}}