{"id":570,"date":"2023-10-16T16:17:10","date_gmt":"2023-10-16T13:17:10","guid":{"rendered":"https:\/\/profsystem.eu\/?post_type=product&#038;p=570"},"modified":"2023-11-12T13:54:20","modified_gmt":"2023-11-12T10:54:20","slug":"kiilto-pro-e","status":"publish","type":"product","link":"https:\/\/profsystem.eu\/fi\/tuote\/kiilto-pro-e\/","title":{"rendered":"Kiilto Pro E"},"content":{"rendered":"<div class=\"product-info__title\"><strong>K\u00e4ytt\u00f6ala<\/strong><\/div>\n<div class=\"product-info__content\">\n<p>Kiilto E on eritt\u00e4in hieno vesiohenteinen kitti kuivien tilojen seinien ja kattojen viimeistelyyn. Ihanteellinen pienten reikien (mukaan lukien ruuvin p\u00e4\u00e4t) ja naarmujen t\u00e4ytt\u00e4miseen sek\u00e4 pinnan viimeistelyyn. Kipsilevysaumanauhojen kiinnitt\u00e4miseen ja tasoittamiseen suosittelemme k\u00e4ytt\u00e4m\u00e4\u00e4n saumateippikitti\u00e4 Kiilto GP tai Kiilto J. Valmis pinta voidaan maalata tai peitt\u00e4\u00e4 tapetilla. Ei sovellu laatoitukseen tai vinyylip\u00e4\u00e4llysteeseen.<\/p>\n<\/div>\n<p>&nbsp;<\/p>\n<p><strong>K\u00e4ytt\u00f6ohjeet\u00a0<\/strong><\/p>\n<p>Kiilto E soveltuu sein\u00e4pintojen viimeistelyyn. Kittattavan pinnan tulee olla puhdas, kuiva ja p\u00f6lyt\u00f6n. Uusi kerros voidaan levitt\u00e4\u00e4 vain, kun edellinen kerros on kuiva. Tarvittaessa alusta voidaan hioa huolellisesti ja puhdistaa ennen uuden kittikerroksen levitt\u00e4mist\u00e4.<\/p>\n<p>Kiilto E on valmis kitti. Pitk\u00e4aikaisen varastoinnin j\u00e4lkeen tuote on sekoitettava ennen k\u00e4ytt\u00f6\u00e4. Tarvittaessa kitti\u00e4 voidaan laimentaa pienell\u00e4 m\u00e4\u00e4r\u00e4ll\u00e4 vett\u00e4. Kitti levitet\u00e4\u00e4n k\u00e4sin ter\u00e4skittilastalla.<\/p>\n<p><img loading=\"lazy\" decoding=\"async\" class=\"wp-image-475 size-thumbnail alignleft\" src=\"https:\/\/profsystem.eu\/wp-content\/uploads\/2023\/10\/Kiilto-J-Certificates-e1697462064926-150x87.png\" alt=\"\" width=\"150\" height=\"87\" \/><\/p>\n<p>&nbsp;<\/p>","protected":false},"excerpt":{"rendered":"<div class=\"single-product__text-header\">\n<div class=\"single-product__title-secondary\"><strong>K\u00e4ytt\u00f6valmis viimeistelykitti<\/strong><\/div>\n<\/div>\n<div class=\"entry__content wysiwyg wysiwyg--no-pad wysiwyg--no-margin\">\n<p class=\"is-first-block\">Hienorakeinen valmiskitti kuivien sis\u00e4seinien ja kattojen viimeistelyyn ennen maalausta ja tapetointia.<\/p>\n<p class=\"h4\"><strong>Edut ja ominaisuudet<\/strong><\/p>\n<ul>\n<li>takaa eritt\u00e4in sile\u00e4n pinnan, v\u00e4rilt\u00e4\u00e4n valkoinen, helppo levitt\u00e4\u00e4 ja hioa, kerrospaksuus max 3 mm, levitys kittilastalla<\/li>\n<li>liev\u00e4\u00e4 kutistumista kuivuessaan<\/li>\n<li>kulutus 1 kg\/m\u00b2\/mm<\/li>\n<li>kuivumisaika 2-3 h\/mm<\/li>\n<li>kuivien sis\u00e4tilojen seiniin ja kattoihin<\/li>\n<\/ul>\n<\/div>","protected":false},"featured_media":571,"comment_status":"open","ping_status":"closed","template":"","meta":{"_et_pb_use_builder":"","_et_pb_old_content":"","_et_gb_content_width":""},"product_cat":[36],"product_tag":[],"class_list":{"0":"post-570","1":"product","2":"type-product","3":"status-publish","4":"has-post-thumbnail","6":"product_cat-finishing-putty","8":"first","9":"instock","10":"shipping-taxable","11":"product-type-simple"},"_links":{"self":[{"href":"https:\/\/profsystem.eu\/fi\/wp-json\/wp\/v2\/product\/570","targetHints":{"allow":["GET"]}}],"collection":[{"href":"https:\/\/profsystem.eu\/fi\/wp-json\/wp\/v2\/product"}],"about":[{"href":"https:\/\/profsystem.eu\/fi\/wp-json\/wp\/v2\/types\/product"}],"replies":[{"embeddable":true,"href":"https:\/\/profsystem.eu\/fi\/wp-json\/wp\/v2\/comments?post=570"}],"wp:featuredmedia":[{"embeddable":true,"href":"https:\/\/profsystem.eu\/fi\/wp-json\/wp\/v2\/media\/571"}],"wp:attachment":[{"href":"https:\/\/profsystem.eu\/fi\/wp-json\/wp\/v2\/media?parent=570"}],"wp:term":[{"taxonomy":"product_cat","embeddable":true,"href":"https:\/\/profsystem.eu\/fi\/wp-json\/wp\/v2\/product_cat?post=570"},{"taxonomy":"product_tag","embeddable":true,"href":"https:\/\/profsystem.eu\/fi\/wp-json\/wp\/v2\/product_tag?post=570"}],"curies":[{"name":"wp","href":"https:\/\/api.w.org\/{rel}","templated":true}]}}