{"id":572,"date":"2023-10-16T16:22:24","date_gmt":"2023-10-16T13:22:24","guid":{"rendered":"https:\/\/profsystem.eu\/?post_type=product&#038;p=572"},"modified":"2023-11-12T13:13:57","modified_gmt":"2023-11-12T10:13:57","slug":"kiilto-fibergum","status":"publish","type":"product","link":"https:\/\/profsystem.eu\/fi\/tuote\/kiilto-fibergum\/","title":{"rendered":"Kiilto Fibergum"},"content":{"rendered":"<div class=\"product-info__title\"><strong>K\u00e4ytt\u00f6ala<\/strong><\/div>\n<div class=\"product-info__content\">\n<p>Kiilto Fibergum on k\u00e4ytt\u00f6valmis kuituvahvistettu vedeneristysmasto, joka asennetaan kylpyhuoneen, saunan jne. sein\u00e4- ja lattialaattojen alle kosteisiin tiloihin. Ei sovellu k\u00e4ytett\u00e4v\u00e4ksi paikoissa, jotka ovat jatkuvasti veden alla (esim. uima-altaat) tai kun l\u00e4mp\u00f6tila nousee yli +60 \u00b0C (esim. saunan l\u00f6ylyhuoneen sein\u00e4t). Alustan tulee olla kuiva, imukykyinen, p\u00f6lyt\u00f6n ja tasainen. Kaikki tarttuvuutta heikent\u00e4v\u00e4t materiaalit on poistettava. Tarkista rakenteen ja alustan soveltuvuus vesieristyksen ja laattojen asennukseen. Lattial\u00e4mmitys tulee asentaa betoni- tai lattiatasoitteeseen vedeneristysmassan alle siten, ett\u00e4 se ei joudu suoraan kosketukseen vedeneristeen kanssa. Kiilto Fibergumin yhteensopivuus yleisimpien lattiaportaiden kanssa on testattu ja hyv\u00e4ksytty. Voit tarkistaa sopivuuden tekniselt\u00e4 tueltamme tai lattiatikkaiden toimittajalta.<\/p>\n<\/div>\n<p>&nbsp;<\/p>\n<p><strong>K\u00e4ytt\u00f6ohjeet<\/strong><\/p>\n<div class=\"product-info__content\">\n<p><strong>SEIN\u00c4T:<\/strong> Hio ep\u00e4tasaiset pinnat ja tasoita m\u00e4rk\u00e4 tila sopivalla Kiillon sein\u00e4kittill\u00e4. Kuivat ja imukykyiset sein\u00e4pinnat on pohjustettava Kiilto Fibergum Primer -liimadispersiolla ohjeen mukaisesti ennen vedeneristysmassan levitt\u00e4mist\u00e4.<\/p>\n<p class=\" translation-block\">Vedeneristysmassa on aina sekoitettava ennen k\u00e4ytt\u00f6\u00e4. Levit\u00e4 Fibergumia ensin pystysuoraan sein\u00e4n kulmiin, ruuvinp\u00e4ihin, rakennuslevyihin ja muihin saumoihin. Paina heti Kiillon kulman vahviketeippi tai valmis kulmakappale tuoreelle Fibergum-kerrokselle ja peit\u00e4 se uudelleen vedeneristysmassalla. Varmista, ett\u00e4 vahvistuskangas on t\u00e4ysin kastunut.\nPutken l\u00e4pivientej\u00e4 varten vahvikepala n. Vahvistekankaasta on leikattava 10 \u00d7 10 cm ja sen keskelle reik\u00e4, jonka halkaisija on n. 4 mm pienempi kuin l\u00e4piviennin ulkohalkaisija. Vaihtoehtona voidaan k\u00e4ytt\u00e4\u00e4 Kiillon valmiita l\u00e4pivientivahvikekappaleita. Paina l\u00e4pivientivahvikekappale tuoreeseen vedeneristysmastiksiin varmistaen, ett\u00e4 se on t\u00e4ysin kastunut. Urat sek\u00e4 pysty- ja vaakasaumat voidaan tiivist\u00e4\u00e4 Kiilto XPU -tiivistemassalla kulmateippien sijaan ennen Fibergumin levitt\u00e4mist\u00e4. Levit\u00e4 Fibergumia telalla koko vesieristett\u00e4v\u00e4lle pinnalle ja anna kuivua n. 2 h (v\u00e4rinmuutos). Levit\u00e4 pintaan toinen kerros Fibergumia ja anna kuivua v\u00e4hint\u00e4\u00e4n 6 tuntia (v\u00e4rinmuutos). Tarkista vedeneristyskerroksen paksuus ja lis\u00e4\u00e4 ohuille ja\/tai huokoisille alueille mastiksia ja anna kuivua. Sein\u00e4n vedeneristyskerroksen tulee olla v\u00e4hint\u00e4\u00e4n 0,4 mm paksu.<\/p>\n<p>Aloita sein\u00e4n laatoitus toisesta rivist\u00e4, v\u00e4hint\u00e4\u00e4n 10 cm lattian yl\u00e4puolella. Asenna sein\u00e4laatat Kiilto-laattasekolla. Kun laattaseos on kuivunut, liimaa laatat Kiillon saumatasoitteella ja k\u00e4yt\u00e4 Kiillon saniteettisilikonia pystykulmien ja l\u00e4pivientien tiivist\u00e4miseen.<\/p>\n<p><strong>LATTIA:<\/strong> Hio ep\u00e4tasaiset aluspinnat ja tasoita m\u00e4rk\u00e4tila sopivalla Kiilto-lattiatasoituksella. Ennen vedeneristyst\u00e4 pohjamaalaa kuiva alusta Kiilto Fibergum Primer -liimadispersiolla ohjeen mukaan. Ennen vedeneristyst\u00e4 pohjamaalin on oltava kuiva.<\/p>\n<p>Vedeneristysmassa on aina sekoitettava ennen k\u00e4ytt\u00f6\u00e4. Levit\u00e4 Kiilto Fibergumia vaakasuoraan kulmiin ja l\u00e4pivientien ymp\u00e4rille ja paina heti Kiilto-kulmavahvistenauha tai valmis kulmakappale tuoreen vedeneristysmassan p\u00e4\u00e4lle. Levit\u00e4 kerros Fibergumia vahvistusteippiin ja varmista, ett\u00e4 vahvistusnauha on t\u00e4ysin kastunut.<\/p>\n<p>In the inner and outer corners, Kiilto&#8217;s ready-made inner and outer corner pieces can be used as an alternative.\u00a0Grooves and wall-to-floor joints can also be sealed with Kiilto XPU sealing compound before applying Fibergum.<\/p>\n<p>Aseta Kiillon itseliimautuva porrasvahvike ennen vesieristyst\u00e4 portaiden p\u00e4\u00e4lle, aiemmin pohjustetulle pinnalle ja hiero se huolellisesti. Levit\u00e4 Fibergumia vahvistuskankaalle kulutuspinnan vahvistuskappaleen reunojen ymp\u00e4rille siveltimell\u00e4. Kiilto Lattiavahvikekappaleita (2 kpl) voidaan my\u00f6s k\u00e4ytt\u00e4\u00e4: aseta kulutuspinnan vahvistuspala lattialle ja levit\u00e4 siihen Fibergumia, aseta sitten toinen kulutuspinnan vahvistuskappale p\u00e4\u00e4lle ja sivele my\u00f6s Fibergumilla. Leikkaa ympyr\u00e4 puolisuunnikkaan yl\u00e4puolelle, n. Reik\u00e4 pienempi kuin 60 mm:n ansan sis\u00e4halkaisija. Ty\u00f6nn\u00e4 kiristyshihna varovasti paikalleen. Levit\u00e4 kerros Fibergumia koko eristett\u00e4v\u00e4lle lattiapinnalle. Anna kuivua n. 2 tuntia (v\u00e4rinmuutos). Levit\u00e4 toinen kerros Fibergumia nousuputkien ja lattian pinnalle ja anna kuivua v\u00e4hint\u00e4\u00e4n 6 tuntia (v\u00e4rimuutos). Tarkista vedeneristyskerroksen paksuus ja levit\u00e4 mastiksia ohuille ja\/tai huokoisille alueille ja anna kuivua. Lattioiden vedeneristyskerroksen paksuuden tulee olla v\u00e4hint\u00e4\u00e4n 0,5 mm. Kiinnit\u00e4 lattialaatat Kiilto-laatoitusmassalla. Saumaa laatat Kiillon saumatasoitteella. Tiivist\u00e4 pysty- ja vaakakulmat sek\u00e4 l\u00e4piviennit Kiilto Saniteettisilikonill<\/p>\n<\/div>\n<p><img loading=\"lazy\" decoding=\"async\" class=\"alignnone size-medium wp-image-439\" src=\"https:\/\/profsystem.eu\/wp-content\/uploads\/2023\/10\/fix-e1697462443493-300x109.png\" alt=\"\" width=\"300\" height=\"109\" \/><\/p>","protected":false},"excerpt":{"rendered":"<p class=\"is-first-block\">Kuituvahvistettu yksikomponenttinen vedeneristysmasto, joka asennetaan kylpyhuoneen, saunan jne. sein\u00e4- ja lattialaattojen alle kosteisiin tiloihin.<\/p>\n<p class=\"h4\"><strong>Edut ja ominaisuudet<\/strong><\/p>\n<ul>\n<li>kuituvahvistettu<\/li>\n<li>yksikomponenttinen&lt;\/kulutus 0,6 l\/m\u00b2 \/ 0,8 kg seinille, 0,8 l\/m\u00b2 \/ 1,0 kg lattioille<\/li>\n<li>kuivumisaika 2 + 6 h<\/li>\n<\/ul>","protected":false},"featured_media":573,"comment_status":"open","ping_status":"closed","template":"","meta":{"_et_pb_use_builder":"","_et_pb_old_content":"","_et_gb_content_width":""},"product_cat":[20],"product_tag":[],"class_list":{"0":"post-572","1":"product","2":"type-product","3":"status-publish","4":"has-post-thumbnail","6":"product_cat-waterproofing","8":"first","9":"instock","10":"shipping-taxable","11":"product-type-simple"},"_links":{"self":[{"href":"https:\/\/profsystem.eu\/fi\/wp-json\/wp\/v2\/product\/572","targetHints":{"allow":["GET"]}}],"collection":[{"href":"https:\/\/profsystem.eu\/fi\/wp-json\/wp\/v2\/product"}],"about":[{"href":"https:\/\/profsystem.eu\/fi\/wp-json\/wp\/v2\/types\/product"}],"replies":[{"embeddable":true,"href":"https:\/\/profsystem.eu\/fi\/wp-json\/wp\/v2\/comments?post=572"}],"wp:featuredmedia":[{"embeddable":true,"href":"https:\/\/profsystem.eu\/fi\/wp-json\/wp\/v2\/media\/573"}],"wp:attachment":[{"href":"https:\/\/profsystem.eu\/fi\/wp-json\/wp\/v2\/media?parent=572"}],"wp:term":[{"taxonomy":"product_cat","embeddable":true,"href":"https:\/\/profsystem.eu\/fi\/wp-json\/wp\/v2\/product_cat?post=572"},{"taxonomy":"product_tag","embeddable":true,"href":"https:\/\/profsystem.eu\/fi\/wp-json\/wp\/v2\/product_tag?post=572"}],"curies":[{"name":"wp","href":"https:\/\/api.w.org\/{rel}","templated":true}]}}